{"id":1002,"date":"2022-03-24T13:44:24","date_gmt":"2022-03-24T13:44:24","guid":{"rendered":"https:\/\/www.z-sistem.com\/zs\/?page_id=1002"},"modified":"2022-03-29T09:09:21","modified_gmt":"2022-03-29T09:09:21","slug":"portatif-yer-kontrol-istasyonu","status":"publish","type":"page","link":"https:\/\/www.z-sistem.com\/zs\/portatif-yer-kontrol-istasyonu\/","title":{"rendered":"Portatif Yer Kontrol \u0130stasyonu"},"content":{"rendered":"\n\n\n<p><\/p>\n<!--themify_builder_content-->\n<div id=\"themify_builder_content-1002\" data-postid=\"1002\" class=\"themify_builder_content themify_builder_content-1002 themify_builder tf_clear\">\n    \t<!-- module_row -->\n\t<div  data-lazy=\"1\" class=\"module_row themify_builder_row repeat tb_cb1c364 tb_first tf_clearfix\" >\n\t    \t\t<div class=\"row_inner col_align_top col-count-1 tf_box tf_w tf_rel\">\n\t\t\t<div  data-lazy=\"1\" class=\"module_column tb-column col-full first tb_rt40365 tf_box\">\n\t\t\t    \t<\/div>\n\t\t    <\/div>\n\t    <!-- \/row_inner -->\n\t<\/div>\n\t<!-- \/module_row -->\n\t\t<!-- module_row -->\n\t<div  data-lazy=\"1\" class=\"module_row themify_builder_row repeat tb_68g4979 tf_clearfix\" >\n\t    \t\t<div class=\"row_inner col_align_top col-count-2 tf_box tf_w tf_rel\">\n\t\t\t<div  data-lazy=\"1\" class=\"module_column tb-column col2-1 first tb_drwn980 tf_box\">\n\t\t\t    \t        <div class=\"tb-column-inner tf_box tf_w\">\n\t\t    <!-- module image -->\n<div  class=\"module module-image tb_cot9374   image-top tf_mw\" data-lazy=\"1\">\n        <div class=\"image-wrap tf_rel tf_mw\">\n\t\t    <img loading=\"lazy\" decoding=\"async\" src=\"http:\/\/www.z-sistem.com\/zs\/wp-content\/uploads\/2022\/03\/pyki.png\" width=\"633\" height=\"330\" title=\"Portatif Yer Kontrol \u0130stasyonu\" alt=\"Portatif Yer Kontrol \u0130stasyonu\">\t\n\t\t<\/div>\n\t<!-- \/image-wrap -->\n    \n    \t<\/div>\n<!-- \/module image -->\t        <\/div>\n\t    \t<\/div>\n\t\t<div  data-lazy=\"1\" class=\"module_column tb-column col2-1 last tb_s3nm981 tf_box\">\n\t\t\t    \t        <div class=\"tb-column-inner tf_box tf_w\">\n\t\t    <!-- module text -->\n<div  class=\"module module-text tb_v7hf171   \" data-lazy=\"1\">\n        <div  class=\"tb_text_wrap\">\n    <h4>PORTAT\u0130F YER KONTROL \u0130STASYONU<\/h4>    <\/div>\n<\/div>\n<!-- \/module text --><!-- module divider -->\n<div  class=\"module tf_mw module-divider tb_utw635 solid  divider-custom divider-left\" style=\"border-width: 2px;border-color: #282561;width: 100px;\" data-lazy=\"1\">\n    <\/div>\n<!-- \/module divider -->\n\t        <\/div>\n\t    \t<\/div>\n\t\t    <\/div>\n\t    <!-- \/row_inner -->\n\t<\/div>\n\t<!-- \/module_row -->\n\t\t<!-- module_row -->\n\t<div  data-lazy=\"1\" class=\"module_row themify_builder_row repeat tb_xmse909 tf_clearfix\" >\n\t    \t\t<div class=\"row_inner col_align_top col-count-2 tf_box tf_w tf_rel\">\n\t\t\t<div  data-lazy=\"1\" style=\"width: 29.53%\" class=\"module_column tb-column col4-1 first tb_8zsn910 tf_box\">\n\t\t\t    \t        <div class=\"tb-column-inner tf_box tf_w\">\n\t\t    <!-- module text -->\n<div  class=\"module module-text tb_1fnz782   \" data-lazy=\"1\">\n        <div  class=\"tb_text_wrap\">\n    <h3>GENEL<\/h3><h4>TANIM<\/h4>    <\/div>\n<\/div>\n<!-- \/module text --><!-- module divider -->\n<div  class=\"module tf_mw module-divider tb_7868471 solid  divider-custom divider-left\" style=\"border-width: 2px;border-color: #282561;width: 100px;\" data-lazy=\"1\">\n    <\/div>\n<!-- \/module divider -->\n\t        <\/div>\n\t    \t<\/div>\n\t\t<div  data-lazy=\"1\" style=\"width: 67.27%\" class=\"module_column tb-column col4-3 last tb_fpaj910 tf_box\">\n\t\t\t    \t        <div class=\"tb-column-inner tf_box tf_w\">\n\t\t    <!-- module text -->\n<div  class=\"module module-text tb_sh4648   \" data-lazy=\"1\">\n        <div  class=\"tb_text_wrap\">\n    <p>Yer Kontrol \u0130stasyonu (YK\u0130), anl\u0131k olarak telemetri bilgisi, kumanda ve kontrol verisi aktar\u0131m\u0131 sa\u011flamaktad\u0131r. \u0130HA\u2019n\u0131n t\u00fcm fonksiyonlar\u0131n\u0131 y\u00f6netebilen ve tek ki\u015fi taraf\u0131ndan idare edilebilen sistem, ayn\u0131 zamanda kolayca ta\u015f\u0131nabilir ve kutusunda saklanabilir \u00f6zelliktedir.<\/p>    <\/div>\n<\/div>\n<!-- \/module text -->\t        <\/div>\n\t    \t<\/div>\n\t\t    <\/div>\n\t    <!-- \/row_inner -->\n\t<\/div>\n\t<!-- \/module_row -->\n\t\t<!-- module_row -->\n\t<div  data-lazy=\"1\" class=\"module_row themify_builder_row repeat tb_b8ta686 tf_clearfix\" >\n\t    \t\t<div class=\"row_inner col_align_top col-count-2 tf_box tf_w tf_rel\">\n\t\t\t<div  data-lazy=\"1\" style=\"width: 29.42%\" class=\"module_column tb-column col4-1 first tb_yels687 tf_box\">\n\t\t\t    \t        <div class=\"tb-column-inner tf_box tf_w\">\n\t\t    <!-- module text -->\n<div  class=\"module module-text tb_xc6k288   \" data-lazy=\"1\">\n        <div  class=\"tb_text_wrap\">\n    <h3>UYGULAMA\u00a0<\/h3><h4>ALANLARI<\/h4>    <\/div>\n<\/div>\n<!-- \/module text --><!-- module divider -->\n<div  class=\"module tf_mw module-divider tb_3qv2328 solid  divider-custom divider-left\" style=\"border-width: 2px;border-color: #282561;width: 100px;\" data-lazy=\"1\">\n    <\/div>\n<!-- \/module divider -->\n\t        <\/div>\n\t    \t<\/div>\n\t\t<div  data-lazy=\"1\" style=\"width: 67.38%\" class=\"module_column tb-column col4-3 last tb_qvhi688 tf_box\">\n\t\t\t    \t        <div class=\"tb-column-inner tf_box tf_w\">\n\t\t    <!-- module text -->\n<div  class=\"module module-text tb_tp62552   \" data-lazy=\"1\">\n        <div  class=\"tb_text_wrap\">\n    <ul>\n<li>Her t\u00fcrl\u00fc \u0130nsans\u0131z Hava Ara\u00e7lar\u0131nda kullan\u0131labilir.<\/li>\n<\/ul>    <\/div>\n<\/div>\n<!-- \/module text -->\t        <\/div>\n\t    \t<\/div>\n\t\t    <\/div>\n\t    <!-- \/row_inner -->\n\t<\/div>\n\t<!-- \/module_row -->\n\t\t<!-- module_row -->\n\t<div  data-lazy=\"1\" class=\"module_row themify_builder_row repeat tb_0q1t367 tf_clearfix\" >\n\t    \t\t<div class=\"row_inner col_align_top col-count-2 tf_box tf_w tf_rel\">\n\t\t\t<div  data-lazy=\"1\" style=\"width: 26.59%\" class=\"module_column tb-column col4-1 first tb_9bwz368 tf_box\">\n\t\t\t    \t        <div class=\"tb-column-inner tf_box tf_w\">\n\t\t    <!-- module text -->\n<div  class=\"module module-text tb_ijlk216   \" data-lazy=\"1\">\n        <div  class=\"tb_text_wrap\">\n    <h3>K\u0130L\u0130T\u00a0<\/h3><h4>\u00d6ZELL\u0130KLER<\/h4>    <\/div>\n<\/div>\n<!-- \/module text --><!-- module divider -->\n<div  class=\"module tf_mw module-divider tb_rzh4104 solid  divider-custom divider-left\" style=\"border-width: 2px;border-color: #282561;width: 100px;\" data-lazy=\"1\">\n    <\/div>\n<!-- \/module divider -->\n\t        <\/div>\n\t    \t<\/div>\n\t\t<div  data-lazy=\"1\" style=\"width: 70.21%\" class=\"module_column tb-column col4-3 last tb_nvzl368 tf_box\">\n\t\t\t    \t        <div class=\"tb-column-inner tf_box tf_w\">\n\t\t    <!-- module text -->\n<div  class=\"module module-text tb_h4xz449   \" data-lazy=\"1\">\n        <div  class=\"tb_text_wrap\">\n    <ul>\n<li>D\u00fc\u015f\u00fck G\u00fc\u00e7 T\u00fcketimi<\/li>\n<li>CAN-BUS Haberle\u015fme<\/li>\n<li>Aerodinamik Tasar\u0131m<\/li>\n<li>D\u00fc\u015f\u00fck A\u011f\u0131rl\u0131k<\/li>\n<\/ul>    <\/div>\n<\/div>\n<!-- \/module text -->\t        <\/div>\n\t    \t<\/div>\n\t\t    <\/div>\n\t    <!-- \/row_inner -->\n\t<\/div>\n\t<!-- \/module_row -->\n\t\t<!-- module_row -->\n\t<div  data-lazy=\"1\" class=\"module_row themify_builder_row repeat tb_iopu447 tf_clearfix\" >\n\t    \t\t<div class=\"row_inner col_align_top col-count-2 tf_box tf_w tf_rel\">\n\t\t\t<div  data-lazy=\"1\" style=\"width: 26.28%\" class=\"module_column tb-column col4-1 first tb_hmq9448 tf_box\">\n\t\t\t    \t        <div class=\"tb-column-inner tf_box tf_w\">\n\t\t    <!-- module text -->\n<div  class=\"module module-text tb_j37g58   \" data-lazy=\"1\">\n        <div  class=\"tb_text_wrap\">\n    <h3><span style=\"font-weight: 600; letter-spacing: 0.05em;\">BOYUTLAR<\/span><\/h3>    <\/div>\n<\/div>\n<!-- \/module text --><!-- module divider -->\n<div  class=\"module tf_mw module-divider tb_gf59186 solid  divider-custom divider-left\" style=\"border-width: 2px;border-color: #282561;width: 100px;\" data-lazy=\"1\">\n    <\/div>\n<!-- \/module divider -->\n\t        <\/div>\n\t    \t<\/div>\n\t\t<div  data-lazy=\"1\" style=\"width: 70.52%\" class=\"module_column tb-column col4-3 last tb_83em449 tf_box\">\n\t\t\t    \t        <div class=\"tb-column-inner tf_box tf_w\">\n\t\t    <!-- module image -->\n<div  class=\"module module-image tb_r9hs377   image-top tf_mw\" data-lazy=\"1\">\n        <div class=\"image-wrap tf_rel tf_mw\">\n\t\t    <img loading=\"lazy\" decoding=\"async\" src=\"http:\/\/www.z-sistem.com\/zs\/wp-content\/uploads\/2022\/03\/portatif_yer_kontol_istasyonu_boyut.png\" width=\"564\" height=\"379\" title=\"Portatif Yer Kontrol \u0130stasyonu\" alt=\"Portatif Yer Kontrol \u0130stasyonu\">\t\n\t\t<\/div>\n\t<!-- \/image-wrap -->\n    \n    \t<\/div>\n<!-- \/module image -->\t        <\/div>\n\t    \t<\/div>\n\t\t    <\/div>\n\t    <!-- \/row_inner -->\n\t<\/div>\n\t<!-- \/module_row -->\n\t\t<!-- module_row -->\n\t<div  data-lazy=\"1\" class=\"module_row themify_builder_row repeat tb_m430912 tf_clearfix\" >\n\t    \t\t<div class=\"row_inner col_align_top col-count-2 tf_box tf_w tf_rel\">\n\t\t\t<div  data-lazy=\"1\" style=\"width: 28.61%\" class=\"module_column tb-column col4-1 first tb_1vzq913 tf_box\">\n\t\t\t    \t        <div class=\"tb-column-inner tf_box tf_w\">\n\t\t    <!-- module text -->\n<div  class=\"module module-text tb_509e346  repeat \" data-lazy=\"1\">\n        <div  class=\"tb_text_wrap\">\n    <h3><span style=\"font-weight: 600; letter-spacing: 0.05em;\">\u00d6ZELL\u0130KLER<\/span><\/h3>    <\/div>\n<\/div>\n<!-- \/module text --><!-- module divider -->\n<div  class=\"module tf_mw module-divider tb_ezai650 solid  divider-custom divider-left\" style=\"border-width: 2px;border-color: #282561;width: 100px;\" data-lazy=\"1\">\n    <\/div>\n<!-- \/module divider -->\n\t        <\/div>\n\t    \t<\/div>\n\t\t<div  data-lazy=\"1\" style=\"width: 68.19%\" class=\"module_column tb-column col4-3 last tb_ywlf914 tf_box\">\n\t\t\t    \t        <div class=\"tb-column-inner tf_box tf_w\">\n\t\t    <!-- module text -->\n<div  class=\"module module-text tb_qtw9331   \" data-lazy=\"1\">\n        <div  class=\"tb_text_wrap\">\n    <p><!-- wp:table {\"className\":\"is-style-stripes\"} --><\/p>\n<figure class=\"wp-block-table is-style-stripes\">\n<table>\n<tbody>\n<tr>\n<td>Ebatlar<\/td>\n<td>49\u00d724\u00d74 cm<\/td>\n<\/tr>\n<tr>\n<td>A\u011f\u0131rl\u0131k<\/td>\n<td>3200 gr<\/td>\n<\/tr>\n<tr>\n<td>\u015earj etme s\u00fcresi<\/td>\n<td>3 saat<\/td>\n<\/tr>\n<tr>\n<td>\u015earj Dayan\u0131m\u0131<\/td>\n<td>&gt;4 saat<\/td>\n<\/tr>\n<tr>\n<td>\u0130\u015fletim Sistemi<\/td>\n<td>Linux \/ Windows<\/td>\n<\/tr>\n<tr>\n<td>Aray\u00fcz<\/td>\n<td>2 x RC kumanda kolu, 6 x On\/off<br>anahtar<\/td>\n<\/tr>\n<tr>\n<td>Ba\u011flant\u0131 Aray\u00fczleri<\/td>\n<td>1xUSB, 1\u00d7Ethernet<\/td>\n<\/tr>\n<tr>\n<td>\u0130leti\u015fim Menzili<\/td>\n<td>&lt;5 km<\/td>\n<\/tr>\n<tr>\n<td>\u0130leti\u015fim<\/td>\n<td>1W 900MHz<\/td>\n<\/tr>\n<tr>\n<td>\u00c7al\u0131\u015fma S\u0131cakl\u0131\u011f\u0131<\/td>\n<td>-5\u00b0C +40\u00b0C<\/td>\n<\/tr>\n<tr>\n<td>Ekran Tipi<\/td>\n<td>13.3\u201d G\u00fcne\u015f alt\u0131nda g\u00f6r\u00fclebilir IPS<\/td>\n<\/tr>\n<\/tbody>\n<\/table>\n<\/figure>\n<p><!-- \/wp:table --><\/p>    <\/div>\n<\/div>\n<!-- \/module text -->\t        <\/div>\n\t    \t<\/div>\n\t\t    <\/div>\n\t    <!-- \/row_inner -->\n\t<\/div>\n\t<!-- \/module_row -->\n\t<\/div>\n<!--\/themify_builder_content-->\n","protected":false},"excerpt":{"rendered":"","protected":false},"author":1,"featured_media":0,"parent":0,"menu_order":0,"comment_status":"closed","ping_status":"closed","template":"","meta":{"footnotes":""},"class_list":["post-1002","page","type-page","status-publish","hentry","has-post-title","has-post-date","has-post-category","has-post-tag","has-post-comment","has-post-author",""],"builder_content":"<img src=\"http:\/\/www.z-sistem.com\/zs\/wp-content\/uploads\/2022\/03\/pyki.png\" width=\"633\" height=\"330\" title=\"Portatif Yer Kontrol \u0130stasyonu\" alt=\"Portatif Yer Kontrol \u0130stasyonu\">\n<h4>PORTAT\u0130F YER KONTROL \u0130STASYONU<\/h4>\n\n<h3>GENEL<\/h3><h4>TANIM<\/h4>\n\n<p>Yer Kontrol \u0130stasyonu (YK\u0130), anl\u0131k olarak telemetri bilgisi, kumanda ve kontrol verisi aktar\u0131m\u0131 sa\u011flamaktad\u0131r. \u0130HA\u2019n\u0131n t\u00fcm fonksiyonlar\u0131n\u0131 y\u00f6netebilen ve tek ki\u015fi taraf\u0131ndan idare edilebilen sistem, ayn\u0131 zamanda kolayca ta\u015f\u0131nabilir ve kutusunda saklanabilir \u00f6zelliktedir.<\/p>\n<h3>UYGULAMA\u00a0<\/h3><h4>ALANLARI<\/h4>\n\n<ul> <li>Her t\u00fcrl\u00fc \u0130nsans\u0131z Hava Ara\u00e7lar\u0131nda kullan\u0131labilir.<\/li> <\/ul>\n<h3>K\u0130L\u0130T\u00a0<\/h3><h4>\u00d6ZELL\u0130KLER<\/h4>\n\n<ul> <li>D\u00fc\u015f\u00fck G\u00fc\u00e7 T\u00fcketimi<\/li> <li>CAN-BUS Haberle\u015fme<\/li> <li>Aerodinamik Tasar\u0131m<\/li> <li>D\u00fc\u015f\u00fck A\u011f\u0131rl\u0131k<\/li> <\/ul>\n<h3>BOYUTLAR<\/h3>\n\n<img src=\"http:\/\/www.z-sistem.com\/zs\/wp-content\/uploads\/2022\/03\/portatif_yer_kontol_istasyonu_boyut.png\" width=\"564\" height=\"379\" title=\"Portatif Yer Kontrol \u0130stasyonu\" alt=\"Portatif Yer Kontrol \u0130stasyonu\">\n<h3>\u00d6ZELL\u0130KLER<\/h3>\n\n<p><\/p> <figure> <table> <tbody> <tr> <td>Ebatlar<\/td> <td>49\u00d724\u00d74 cm<\/td> <\/tr> <tr> <td>A\u011f\u0131rl\u0131k<\/td> <td>3200 gr<\/td> <\/tr> <tr> <td>\u015earj etme s\u00fcresi<\/td> <td>3 saat<\/td> <\/tr> <tr> <td>\u015earj Dayan\u0131m\u0131<\/td> <td>&gt;4 saat<\/td> <\/tr> <tr> <td>\u0130\u015fletim Sistemi<\/td> <td>Linux \/ Windows<\/td> <\/tr> <tr> <td>Aray\u00fcz<\/td> <td>2 x RC kumanda kolu, 6 x On\/off<br>anahtar<\/td> <\/tr> <tr> <td>Ba\u011flant\u0131 Aray\u00fczleri<\/td> <td>1xUSB, 1\u00d7Ethernet<\/td> <\/tr> <tr> <td>\u0130leti\u015fim Menzili<\/td> <td>&lt;5 km<\/td> <\/tr> <tr> <td>\u0130leti\u015fim<\/td> <td>1W 900MHz<\/td> <\/tr> <tr> <td>\u00c7al\u0131\u015fma S\u0131cakl\u0131\u011f\u0131<\/td> <td>-5\u00b0C +40\u00b0C<\/td> <\/tr> <tr> <td>Ekran Tipi<\/td> <td>13.3\u201d G\u00fcne\u015f alt\u0131nda g\u00f6r\u00fclebilir IPS<\/td> <\/tr> <\/tbody> <\/table> <\/figure> <p><\/p>","_links":{"self":[{"href":"https:\/\/www.z-sistem.com\/zs\/wp-json\/wp\/v2\/pages\/1002","targetHints":{"allow":["GET"]}}],"collection":[{"href":"https:\/\/www.z-sistem.com\/zs\/wp-json\/wp\/v2\/pages"}],"about":[{"href":"https:\/\/www.z-sistem.com\/zs\/wp-json\/wp\/v2\/types\/page"}],"author":[{"embeddable":true,"href":"https:\/\/www.z-sistem.com\/zs\/wp-json\/wp\/v2\/users\/1"}],"replies":[{"embeddable":true,"href":"https:\/\/www.z-sistem.com\/zs\/wp-json\/wp\/v2\/comments?post=1002"}],"version-history":[{"count":19,"href":"https:\/\/www.z-sistem.com\/zs\/wp-json\/wp\/v2\/pages\/1002\/revisions"}],"predecessor-version":[{"id":1784,"href":"https:\/\/www.z-sistem.com\/zs\/wp-json\/wp\/v2\/pages\/1002\/revisions\/1784"}],"wp:attachment":[{"href":"https:\/\/www.z-sistem.com\/zs\/wp-json\/wp\/v2\/media?parent=1002"}],"curies":[{"name":"wp","href":"https:\/\/api.w.org\/{rel}","templated":true}]}}