{"id":1463,"date":"2022-03-28T11:49:14","date_gmt":"2022-03-28T11:49:14","guid":{"rendered":"https:\/\/www.z-sistem.com\/zs\/?page_id=1463"},"modified":"2022-04-04T10:42:31","modified_gmt":"2022-04-04T10:42:31","slug":"pnomatik-kalkis-rampasi","status":"publish","type":"page","link":"https:\/\/www.z-sistem.com\/zs\/pnomatik-kalkis-rampasi\/","title":{"rendered":"Pn\u00f6matik Kalk\u0131\u015f Rampas\u0131"},"content":{"rendered":"<p><\/p><!--themify_builder_content-->\n<div id=\"themify_builder_content-1463\" data-postid=\"1463\" class=\"themify_builder_content themify_builder_content-1463 themify_builder tf_clear\">\n    \t<!-- module_row -->\n\t<div  data-lazy=\"1\" class=\"module_row themify_builder_row repeat tb_s6dr628 tb_first tf_clearfix\" >\n\t    \t\t<div class=\"row_inner col_align_top col-count-1 tf_box tf_w tf_rel\">\n\t\t\t<div  data-lazy=\"1\" class=\"module_column tb-column col-full first tb_jfg9629 tf_box\">\n\t\t\t    \t<\/div>\n\t\t    <\/div>\n\t    <!-- \/row_inner -->\n\t<\/div>\n\t<!-- \/module_row -->\n\t\t<!-- module_row -->\n\t<div  data-lazy=\"1\" class=\"module_row themify_builder_row repeat tb_bwza730 tf_clearfix\" >\n\t    \t\t<div class=\"row_inner col_align_top col-count-2 tf_box tf_w tf_rel\">\n\t\t\t<div  data-lazy=\"1\" class=\"module_column tb-column col4-2 first tb_n3ei730 tf_box\">\n\t\t\t    \t        <div class=\"tb-column-inner tf_box tf_w\">\n\t\t    <!-- module image -->\n<div  class=\"module module-image tb_zh2y700   image-top tf_mw\" data-lazy=\"1\">\n        <div class=\"image-wrap tf_rel tf_mw\">\n\t\t    <img loading=\"lazy\" decoding=\"async\" src=\"http:\/\/www.z-sistem.com\/zs\/wp-content\/uploads\/2022\/03\/pnomatik_kalkis_rampasi.png\" width=\"565\" height=\"228\" title=\"Pn\u00f6matik Kalk\u0131\u015f Rampas\u0131\" alt=\"Pn\u00f6matik Kalk\u0131\u015f Rampas\u0131\">\t\n\t\t<\/div>\n\t<!-- \/image-wrap -->\n    \n    \t<\/div>\n<!-- \/module image -->\t        <\/div>\n\t    \t<\/div>\n\t\t<div  data-lazy=\"1\" class=\"module_column tb-column col4-2 last tb_15lm731 tf_box\">\n\t\t\t    \t        <div class=\"tb-column-inner tf_box tf_w\">\n\t\t    <!-- module text -->\n<div  class=\"module module-text tb_78mq780   \" data-lazy=\"1\">\n        <div  class=\"tb_text_wrap\">\n    <h4>PN\u00d6MAT\u0130K KALKI\u015e RAMPASI<\/h4>    <\/div>\n<\/div>\n<!-- \/module text --><!-- module divider -->\n<div  class=\"module tf_mw module-divider tb_ytfv129 solid  divider-custom divider-left\" style=\"border-width: 2px;border-color: #282561;width: 100px;\" data-lazy=\"1\">\n    <\/div>\n<!-- \/module divider -->\n\t        <\/div>\n\t    \t<\/div>\n\t\t    <\/div>\n\t    <!-- \/row_inner -->\n\t<\/div>\n\t<!-- \/module_row -->\n\t\t<!-- module_row -->\n\t<div  data-lazy=\"1\" class=\"module_row themify_builder_row repeat tb_tepa627 tf_clearfix\" >\n\t    \t\t<div class=\"row_inner col_align_top col-count-2 tf_box tf_w tf_rel\">\n\t\t\t<div  data-lazy=\"1\" class=\"module_column tb-column col4-1 first tb_aowp628 tf_box\">\n\t\t\t    \t        <div class=\"tb-column-inner tf_box tf_w\">\n\t\t    <!-- module text -->\n<div  class=\"module module-text tb_hpwf510   \" data-lazy=\"1\">\n        <div  class=\"tb_text_wrap\">\n    <h3>GENEL\u00a0<\/h3><h4>TANIM<\/h4>    <\/div>\n<\/div>\n<!-- \/module text --><!-- module divider -->\n<div  class=\"module tf_mw module-divider tb_m9c5510 solid  divider-custom divider-left\" style=\"border-width: 2px;border-color: #282561;width: 100px;\" data-lazy=\"1\">\n    <\/div>\n<!-- \/module divider -->\n\t        <\/div>\n\t    \t<\/div>\n\t\t<div  data-lazy=\"1\" class=\"module_column tb-column col4-3 last tb_ef2t628 tf_box\">\n\t\t\t    \t        <div class=\"tb-column-inner tf_box tf_w\">\n\t\t    <!-- module text -->\n<div  class=\"module module-text tb_6lsu194   \" data-lazy=\"1\">\n        <div  class=\"tb_text_wrap\">\n    <p>Pn\u00f6matik Kalk\u0131\u015f Rampas\u0131 el kontrol \u00fcnitesi ile f\u0131rlatma bas\u0131nc\u0131n\u0131 ayarlayan, \u00f6l\u00e7en ve otomatik e\u015fitleyen bir sisteme ve bataryadan g\u00fc\u00e7 alan, hafif ve h\u0131zl\u0131 kurulan bir tasar\u0131ma sahiptir.<\/p>    <\/div>\n<\/div>\n<!-- \/module text -->\t        <\/div>\n\t    \t<\/div>\n\t\t    <\/div>\n\t    <!-- \/row_inner -->\n\t<\/div>\n\t<!-- \/module_row -->\n\t\t<!-- module_row -->\n\t<div  data-lazy=\"1\" class=\"module_row themify_builder_row repeat tb_f41u444 tf_clearfix\" >\n\t    \t\t<div class=\"row_inner col_align_top col-count-2 tf_box tf_w tf_rel\">\n\t\t\t<div  data-lazy=\"1\" style=\"width: 24.19%\" class=\"module_column tb-column col4-1 first tb_nvvd445 tf_box\">\n\t\t\t    \t        <div class=\"tb-column-inner tf_box tf_w\">\n\t\t    <!-- module text -->\n<div  class=\"module module-text tb_fnmy734   \" data-lazy=\"1\">\n        <div  class=\"tb_text_wrap\">\n    <h3>UYGULAMA<\/h3><h4>ALANLARI<\/h4>    <\/div>\n<\/div>\n<!-- \/module text --><!-- module divider -->\n<div  class=\"module tf_mw module-divider tb_c62a646 solid  divider-custom divider-left\" style=\"border-width: 2px;border-color: #282561;width: 100px;\" data-lazy=\"1\">\n    <\/div>\n<!-- \/module divider -->\n\t        <\/div>\n\t    \t<\/div>\n\t\t<div  data-lazy=\"1\" style=\"width: 72.61%\" class=\"module_column tb-column col4-3 last tb_ztk2445 tf_box\">\n\t\t\t    \t        <div class=\"tb-column-inner tf_box tf_w\">\n\t\t    <!-- module text -->\n<div  class=\"module module-text tb_0ygo634   \" data-lazy=\"1\">\n        <div  class=\"tb_text_wrap\">\n    <ul>\n<li>\u0130nsans\u0131z Hava Ara\u00e7lar\u0131n\u0131n pist ihtiyac\u0131 olmaks\u0131z\u0131n kalk\u0131\u015f\u0131n\u0131 sa\u011flayan sistem<\/li>\n<\/ul>    <\/div>\n<\/div>\n<!-- \/module text -->\t        <\/div>\n\t    \t<\/div>\n\t\t    <\/div>\n\t    <!-- \/row_inner -->\n\t<\/div>\n\t<!-- \/module_row -->\n\t\t<!-- module_row -->\n\t<div  data-lazy=\"1\" class=\"module_row themify_builder_row repeat tb_ijgo541 tf_clearfix\" >\n\t    \t\t<div class=\"row_inner col_align_top col-count-2 tf_box tf_w tf_rel\">\n\t\t\t<div  data-lazy=\"1\" style=\"width: 24.99%\" class=\"module_column tb-column col4-1 first tb_jgpe542 tf_box\">\n\t\t\t    \t        <div class=\"tb-column-inner tf_box tf_w\">\n\t\t    <!-- module text -->\n<div  class=\"module module-text tb_vd96663  repeat \" data-lazy=\"1\">\n        <div  class=\"tb_text_wrap\">\n    <h3>K\u0130L\u0130T\u00a0<\/h3><h4>\u00d6ZELL\u0130KLER<\/h4>    <\/div>\n<\/div>\n<!-- \/module text --><!-- module divider -->\n<div  class=\"module tf_mw module-divider tb_tmed774 solid  divider-custom divider-left\" style=\"border-width: 2px;border-color: #282561;width: 100px;\" data-lazy=\"1\">\n    <\/div>\n<!-- \/module divider -->\n\t        <\/div>\n\t    \t<\/div>\n\t\t<div  data-lazy=\"1\" style=\"width: 71.81%\" class=\"module_column tb-column col4-3 last tb_9flk543 tf_box\">\n\t\t\t    \t        <div class=\"tb-column-inner tf_box tf_w\">\n\t\t    <!-- module text -->\n<div  class=\"module module-text tb_o95g94   \" data-lazy=\"1\">\n        <div  class=\"tb_text_wrap\">\n    <ul>\n<li>D\u00fc\u015f\u00fck ses ve g\u00f6r\u00fcnt\u00fc izi<\/li>\n<li>Tarla ve sert arazide hareket i\u00e7in hafif tasar\u0131m<\/li>\n<li>\u0130stenmeyen f\u0131rlatmay\u0131 engellemek i\u00e7in g\u00fcvenlik kilidi<\/li>\n<li>\u0130ki personel ile 15 dakikada kurulum<\/li>\n<li>K\u0131sa s\u00fcre aral\u0131klar\u0131 ile art arda f\u0131rlatma<\/li>\n<li>Mikro i\u015flemcili kumanda<\/li>\n<\/ul>    <\/div>\n<\/div>\n<!-- \/module text -->\t        <\/div>\n\t    \t<\/div>\n\t\t    <\/div>\n\t    <!-- \/row_inner -->\n\t<\/div>\n\t<!-- \/module_row -->\n\t\t<!-- module_row -->\n\t<div  data-lazy=\"1\" class=\"module_row themify_builder_row repeat tb_ma3o477 tf_clearfix\" >\n\t    \t\t<div class=\"row_inner col_align_top col-count-2 tf_box tf_w tf_rel\">\n\t\t\t<div  data-lazy=\"1\" class=\"module_column tb-column col4-1 first tb_cxm5478 tf_box\">\n\t\t\t    \t        <div class=\"tb-column-inner tf_box tf_w\">\n\t\t    <!-- module text -->\n<div  class=\"module module-text tb_y1is577   \" data-lazy=\"1\">\n        <div  class=\"tb_text_wrap\">\n    <h4>BOYUTLAR<\/h4>    <\/div>\n<\/div>\n<!-- \/module text --><!-- module divider -->\n<div  class=\"module tf_mw module-divider tb_bgc3312 solid  divider-custom divider-left\" style=\"border-width: 2px;border-color: #282561;width: 100px;\" data-lazy=\"1\">\n    <\/div>\n<!-- \/module divider -->\n\t        <\/div>\n\t    \t<\/div>\n\t\t<div  data-lazy=\"1\" class=\"module_column tb-column col4-3 last tb_ii41478 tf_box\">\n\t\t\t    \t        <div class=\"tb-column-inner tf_box tf_w\">\n\t\t    <!-- module image -->\n<div  class=\"module module-image tb_9qyx313   image-top tf_mw\" data-lazy=\"1\">\n        <div class=\"image-wrap tf_rel tf_mw\">\n\t\t    <img loading=\"lazy\" decoding=\"async\" src=\"http:\/\/www.z-sistem.com\/zs\/wp-content\/uploads\/2022\/03\/pnomatik_kalkis_rampasi_boyut.png\" width=\"740\" height=\"246\" title=\"Pn\u00f6matik Kalk\u0131\u015f Rampas\u0131\" alt=\"Pn\u00f6matik Kalk\u0131\u015f Rampas\u0131\">\t\n\t\t<\/div>\n\t<!-- \/image-wrap -->\n    \n    \t<\/div>\n<!-- \/module image -->\t        <\/div>\n\t    \t<\/div>\n\t\t    <\/div>\n\t    <!-- \/row_inner -->\n\t<\/div>\n\t<!-- \/module_row -->\n\t\t<!-- module_row -->\n\t<div  data-lazy=\"1\" class=\"module_row themify_builder_row repeat tb_dols247 tf_clearfix\" >\n\t    \t\t<div class=\"row_inner col_align_top col-count-2 tf_box tf_w tf_rel\">\n\t\t\t<div  data-lazy=\"1\" style=\"width: 23.04%\" class=\"module_column tb-column col4-1 first tb_09u0248 tf_box\">\n\t\t\t    \t        <div class=\"tb-column-inner tf_box tf_w\">\n\t\t    <!-- module text -->\n<div  class=\"module module-text tb_bxhf397   \" data-lazy=\"1\">\n        <div  class=\"tb_text_wrap\">\n    <h4>\u00d6ZELL\u0130KLER<\/h4>    <\/div>\n<\/div>\n<!-- \/module text --><!-- module divider -->\n<div  class=\"module tf_mw module-divider tb_txy9362 solid  divider-custom divider-left\" style=\"border-width: 2px;border-color: #282561;width: 100px;\" data-lazy=\"1\">\n    <\/div>\n<!-- \/module divider -->\n\t        <\/div>\n\t    \t<\/div>\n\t\t<div  data-lazy=\"1\" style=\"width: 73.76%\" class=\"module_column tb-column col4-3 last tb_celw248 tf_box\">\n\t\t\t    \t        <div class=\"tb-column-inner tf_box tf_w\">\n\t\t    <!-- module text -->\n<div  class=\"module module-text tb_5ecb801   \" data-lazy=\"1\">\n        <div  class=\"tb_text_wrap\">\n    <p><!-- wp:table {\"className\":\"is-style-stripes\"} --><\/p>\n<figure class=\"wp-block-table is-style-stripes\">\n<table>\n<tbody>\n<tr>\n<td>Ray Uzunlu\u011fu(kurulu)<\/td>\n<td>4 m<\/td>\n<\/tr>\n<tr>\n<td>F\u0131rlatma A\u00e7\u0131s\u0131<\/td>\n<td>10\u00b0C<\/td>\n<\/tr>\n<tr>\n<td>Maksimum F\u0131rlatma Enerjisi<\/td>\n<td>14 kj<\/td>\n<\/tr>\n<tr>\n<td>Maksimum UAV A\u011f\u0131rl\u0131\u011f\u0131<\/td>\n<td>30 kg<\/td>\n<\/tr>\n<tr>\n<td>Maksimum F\u0131rlatma H\u0131z\u0131<\/td>\n<td>80 km<\/td>\n<\/tr>\n<tr>\n<td>Maksimum F\u0131rlatma Bas\u0131nc\u0131<\/td>\n<td>8 ATM<\/td>\n<\/tr>\n<tr>\n<td>Giri\u015f Voltaj\u0131<\/td>\n<td>12 V<\/td>\n<\/tr>\n<tr>\n<td>Tam Dolma Zaman\u0131<\/td>\n<td>&lt;10 dakika<\/td>\n<\/tr>\n<tr>\n<td>\u00c7al\u0131\u015fma S\u0131cakl\u0131\u011f\u0131<\/td>\n<td>-15\u00b0C +50\u00b0C<\/td>\n<\/tr>\n<tr>\n<td>Ta\u015f\u0131ma<\/td>\n<td>1630 x 270 x 450 cm, Dayan\u0131kl\u0131<\/td>\n<\/tr>\n<\/tbody>\n<\/table>\n<\/figure>    <\/div>\n<\/div>\n<!-- \/module text -->\t        <\/div>\n\t    \t<\/div>\n\t\t    <\/div>\n\t    <!-- \/row_inner -->\n\t<\/div>\n\t<!-- \/module_row -->\n\t<\/div>\n<!--\/themify_builder_content-->","protected":false},"excerpt":{"rendered":"<p>PN\u00d6MAT\u0130K KALKI\u015e RAMPASI GENEL\u00a0 TANIM Pn\u00f6matik Kalk\u0131\u015f Rampas\u0131 el kontrol \u00fcnitesi ile f\u0131rlatma bas\u0131nc\u0131n\u0131 ayarlayan, \u00f6l\u00e7en ve otomatik e\u015fitleyen bir sisteme ve bataryadan g\u00fc\u00e7 alan, hafif ve h\u0131zl\u0131 kurulan bir tasar\u0131ma sahiptir. UYGULAMA ALANLARI \u0130nsans\u0131z Hava Ara\u00e7lar\u0131n\u0131n pist ihtiyac\u0131 olmaks\u0131z\u0131n kalk\u0131\u015f\u0131n\u0131 sa\u011flayan sistem K\u0130L\u0130T\u00a0 \u00d6ZELL\u0130KLER D\u00fc\u015f\u00fck ses ve g\u00f6r\u00fcnt\u00fc izi Tarla ve sert arazide hareket [&hellip;]<\/p>\n","protected":false},"author":1,"featured_media":0,"parent":0,"menu_order":0,"comment_status":"closed","ping_status":"closed","template":"","meta":{"footnotes":""},"class_list":["post-1463","page","type-page","status-publish","hentry","has-post-title","has-post-date","has-post-category","has-post-tag","has-post-comment","has-post-author",""],"builder_content":"<img src=\"http:\/\/www.z-sistem.com\/zs\/wp-content\/uploads\/2022\/03\/pnomatik_kalkis_rampasi.png\" width=\"565\" height=\"228\" title=\"Pn\u00f6matik Kalk\u0131\u015f Rampas\u0131\" alt=\"Pn\u00f6matik Kalk\u0131\u015f Rampas\u0131\">\n<h4>PN\u00d6MAT\u0130K KALKI\u015e RAMPASI<\/h4>\n\n<h3>GENEL\u00a0<\/h3><h4>TANIM<\/h4>\n\n<p>Pn\u00f6matik Kalk\u0131\u015f Rampas\u0131 el kontrol \u00fcnitesi ile f\u0131rlatma bas\u0131nc\u0131n\u0131 ayarlayan, \u00f6l\u00e7en ve otomatik e\u015fitleyen bir sisteme ve bataryadan g\u00fc\u00e7 alan, hafif ve h\u0131zl\u0131 kurulan bir tasar\u0131ma sahiptir.<\/p>\n<h3>UYGULAMA<\/h3><h4>ALANLARI<\/h4>\n\n<ul> <li>\u0130nsans\u0131z Hava Ara\u00e7lar\u0131n\u0131n pist ihtiyac\u0131 olmaks\u0131z\u0131n kalk\u0131\u015f\u0131n\u0131 sa\u011flayan sistem<\/li> <\/ul>\n<h3>K\u0130L\u0130T\u00a0<\/h3><h4>\u00d6ZELL\u0130KLER<\/h4>\n\n<ul> <li>D\u00fc\u015f\u00fck ses ve g\u00f6r\u00fcnt\u00fc izi<\/li> <li>Tarla ve sert arazide hareket i\u00e7in hafif tasar\u0131m<\/li> <li>\u0130stenmeyen f\u0131rlatmay\u0131 engellemek i\u00e7in g\u00fcvenlik kilidi<\/li> <li>\u0130ki personel ile 15 dakikada kurulum<\/li> <li>K\u0131sa s\u00fcre aral\u0131klar\u0131 ile art arda f\u0131rlatma<\/li> <li>Mikro i\u015flemcili kumanda<\/li> <\/ul>\n<h4>BOYUTLAR<\/h4>\n\n<img src=\"http:\/\/www.z-sistem.com\/zs\/wp-content\/uploads\/2022\/03\/pnomatik_kalkis_rampasi_boyut.png\" width=\"740\" height=\"246\" title=\"Pn\u00f6matik Kalk\u0131\u015f Rampas\u0131\" alt=\"Pn\u00f6matik Kalk\u0131\u015f Rampas\u0131\">\n<h4>\u00d6ZELL\u0130KLER<\/h4>\n\n<p><\/p> <figure> <table> <tbody> <tr> <td>Ray Uzunlu\u011fu(kurulu)<\/td> <td>4 m<\/td> <\/tr> <tr> <td>F\u0131rlatma A\u00e7\u0131s\u0131<\/td> <td>10\u00b0C<\/td> <\/tr> <tr> <td>Maksimum F\u0131rlatma Enerjisi<\/td> <td>14 kj<\/td> <\/tr> <tr> <td>Maksimum UAV A\u011f\u0131rl\u0131\u011f\u0131<\/td> <td>30 kg<\/td> <\/tr> <tr> <td>Maksimum F\u0131rlatma H\u0131z\u0131<\/td> <td>80 km<\/td> <\/tr> <tr> <td>Maksimum F\u0131rlatma Bas\u0131nc\u0131<\/td> <td>8 ATM<\/td> <\/tr> <tr> <td>Giri\u015f Voltaj\u0131<\/td> <td>12 V<\/td> <\/tr> <tr> <td>Tam Dolma Zaman\u0131<\/td> <td>&lt;10 dakika<\/td> <\/tr> <tr> <td>\u00c7al\u0131\u015fma S\u0131cakl\u0131\u011f\u0131<\/td> <td>-15\u00b0C +50\u00b0C<\/td> <\/tr> <tr> <td>Ta\u015f\u0131ma<\/td> <td>1630 x 270 x 450 cm, Dayan\u0131kl\u0131<\/td> <\/tr> <\/tbody> <\/table> <\/figure>","_links":{"self":[{"href":"https:\/\/www.z-sistem.com\/zs\/wp-json\/wp\/v2\/pages\/1463","targetHints":{"allow":["GET"]}}],"collection":[{"href":"https:\/\/www.z-sistem.com\/zs\/wp-json\/wp\/v2\/pages"}],"about":[{"href":"https:\/\/www.z-sistem.com\/zs\/wp-json\/wp\/v2\/types\/page"}],"author":[{"embeddable":true,"href":"https:\/\/www.z-sistem.com\/zs\/wp-json\/wp\/v2\/users\/1"}],"replies":[{"embeddable":true,"href":"https:\/\/www.z-sistem.com\/zs\/wp-json\/wp\/v2\/comments?post=1463"}],"version-history":[{"count":13,"href":"https:\/\/www.z-sistem.com\/zs\/wp-json\/wp\/v2\/pages\/1463\/revisions"}],"predecessor-version":[{"id":2291,"href":"https:\/\/www.z-sistem.com\/zs\/wp-json\/wp\/v2\/pages\/1463\/revisions\/2291"}],"wp:attachment":[{"href":"https:\/\/www.z-sistem.com\/zs\/wp-json\/wp\/v2\/media?parent=1463"}],"curies":[{"name":"wp","href":"https:\/\/api.w.org\/{rel}","templated":true}]}}