{"id":1599,"date":"2022-03-28T14:27:06","date_gmt":"2022-03-28T14:27:06","guid":{"rendered":"https:\/\/www.z-sistem.com\/zs\/?page_id=1599"},"modified":"2022-04-04T10:33:43","modified_gmt":"2022-04-04T10:33:43","slug":"otopilot","status":"publish","type":"page","link":"https:\/\/www.z-sistem.com\/zs\/otopilot\/","title":{"rendered":"Otopilot"},"content":{"rendered":"<!--themify_builder_content-->\n<div id=\"themify_builder_content-1599\" data-postid=\"1599\" class=\"themify_builder_content themify_builder_content-1599 themify_builder tf_clear\">\n    \t<!-- module_row -->\n\t<div  data-lazy=\"1\" class=\"module_row themify_builder_row repeat tb_v0d8205 tb_first tf_clearfix\" >\n\t    \t\t<div class=\"row_inner col_align_top col-count-1 tf_box tf_w tf_rel\">\n\t\t\t<div  data-lazy=\"1\" class=\"module_column tb-column col-full first tb_p45v207 tf_box\">\n\t\t\t    \t<\/div>\n\t\t    <\/div>\n\t    <!-- \/row_inner -->\n\t<\/div>\n\t<!-- \/module_row -->\n\t\t<!-- module_row -->\n\t<div  data-lazy=\"1\" class=\"module_row themify_builder_row repeat tb_lmty1 tf_clearfix\" >\n\t    \t\t<div class=\"row_inner col_align_top col-count-2 tf_box tf_w tf_rel\">\n\t\t\t<div  data-lazy=\"1\" class=\"module_column tb-column col2-1 first tb_qq9y2 tf_box\">\n\t\t\t    \t        <div class=\"tb-column-inner tf_box tf_w\">\n\t\t    <!-- module image -->\n<div  class=\"module module-image tb_ysr7209   image-top tf_mw\" data-lazy=\"1\">\n        <div class=\"image-wrap tf_rel tf_mw\">\n\t\t    <img loading=\"lazy\" decoding=\"async\" src=\"http:\/\/www.z-sistem.com\/zs\/wp-content\/uploads\/2022\/03\/otopilot.png\" width=\"466\" height=\"313\" title=\"Otopilot\" alt=\"Otopilot\">\t\n\t\t<\/div>\n\t<!-- \/image-wrap -->\n    \n    \t<\/div>\n<!-- \/module image -->\t        <\/div>\n\t    \t<\/div>\n\t\t<div  data-lazy=\"1\" class=\"module_column tb-column col2-1 last tb_huvu2 tf_box\">\n\t\t\t    \t        <div class=\"tb-column-inner tf_box tf_w\">\n\t\t    <!-- module text -->\n<div  class=\"module module-text tb_yl8l222   \" data-lazy=\"1\">\n        <div  class=\"tb_text_wrap\">\n    <h4>OTOP\u0130LOT<\/h4>    <\/div>\n<\/div>\n<!-- \/module text --><!-- module divider -->\n<div  class=\"module tf_mw module-divider tb_b96f24 solid  divider-custom divider-left\" style=\"border-width: 2px;border-color: #282561;width: 100px;\" data-lazy=\"1\">\n    <\/div>\n<!-- \/module divider -->\n\t        <\/div>\n\t    \t<\/div>\n\t\t    <\/div>\n\t    <!-- \/row_inner -->\n\t<\/div>\n\t<!-- \/module_row -->\n\t\t<!-- module_row -->\n\t<div  data-lazy=\"1\" class=\"module_row themify_builder_row repeat tb_8juq932 tf_clearfix\" >\n\t    \t\t<div class=\"row_inner col_align_top col-count-2 tf_box tf_w tf_rel\">\n\t\t\t<div  data-lazy=\"1\" style=\"width: 23.48%\" class=\"module_column tb-column col4-1 first tb_zwqc933 tf_box\">\n\t\t\t    \t        <div class=\"tb-column-inner tf_box tf_w\">\n\t\t    <!-- module text -->\n<div  class=\"module module-text tb_sb8c710   \" data-lazy=\"1\">\n        <div  class=\"tb_text_wrap\">\n    <h4>GENEL<\/h4><h4>TANIM<\/h4>    <\/div>\n<\/div>\n<!-- \/module text --><!-- module divider -->\n<div  class=\"module tf_mw module-divider tb_v37i662 solid  divider-custom divider-left\" style=\"border-width: 2px;border-color: #282561;width: 100px;\" data-lazy=\"1\">\n    <\/div>\n<!-- \/module divider -->\n\t        <\/div>\n\t    \t<\/div>\n\t\t<div  data-lazy=\"1\" style=\"width: 73.32%\" class=\"module_column tb-column col4-3 last tb_ronw933 tf_box\">\n\t\t\t    \t        <div class=\"tb-column-inner tf_box tf_w\">\n\t\t    <!-- module text -->\n<div  class=\"module module-text tb_3o7q730   \" data-lazy=\"1\">\n        <div  class=\"tb_text_wrap\">\n    <p>Otopilot, \u0130HA\u2019n\u0131n g\u00f6rev esnas\u0131nda kalk\u0131\u015f, u\u00e7u\u015f, seyir ve ini\u015f i\u015flemlerini operat\u00f6r m\u00fcdahalesi olmadan yapabilmesine olanak sa\u011flar.<\/p>    <\/div>\n<\/div>\n<!-- \/module text -->\t        <\/div>\n\t    \t<\/div>\n\t\t    <\/div>\n\t    <!-- \/row_inner -->\n\t<\/div>\n\t<!-- \/module_row -->\n\t\t<!-- module_row -->\n\t<div  data-lazy=\"1\" class=\"module_row themify_builder_row repeat tb_g7nn254 tf_clearfix\" >\n\t    \t\t<div class=\"row_inner col_align_top col-count-2 tf_box tf_w tf_rel\">\n\t\t\t<div  data-lazy=\"1\" style=\"width: 24.46%\" class=\"module_column tb-column col4-1 first tb_ptu6256 tf_box\">\n\t\t\t    \t        <div class=\"tb-column-inner tf_box tf_w\">\n\t\t    <!-- module text -->\n<div  class=\"module module-text tb_xuti584   \" data-lazy=\"1\">\n        <div  class=\"tb_text_wrap\">\n    <h3>UYGULAMA<\/h3><h4>ALANLARI<\/h4>    <\/div>\n<\/div>\n<!-- \/module text --><!-- module divider -->\n<div  class=\"module tf_mw module-divider tb_1wi0955 solid  divider-custom divider-left\" style=\"border-width: 2px;border-color: #282561;width: 100px;\" data-lazy=\"1\">\n    <\/div>\n<!-- \/module divider -->\n\t        <\/div>\n\t    \t<\/div>\n\t\t<div  data-lazy=\"1\" style=\"width: 72.34%\" class=\"module_column tb-column col4-3 last tb_8qmd256 tf_box\">\n\t\t\t    \t        <div class=\"tb-column-inner tf_box tf_w\">\n\t\t    <!-- module text -->\n<div  class=\"module module-text tb_sjpi449   \" data-lazy=\"1\">\n        <div  class=\"tb_text_wrap\">\n    <ul>\n<li>UAV\/ USV \/ ULV<\/li>\n<li>\u0130n\u015faat makineleri<\/li>\n<li>Gimbal Sistemleri<\/li>\n<\/ul>    <\/div>\n<\/div>\n<!-- \/module text -->\t        <\/div>\n\t    \t<\/div>\n\t\t    <\/div>\n\t    <!-- \/row_inner -->\n\t<\/div>\n\t<!-- \/module_row -->\n\t\t<!-- module_row -->\n\t<div  data-lazy=\"1\" class=\"module_row themify_builder_row repeat tb_bugj63 tf_clearfix\" >\n\t    \t\t<div class=\"row_inner col_align_top col-count-2 tf_box tf_w tf_rel\">\n\t\t\t<div  data-lazy=\"1\" style=\"width: 25.26%\" class=\"module_column tb-column col4-1 first tb_ej2e64 tf_box\">\n\t\t\t    \t        <div class=\"tb-column-inner tf_box tf_w\">\n\t\t    <!-- module text -->\n<div  class=\"module module-text tb_y8my780  repeat \" data-lazy=\"1\">\n        <div  class=\"tb_text_wrap\">\n    <h3>K\u0130L\u0130T<\/h3><h4>\u00d6ZELL\u0130KLER<\/h4>    <\/div>\n<\/div>\n<!-- \/module text --><!-- module divider -->\n<div  class=\"module tf_mw module-divider tb_r74q314 solid  divider-custom divider-left\" style=\"border-width: 2px;border-color: #282561;width: 100px;\" data-lazy=\"1\">\n    <\/div>\n<!-- \/module divider -->\n\t        <\/div>\n\t    \t<\/div>\n\t\t<div  data-lazy=\"1\" style=\"width: 71.54%\" class=\"module_column tb-column col4-3 last tb_rghc64 tf_box\">\n\t\t\t    \t        <div class=\"tb-column-inner tf_box tf_w\">\n\t\t    <!-- module text -->\n<div  class=\"module module-text tb_hw1d345   \" data-lazy=\"1\">\n        <div  class=\"tb_text_wrap\">\n    <ul>\n<li>Y\u00fcksek h\u0131zl\u0131 kontrol d\u00f6ng\u00fcs\u00fc<\/li>\n<li>Farkl\u0131 tip hava ara\u00e7lar\u0131na uyarlanabilirlik<\/li>\n<li>Dayan\u0131kl\u0131 tasar\u0131m<\/li>\n<\/ul>    <\/div>\n<\/div>\n<!-- \/module text -->\t        <\/div>\n\t    \t<\/div>\n\t\t    <\/div>\n\t    <!-- \/row_inner -->\n\t<\/div>\n\t<!-- \/module_row -->\n\t\t<!-- module_row -->\n\t<div  data-lazy=\"1\" class=\"module_row themify_builder_row repeat tb_h89t216 tf_clearfix\" >\n\t    \t\t<div class=\"row_inner col_align_top col-count-2 tf_box tf_w tf_rel\">\n\t\t\t<div  data-lazy=\"1\" class=\"module_column tb-column col4-1 first tb_9d9o217 tf_box\">\n\t\t\t    \t        <div class=\"tb-column-inner tf_box tf_w\">\n\t\t    <!-- module text -->\n<div  class=\"module module-text tb_8lw6706   \" data-lazy=\"1\">\n        <div  class=\"tb_text_wrap\">\n    <h4>BOYUTLAR<\/h4>    <\/div>\n<\/div>\n<!-- \/module text --><!-- module divider -->\n<div  class=\"module tf_mw module-divider tb_ya3d938 solid  divider-custom divider-left\" style=\"border-width: 2px;border-color: #282561;width: 100px;\" data-lazy=\"1\">\n    <\/div>\n<!-- \/module divider -->\n\t        <\/div>\n\t    \t<\/div>\n\t\t<div  data-lazy=\"1\" class=\"module_column tb-column col4-3 last tb_a591217 tf_box\">\n\t\t\t    \t        <div class=\"tb-column-inner tf_box tf_w\">\n\t\t    <!-- module image -->\n<div  class=\"module module-image tb_3t4f817   image-top tf_mw\" data-lazy=\"1\">\n        <div class=\"image-wrap tf_rel tf_mw\">\n\t\t    <img loading=\"lazy\" decoding=\"async\" src=\"http:\/\/www.z-sistem.com\/zs\/wp-content\/uploads\/2022\/03\/otopilot_boyut.png\" width=\"573\" height=\"408\" title=\"Otopilot\" alt=\"Otopilot\">\t\n\t\t<\/div>\n\t<!-- \/image-wrap -->\n    \n    \t<\/div>\n<!-- \/module image -->\t        <\/div>\n\t    \t<\/div>\n\t\t    <\/div>\n\t    <!-- \/row_inner -->\n\t<\/div>\n\t<!-- \/module_row -->\n\t\t<!-- module_row -->\n\t<div  data-lazy=\"1\" class=\"module_row themify_builder_row repeat tb_mck4767 tf_clearfix\" >\n\t    \t\t<div class=\"row_inner col_align_top col-count-2 tf_box tf_w tf_rel\">\n\t\t\t<div  data-lazy=\"1\" class=\"module_column tb-column col4-1 first tb_1kez768 tf_box\">\n\t\t\t    \t        <div class=\"tb-column-inner tf_box tf_w\">\n\t\t    <!-- module text -->\n<div  class=\"module module-text tb_1mrk930   \" data-lazy=\"1\">\n        <div  class=\"tb_text_wrap\">\n    <h4>\u00d6ZELL\u0130KLER<\/h4>    <\/div>\n<\/div>\n<!-- \/module text --><!-- module divider -->\n<div  class=\"module tf_mw module-divider tb_f4tx99 solid  divider-custom divider-left\" style=\"border-width: 2px;border-color: #282561;width: 100px;\" data-lazy=\"1\">\n    <\/div>\n<!-- \/module divider -->\n\t        <\/div>\n\t    \t<\/div>\n\t\t<div  data-lazy=\"1\" class=\"module_column tb-column col4-3 last tb_v6vr769 tf_box\">\n\t\t\t    \t        <div class=\"tb-column-inner tf_box tf_w\">\n\t\t    <!-- module text -->\n<div  class=\"module module-text tb_oa63180   \" data-lazy=\"1\">\n        <div  class=\"tb_text_wrap\">\n    <ul>\n<li>Otonom u\u00e7u\u015f, kalk\u0131\u015f, navigasyon, ini\u015f \u00f6zelli\u011fi<\/li>\n<li>Acil durumlarda eve d\u00f6n\u00fc\u015f veya bulundu\u011fu yere ini\u015f<\/li>\n<li>Dahili haf\u0131zaya veri kay\u0131t \u00f6zelli\u011fi<\/li>\n<li>OUS, CAN, Ethernet Aray\u00fczleri<\/li>\n<li>Farkl\u0131 sens\u00f6rlerle \u00e7al\u0131\u015fabilme<\/li>\n<li>Kolay entegrasyon ve kullan\u0131m<\/li>\n<li>Sesli ve g\u00f6rsel ikaz sistemleri<\/li>\n<li>Milli olanaklar ile ITAR\u2019a tabii olmadan \u00fcretilmi\u015ftir<\/li>\n<\/ul>    <\/div>\n<\/div>\n<!-- \/module text -->\t        <\/div>\n\t    \t<\/div>\n\t\t    <\/div>\n\t    <!-- \/row_inner -->\n\t<\/div>\n\t<!-- \/module_row -->\n\t<\/div>\n<!--\/themify_builder_content-->","protected":false},"excerpt":{"rendered":"<p>OTOP\u0130LOT GENEL TANIM Otopilot, \u0130HA\u2019n\u0131n g\u00f6rev esnas\u0131nda kalk\u0131\u015f, u\u00e7u\u015f, seyir ve ini\u015f i\u015flemlerini operat\u00f6r m\u00fcdahalesi olmadan yapabilmesine olanak sa\u011flar. UYGULAMA ALANLARI UAV\/ USV \/ ULV \u0130n\u015faat makineleri Gimbal Sistemleri K\u0130L\u0130T \u00d6ZELL\u0130KLER Y\u00fcksek h\u0131zl\u0131 kontrol d\u00f6ng\u00fcs\u00fc Farkl\u0131 tip hava ara\u00e7lar\u0131na uyarlanabilirlik Dayan\u0131kl\u0131 tasar\u0131m BOYUTLAR \u00d6ZELL\u0130KLER Otonom u\u00e7u\u015f, kalk\u0131\u015f, navigasyon, ini\u015f \u00f6zelli\u011fi Acil durumlarda eve d\u00f6n\u00fc\u015f veya [&hellip;]<\/p>\n","protected":false},"author":1,"featured_media":0,"parent":0,"menu_order":0,"comment_status":"closed","ping_status":"closed","template":"","meta":{"footnotes":""},"class_list":["post-1599","page","type-page","status-publish","hentry","has-post-title","has-post-date","has-post-category","has-post-tag","has-post-comment","has-post-author",""],"builder_content":"<img src=\"http:\/\/www.z-sistem.com\/zs\/wp-content\/uploads\/2022\/03\/otopilot.png\" width=\"466\" height=\"313\" title=\"Otopilot\" alt=\"Otopilot\">\n<h4>OTOP\u0130LOT<\/h4>\n\n<h4>GENEL<\/h4><h4>TANIM<\/h4>\n\n<p>Otopilot, \u0130HA\u2019n\u0131n g\u00f6rev esnas\u0131nda kalk\u0131\u015f, u\u00e7u\u015f, seyir ve ini\u015f i\u015flemlerini operat\u00f6r m\u00fcdahalesi olmadan yapabilmesine olanak sa\u011flar.<\/p>\n<h3>UYGULAMA<\/h3><h4>ALANLARI<\/h4>\n\n<ul> <li>UAV\/ USV \/ ULV<\/li> <li>\u0130n\u015faat makineleri<\/li> <li>Gimbal Sistemleri<\/li> <\/ul>\n<h3>K\u0130L\u0130T<\/h3><h4>\u00d6ZELL\u0130KLER<\/h4>\n\n<ul> <li>Y\u00fcksek h\u0131zl\u0131 kontrol d\u00f6ng\u00fcs\u00fc<\/li> <li>Farkl\u0131 tip hava ara\u00e7lar\u0131na uyarlanabilirlik<\/li> <li>Dayan\u0131kl\u0131 tasar\u0131m<\/li> <\/ul>\n<h4>BOYUTLAR<\/h4>\n\n<img src=\"http:\/\/www.z-sistem.com\/zs\/wp-content\/uploads\/2022\/03\/otopilot_boyut.png\" width=\"573\" height=\"408\" title=\"Otopilot\" alt=\"Otopilot\">\n<h4>\u00d6ZELL\u0130KLER<\/h4>\n\n<ul> <li>Otonom u\u00e7u\u015f, kalk\u0131\u015f, navigasyon, ini\u015f \u00f6zelli\u011fi<\/li> <li>Acil durumlarda eve d\u00f6n\u00fc\u015f veya bulundu\u011fu yere ini\u015f<\/li> <li>Dahili haf\u0131zaya veri kay\u0131t \u00f6zelli\u011fi<\/li> <li>OUS, CAN, Ethernet Aray\u00fczleri<\/li> <li>Farkl\u0131 sens\u00f6rlerle \u00e7al\u0131\u015fabilme<\/li> <li>Kolay entegrasyon ve kullan\u0131m<\/li> <li>Sesli ve g\u00f6rsel ikaz sistemleri<\/li> <li>Milli olanaklar ile ITAR\u2019a tabii olmadan \u00fcretilmi\u015ftir<\/li> <\/ul>","_links":{"self":[{"href":"https:\/\/www.z-sistem.com\/zs\/wp-json\/wp\/v2\/pages\/1599","targetHints":{"allow":["GET"]}}],"collection":[{"href":"https:\/\/www.z-sistem.com\/zs\/wp-json\/wp\/v2\/pages"}],"about":[{"href":"https:\/\/www.z-sistem.com\/zs\/wp-json\/wp\/v2\/types\/page"}],"author":[{"embeddable":true,"href":"https:\/\/www.z-sistem.com\/zs\/wp-json\/wp\/v2\/users\/1"}],"replies":[{"embeddable":true,"href":"https:\/\/www.z-sistem.com\/zs\/wp-json\/wp\/v2\/comments?post=1599"}],"version-history":[{"count":9,"href":"https:\/\/www.z-sistem.com\/zs\/wp-json\/wp\/v2\/pages\/1599\/revisions"}],"predecessor-version":[{"id":2287,"href":"https:\/\/www.z-sistem.com\/zs\/wp-json\/wp\/v2\/pages\/1599\/revisions\/2287"}],"wp:attachment":[{"href":"https:\/\/www.z-sistem.com\/zs\/wp-json\/wp\/v2\/media?parent=1599"}],"curies":[{"name":"wp","href":"https:\/\/api.w.org\/{rel}","templated":true}]}}