{"id":1917,"date":"2022-03-29T13:18:13","date_gmt":"2022-03-29T13:18:13","guid":{"rendered":"https:\/\/www.z-sistem.com\/zs\/?page_id=1917"},"modified":"2025-10-30T17:54:33","modified_gmt":"2025-10-30T14:54:33","slug":"heated-pitot-probe","status":"publish","type":"page","link":"https:\/\/www.z-sistem.com\/zs\/en\/heated-pitot-probe\/","title":{"rendered":"Heated Pitot Probe"},"content":{"rendered":"<!--themify_builder_content-->\n<div id=\"themify_builder_content-1917\" data-postid=\"1917\" class=\"themify_builder_content themify_builder_content-1917 themify_builder tf_clear\">\n    \t<!-- module_row -->\n\t<div  data-lazy=\"1\" class=\"module_row themify_builder_row repeat tb_0ykg57 tb_first tf_clearfix\" >\n\t    \t\t<div class=\"row_inner col_align_top col-count-1 tf_box tf_w tf_rel\">\n\t\t\t<div  data-lazy=\"1\" class=\"module_column tb-column col-full first tb_95mi58 tf_box\">\n\t\t\t    \t        <div class=\"tb-column-inner tf_box tf_w\">\n\t\t    <!-- module text -->\n<div  class=\"module module-text tb_wdc0739   \" data-lazy=\"1\">\n        <div  class=\"tb_text_wrap\">\n    <h1><span style=\"color: #ffffff;\">HEATED PITOT PROBE<\/span><\/h1>    <\/div>\n<\/div>\n<!-- \/module text -->\t        <\/div>\n\t    \t<\/div>\n\t\t    <\/div>\n\t    <!-- \/row_inner -->\n\t<\/div>\n\t<!-- \/module_row -->\n\t\t<!-- module_row -->\n\t<div  data-lazy=\"1\" class=\"module_row themify_builder_row repeat tb_z7wu919 tf_clearfix\" >\n\t    \t\t<div class=\"row_inner col_align_top col-count-2 tf_box tf_w tf_rel\">\n\t\t\t<div  data-lazy=\"1\" class=\"module_column tb-column col2-1 first tb_tvsk919 tf_box\">\n\t\t\t    \t        <div class=\"tb-column-inner tf_box tf_w\">\n\t\t    <!-- module image -->\n<div  class=\"module module-image tb_2v1o354   image-top tf_mw\" data-lazy=\"1\">\n        <div class=\"image-wrap tf_rel tf_mw\">\n\t\t    <img loading=\"lazy\" decoding=\"async\" src=\"http:\/\/www.z-sistem.com\/zs\/wp-content\/uploads\/2022\/03\/isitmali_pitot_tupu.png\" width=\"512\" height=\"241\" title=\"Heated Pitot Probe\" alt=\"Heated Pitot Probe\">\t\n\t\t<\/div>\n\t<!-- \/image-wrap -->\n    \n    \t<\/div>\n<!-- \/module image -->\t        <\/div>\n\t    \t<\/div>\n\t\t<div  data-lazy=\"1\" class=\"module_column tb-column col2-1 last tb_p734920 tf_box\">\n\t\t\t    \t<\/div>\n\t\t    <\/div>\n\t    <!-- \/row_inner -->\n\t<\/div>\n\t<!-- \/module_row -->\n\t\t<!-- module_row -->\n\t<div  data-lazy=\"1\" class=\"module_row themify_builder_row repeat tb_yof9314 tf_clearfix\" >\n\t    \t\t<div class=\"row_inner col_align_top col-count-2 tf_box tf_w tf_rel\">\n\t\t\t<div  data-lazy=\"1\" style=\"width: 28.8%\" class=\"module_column tb-column col4-1 first tb_vc9t315 tf_box\">\n\t\t\t    \t        <div class=\"tb-column-inner tf_box tf_w\">\n\t\t    <!-- module text -->\n<div  class=\"module module-text tb_xk8k526  repeat \" data-lazy=\"1\">\n        <div  class=\"tb_text_wrap\">\n    <h4>GENERAL<\/h4>\n<h4>DESCRIPTION<\/h4>    <\/div>\n<\/div>\n<!-- \/module text -->\t        <\/div>\n\t    \t<\/div>\n\t\t<div  data-lazy=\"1\" style=\"width: 68%\" class=\"module_column tb-column col4-3 last tb_elti315 tf_box\">\n\t\t\t    \t        <div class=\"tb-column-inner tf_box tf_w\">\n\t\t    <!-- module text -->\n<div  class=\"module module-text tb_jv4e35   \" data-lazy=\"1\">\n        <div  class=\"tb_text_wrap\">\n    <p>Pitot probe is designed to provide static and dynamic pressure measurement ports in a small and lightweight package. Heating elements inside the tube prevents ice buildup on the probe.<\/p>    <\/div>\n<\/div>\n<!-- \/module text -->\t        <\/div>\n\t    \t<\/div>\n\t\t    <\/div>\n\t    <!-- \/row_inner -->\n\t<\/div>\n\t<!-- \/module_row -->\n\t\t<!-- module_row -->\n\t<div  data-lazy=\"1\" class=\"module_row themify_builder_row repeat tb_79pu961 tf_clearfix\" >\n\t    \t\t<div class=\"row_inner col_align_top col-count-2 tf_box tf_w tf_rel\">\n\t\t\t<div  data-lazy=\"1\" style=\"width: 25.88%\" class=\"module_column tb-column col4-1 first tb_2jpv962 tf_box\">\n\t\t\t    \t        <div class=\"tb-column-inner tf_box tf_w\">\n\t\t    <!-- module text -->\n<div  class=\"module module-text tb_04mt615  repeat \" data-lazy=\"1\">\n        <div  class=\"tb_text_wrap\">\n    <h4>APPLICATION<\/h4>\n<h4>AREAS<\/h4>    <\/div>\n<\/div>\n<!-- \/module text -->\t        <\/div>\n\t    \t<\/div>\n\t\t<div  data-lazy=\"1\" style=\"width: 70.92%\" class=\"module_column tb-column col4-3 last tb_964u963 tf_box\">\n\t\t\t    \t        <div class=\"tb-column-inner tf_box tf_w\">\n\t\t    <!-- module text -->\n<div  class=\"module module-text tb_qy8w667   \" data-lazy=\"1\">\n        <div  class=\"tb_text_wrap\">\n    <ul><li>Unmanned Aerial Vehicles<\/li><\/ul>    <\/div>\n<\/div>\n<!-- \/module text -->\t        <\/div>\n\t    \t<\/div>\n\t\t    <\/div>\n\t    <!-- \/row_inner -->\n\t<\/div>\n\t<!-- \/module_row -->\n\t\t<!-- module_row -->\n\t<div  data-lazy=\"1\" class=\"module_row themify_builder_row repeat tb_ofmp970 tf_clearfix\" >\n\t    \t\t<div class=\"row_inner col_align_top col-count-2 tf_box tf_w tf_rel\">\n\t\t\t<div  data-lazy=\"1\" style=\"width: 27.6%\" class=\"module_column tb-column col4-1 first tb_wfwu971 tf_box\">\n\t\t\t    \t        <div class=\"tb-column-inner tf_box tf_w\">\n\t\t    <!-- module text -->\n<div  class=\"module module-text tb_0nkx27  repeat \" data-lazy=\"1\">\n        <div  class=\"tb_text_wrap\">\n    <h4>KEY<\/h4>\n<h4>FEATURES<\/h4>    <\/div>\n<\/div>\n<!-- \/module text -->\t        <\/div>\n\t    \t<\/div>\n\t\t<div  data-lazy=\"1\" style=\"width: 69.2%\" class=\"module_column tb-column col4-3 last tb_vb7q972 tf_box\">\n\t\t\t    \t        <div class=\"tb-column-inner tf_box tf_w\">\n\t\t    <!-- module text -->\n<div  class=\"module module-text tb_qlme647   \" data-lazy=\"1\">\n        <div  class=\"tb_text_wrap\">\n    <ul>\n<li>Low power consumption<\/li>\n<li>\u00a0Modular Structure<\/li>\n<li>CANBus temperature feedback and control<\/li>\n<\/ul>    <\/div>\n<\/div>\n<!-- \/module text -->\t        <\/div>\n\t    \t<\/div>\n\t\t    <\/div>\n\t    <!-- \/row_inner -->\n\t<\/div>\n\t<!-- \/module_row -->\n\t\t<!-- module_row -->\n\t<div  data-lazy=\"1\" class=\"module_row themify_builder_row repeat tb_3ke5812 tf_clearfix\" >\n\t    \t\t<div class=\"row_inner col_align_top col-count-2 tf_box tf_w tf_rel\">\n\t\t\t<div  data-lazy=\"1\" style=\"width: 30.64%\" class=\"module_column tb-column col4-1 first tb_l81w813 tf_box\">\n\t\t\t    \t        <div class=\"tb-column-inner tf_box tf_w\">\n\t\t    <!-- module text -->\n<div  class=\"module module-text tb_s80h197   \" data-lazy=\"1\">\n        <div  class=\"tb_text_wrap\">\n    <h4>DIMENSIONS<\/h4>    <\/div>\n<\/div>\n<!-- \/module text -->\t        <\/div>\n\t    \t<\/div>\n\t\t<div  data-lazy=\"1\" style=\"width: 66.16%\" class=\"module_column tb-column col4-3 last tb_23l6813 tf_box\">\n\t\t\t    \t        <div class=\"tb-column-inner tf_box tf_w\">\n\t\t    <!-- module image -->\n<div  class=\"module module-image tb_h6fx713   image-top tf_mw\" data-lazy=\"1\">\n        <div class=\"image-wrap tf_rel tf_mw\">\n\t\t    <img loading=\"lazy\" decoding=\"async\" src=\"http:\/\/www.z-sistem.com\/zs\/wp-content\/uploads\/2022\/03\/isitmali_pitot_tupu_boyut.png\" width=\"569\" height=\"299\" title=\"Heated Pitot Probe\" alt=\"Heated Pitot Probe\">\t\n\t\t<\/div>\n\t<!-- \/image-wrap -->\n    \n    \t<\/div>\n<!-- \/module image -->\t        <\/div>\n\t    \t<\/div>\n\t\t    <\/div>\n\t    <!-- \/row_inner -->\n\t<\/div>\n\t<!-- \/module_row -->\n\t\t<!-- module_row -->\n\t<div  data-lazy=\"1\" class=\"module_row themify_builder_row repeat tb_9iug851 tf_clearfix\" >\n\t    \t\t<div class=\"row_inner col_align_top col-count-2 tf_box tf_w tf_rel\">\n\t\t\t<div  data-lazy=\"1\" style=\"width: 32.14%\" class=\"module_column tb-column col4-1 first tb_3zw0851 tf_box\">\n\t\t\t    \t        <div class=\"tb-column-inner tf_box tf_w\">\n\t\t    <!-- module text -->\n<div  class=\"module module-text tb_y1qr795   \" data-lazy=\"1\">\n        <div  class=\"tb_text_wrap\">\n    <h4>SPECIFICATIONS<\/h4>    <\/div>\n<\/div>\n<!-- \/module text -->\t        <\/div>\n\t    \t<\/div>\n\t\t<div  data-lazy=\"1\" style=\"width: 64.66%\" class=\"module_column tb-column col4-3 last tb_bx83852 tf_box\">\n\t\t\t    \t        <div class=\"tb-column-inner tf_box tf_w\">\n\t\t    <!-- module text -->\n<div  class=\"module module-text tb_51ba573   \" data-lazy=\"1\">\n        <div  class=\"tb_text_wrap\">\n    <p><!-- wp:table {\"className\":\"is-style-stripes\"} --><\/p>\n<figure class=\"wp-block-table is-style-stripes\">\n<table>\n<tbody>\n<tr>\n<td>Dimensions<\/td>\n<td>\u00d812\u00d7\u00d819\u00d7160 mm<\/td>\n<\/tr>\n<tr>\n<td>Weight<\/td>\n<td>95 g<\/td>\n<\/tr>\n<tr>\n<td>Material<\/td>\n<td>Aluminum<\/td>\n<\/tr>\n<tr>\n<td>Operating Temperature<\/td>\n<td>125\u00b0C<\/td>\n<\/tr>\n<tr>\n<td>Mechanical Interface<\/td>\n<td>M21x1.25 screw<\/td>\n<\/tr>\n<tr>\n<td>Heater power<\/td>\n<td>20 W\/12V, 1.6A<\/td>\n<\/tr>\n<\/tbody>\n<\/table>\n<\/figure>\n<p><!-- \/wp:table --><\/p>    <\/div>\n<\/div>\n<!-- \/module text -->\t        <\/div>\n\t    \t<\/div>\n\t\t    <\/div>\n\t    <!-- \/row_inner -->\n\t<\/div>\n\t<!-- \/module_row -->\n\t<\/div>\n<!--\/themify_builder_content-->","protected":false},"excerpt":{"rendered":"<p>HEATED PITOT PROBE GENERAL DESCRIPTION Pitot probe is designed to provide static and dynamic pressure measurement ports in a small and lightweight package. Heating elements inside the tube prevents ice buildup on the probe. APPLICATION AREAS Unmanned Aerial Vehicles KEY FEATURES Low power consumption \u00a0Modular Structure CANBus temperature feedback and control DIMENSIONS SPECIFICATIONS Dimensions \u00d812\u00d7\u00d819\u00d7160 [&hellip;]<\/p>\n","protected":false},"author":1,"featured_media":0,"parent":0,"menu_order":0,"comment_status":"closed","ping_status":"closed","template":"","meta":{"footnotes":""},"class_list":["post-1917","page","type-page","status-publish","hentry","has-post-title","has-post-date","has-post-category","has-post-tag","has-post-comment","has-post-author",""],"builder_content":"<h1>HEATED PITOT PROBE<\/h1>\n<img src=\"http:\/\/www.z-sistem.com\/zs\/wp-content\/uploads\/2022\/03\/isitmali_pitot_tupu.png\" width=\"512\" height=\"241\" title=\"Heated Pitot Probe\" alt=\"Heated Pitot Probe\">\n<h4>GENERAL<\/h4> <h4>DESCRIPTION<\/h4>\n<p>Pitot probe is designed to provide static and dynamic pressure measurement ports in a small and lightweight package. Heating elements inside the tube prevents ice buildup on the probe.<\/p>\n<h4>APPLICATION<\/h4> <h4>AREAS<\/h4>\n<ul><li>Unmanned Aerial Vehicles<\/li><\/ul>\n<h4>KEY<\/h4> <h4>FEATURES<\/h4>\n<ul> <li>Low power consumption<\/li> <li>\u00a0Modular Structure<\/li> <li>CANBus temperature feedback and control<\/li> <\/ul>\n<h4>DIMENSIONS<\/h4>\n<img src=\"http:\/\/www.z-sistem.com\/zs\/wp-content\/uploads\/2022\/03\/isitmali_pitot_tupu_boyut.png\" width=\"569\" height=\"299\" title=\"Heated Pitot Probe\" alt=\"Heated Pitot Probe\">\n<h4>SPECIFICATIONS<\/h4>\n<p><\/p> <figure> <table> <tbody> <tr> <td>Dimensions<\/td> <td>\u00d812\u00d7\u00d819\u00d7160 mm<\/td> <\/tr> <tr> <td>Weight<\/td> <td>95 g<\/td> <\/tr> <tr> <td>Material<\/td> <td>Aluminum<\/td> <\/tr> <tr> <td>Operating Temperature<\/td> <td>125\u00b0C<\/td> <\/tr> <tr> <td>Mechanical Interface<\/td> <td>M21x1.25 screw<\/td> <\/tr> <tr> <td>Heater power<\/td> <td>20 W\/12V, 1.6A<\/td> <\/tr> <\/tbody> <\/table> <\/figure> <p><\/p>","_links":{"self":[{"href":"https:\/\/www.z-sistem.com\/zs\/wp-json\/wp\/v2\/pages\/1917","targetHints":{"allow":["GET"]}}],"collection":[{"href":"https:\/\/www.z-sistem.com\/zs\/wp-json\/wp\/v2\/pages"}],"about":[{"href":"https:\/\/www.z-sistem.com\/zs\/wp-json\/wp\/v2\/types\/page"}],"author":[{"embeddable":true,"href":"https:\/\/www.z-sistem.com\/zs\/wp-json\/wp\/v2\/users\/1"}],"replies":[{"embeddable":true,"href":"https:\/\/www.z-sistem.com\/zs\/wp-json\/wp\/v2\/comments?post=1917"}],"version-history":[{"count":9,"href":"https:\/\/www.z-sistem.com\/zs\/wp-json\/wp\/v2\/pages\/1917\/revisions"}],"predecessor-version":[{"id":2718,"href":"https:\/\/www.z-sistem.com\/zs\/wp-json\/wp\/v2\/pages\/1917\/revisions\/2718"}],"wp:attachment":[{"href":"https:\/\/www.z-sistem.com\/zs\/wp-json\/wp\/v2\/media?parent=1917"}],"curies":[{"name":"wp","href":"https:\/\/api.w.org\/{rel}","templated":true}]}}