{"id":1961,"date":"2022-03-30T10:55:38","date_gmt":"2022-03-30T10:55:38","guid":{"rendered":"https:\/\/www.z-sistem.com\/zs\/?page_id=1961"},"modified":"2022-04-04T10:53:50","modified_gmt":"2022-04-04T10:53:50","slug":"iletisim","status":"publish","type":"page","link":"https:\/\/www.z-sistem.com\/zs\/iletisim\/","title":{"rendered":"\u0130leti\u015fim"},"content":{"rendered":"<!--themify_builder_content-->\n<div id=\"themify_builder_content-1961\" data-postid=\"1961\" class=\"themify_builder_content themify_builder_content-1961 themify_builder tf_clear\">\n    \t<!-- module_row -->\n\t<div  data-lazy=\"1\" class=\"module_row themify_builder_row repeat tb_96q1649 tb_first tf_clearfix\" >\n\t    \t\t<div class=\"row_inner col_align_top col-count-1 tf_box tf_w tf_rel\">\n\t\t\t<div  data-lazy=\"1\" class=\"module_column tb-column col-full first tb_qmnp650 tf_box\">\n\t\t\t    \t<\/div>\n\t\t    <\/div>\n\t    <!-- \/row_inner -->\n\t<\/div>\n\t<!-- \/module_row -->\n\t\t<!-- module_row -->\n\t<div  data-lazy=\"1\" class=\"module_row themify_builder_row repeat tb_swya668 tf_clearfix\" >\n\t    \t\t<div class=\"row_inner col_align_top col-count-1 tf_box tf_w tf_rel\">\n\t\t\t<div  data-lazy=\"1\" class=\"module_column tb-column col-full first tb_3kq1669 tf_box\">\n\t\t\t    \t        <div class=\"tb-column-inner tf_box tf_w\">\n\t\t    <!-- module text -->\n<div  class=\"module module-text tb_j8y0196  repeat \" data-lazy=\"1\">\n        <div  class=\"tb_text_wrap\">\n    <h4 style=\"text-align: center;\">\u0130LET\u0130\u015e\u0130M\u00a0<\/h4>\n<h4 style=\"text-align: center;\">B\u0130LG\u0130LER\u0130<\/h4>    <\/div>\n<\/div>\n<!-- \/module text --><!-- module divider -->\n<div  class=\"module tf_mw module-divider tb_ggfi517 solid  divider-custom divider-center\" style=\"border-width: 2px;border-color: #282561;width: 100px;\" data-lazy=\"1\">\n    <\/div>\n<!-- \/module divider -->\n\t        <\/div>\n\t    \t<\/div>\n\t\t    <\/div>\n\t    <!-- \/row_inner -->\n\t<\/div>\n\t<!-- \/module_row -->\n\t\t<!-- module_row -->\n\t<div  data-lazy=\"1\" class=\"module_row themify_builder_row repeat tb_nz9b613 tf_clearfix\" >\n\t    \t\t<div class=\"row_inner col_align_top col-count-3 tf_box tf_w tf_rel\">\n\t\t\t<div  data-lazy=\"1\" style=\"width: 34.04%\" class=\"module_column tb-column col3-1 first tb_5nsk614 tf_box\">\n\t\t\t    \t        <div class=\"tb-column-inner tf_box tf_w\">\n\t\t    <!-- module image -->\n<div  class=\"module module-image tb_n8kj905   image-top tf_mw\" data-lazy=\"1\">\n        <div class=\"image-wrap tf_rel tf_mw\">\n\t\t    <img loading=\"lazy\" decoding=\"async\" src=\"http:\/\/www.z-sistem.com\/zs\/wp-content\/uploads\/2022\/03\/z-sistem-havacilik-bilisim-sanayi-1.jpeg\" width=\"500\" height=\"500\" title=\"\u0130leti\u015fim\" alt=\"\u0130leti\u015fim\">\t\n\t\t<\/div>\n\t<!-- \/image-wrap -->\n    \n    \t<\/div>\n<!-- \/module image -->\t        <\/div>\n\t    \t<\/div>\n\t\t<div  data-lazy=\"1\" style=\"width: 28.36%\" class=\"module_column tb-column col3-1 middle tb_y7m9614 tf_box\">\n\t\t\t    \t        <div class=\"tb-column-inner tf_box tf_w\">\n\t\t    <!-- module text -->\n<div  class=\"module module-text tb_yhze203   \" data-lazy=\"1\">\n        <div  class=\"tb_text_wrap\">\n    <h6 class=\"widget-title\">AR-GE &amp; \u00dcRET\u0130M TES\u0130S\u0130<\/h6>    <\/div>\n<\/div>\n<!-- \/module text --><!-- module divider -->\n<div  class=\"module tf_mw module-divider tb_0ehn957 solid  divider-custom divider-left\" style=\"border-width: 2px;border-color: #282561;width: 100px;\" data-lazy=\"1\">\n    <\/div>\n<!-- \/module divider -->\n<!-- module text -->\n<div  class=\"module module-text tb_zup5902  repeat \" data-lazy=\"1\">\n        <div  class=\"tb_text_wrap\">\n    <p>Teknopark Ankara \u0130vedik OSB<br>2224. Cd. No:1 G Blok G-3<br>06378 Yenimahalle ANKARA, TR<\/p>\n<p>bilgi@z-sistem.com<\/p>\n<p>T: +90(312) 299 2619<\/p>\n<p>F:+90(312) 299 2109<\/p>    <\/div>\n<\/div>\n<!-- \/module text -->\t        <\/div>\n\t    \t<\/div>\n\t\t<div  data-lazy=\"1\" class=\"module_column tb-column col3-1 last tb_hj9j534 tf_box\">\n\t\t\t    \t        <div class=\"tb-column-inner tf_box tf_w\">\n\t\t    <!-- module text -->\n<div  class=\"module module-text tb_4kby638   \" data-lazy=\"1\">\n        <div  class=\"tb_text_wrap\">\n    <h6 class=\"widget-title\">KALIP &amp; KOMPOZ\u0130T AT\u00d6LYES\u0130<\/h6>    <\/div>\n<\/div>\n<!-- \/module text --><!-- module divider -->\n<div  class=\"module tf_mw module-divider tb_nvt1349 solid  divider-custom divider-left\" style=\"border-width: 2px;border-color: #282561;width: 100px;\" data-lazy=\"1\">\n    <\/div>\n<!-- \/module divider -->\n<!-- module text -->\n<div  class=\"module module-text tb_ikkc301  repeat \" data-lazy=\"1\">\n        <div  class=\"tb_text_wrap\">\n    <p>Elit Sanayi Sitesi<br>1548. Cd. No:59\u00a0<br>Yenimahalle ANKARA, TR<\/p>\n<p>T: +90(312) 299 2619<\/p>\n<p>F:+90(312) 299 2109<\/p>\n<p>\u00a0<\/p>    <\/div>\n<\/div>\n<!-- \/module text -->\t        <\/div>\n\t    \t<\/div>\n\t\t    <\/div>\n\t    <!-- \/row_inner -->\n\t<\/div>\n\t<!-- \/module_row -->\n\t\t<!-- module_row -->\n\t<div  data-lazy=\"1\" class=\"module_row themify_builder_row repeat tb_7t3g378 tf_clearfix\" >\n\t    \t\t<div class=\"row_inner col_align_top col-count-1 tf_box tf_w tf_rel\">\n\t\t\t<div  data-lazy=\"1\" class=\"module_column tb-column col-full first tb_jlc8378 tf_box\">\n\t\t\t    \t        <div class=\"tb-column-inner tf_box tf_w\">\n\t\t    <!-- module text -->\n<div  class=\"module module-text tb_kzpo483  repeat \" data-lazy=\"1\">\n        <div  class=\"tb_text_wrap\">\n    <p>&nbsp;<\/p>\n<h5 style=\"color: #282561; text-align: center;\">B\u0130ZE MESAJ G\u00d6NDER<\/h5>\n<p>&nbsp;<\/p>\n<p><b style=\"color: #282561;\">A\u015fa\u011f\u0131daki ileti\u015fim kutusunu kullanarak bize mesaj g\u00f6nderebilirsiniz.<\/b><\/p>\n<p>&nbsp;<\/p>\n\n<div class=\"wpcf7 no-js\" id=\"wpcf7-f1976-o2\" lang=\"tr-TR\" dir=\"ltr\" data-wpcf7-id=\"1976\">\n<div class=\"screen-reader-response\"><p role=\"status\" aria-live=\"polite\" aria-atomic=\"true\"><\/p> <ul><\/ul><\/div>\n<form action=\"\/zs\/wp-json\/wp\/v2\/pages\/1961#wpcf7-f1976-o2\" method=\"post\" class=\"wpcf7-form init\" aria-label=\"\u0130leti\u015fim Formu\" novalidate=\"novalidate\" data-status=\"init\">\n<fieldset class=\"hidden-fields-container\"><input type=\"hidden\" name=\"_wpcf7\" value=\"1976\" \/><input type=\"hidden\" name=\"_wpcf7_version\" value=\"6.1.3\" \/><input type=\"hidden\" name=\"_wpcf7_locale\" value=\"tr_TR\" \/><input type=\"hidden\" name=\"_wpcf7_unit_tag\" value=\"wpcf7-f1976-o2\" \/><input type=\"hidden\" name=\"_wpcf7_container_post\" value=\"0\" \/><input type=\"hidden\" name=\"_wpcf7_posted_data_hash\" value=\"\" \/>\n<\/fieldset>\n<p><b style=\"color: #282561;\"><label> Ad\u0131n\u0131z(Gerekli)<br \/>\n<span class=\"wpcf7-form-control-wrap\" data-name=\"your-name\"><input size=\"40\" maxlength=\"400\" class=\"wpcf7-form-control wpcf7-text wpcf7-validates-as-required\" aria-required=\"true\" aria-invalid=\"false\" value=\"\" type=\"text\" name=\"your-name\" \/><\/span> <\/label><\/b>\n<\/p>\n<p><b style=\"color: #282561;\"><label> Soyad\u0131n\u0131z(Gerekli)<br \/>\n<span class=\"wpcf7-form-control-wrap\" data-name=\"your-surname\"><input size=\"40\" maxlength=\"400\" class=\"wpcf7-form-control wpcf7-text wpcf7-validates-as-required\" aria-required=\"true\" aria-invalid=\"false\" value=\"\" type=\"text\" name=\"your-surname\" \/><\/span> <\/label><\/b>\n<\/p>\n<p><b style=\"color: #282561;\"><label> E-posta Adresiniz(Gerekli)<br \/>\n<span class=\"wpcf7-form-control-wrap\" data-name=\"your-email\"><input size=\"40\" maxlength=\"400\" class=\"wpcf7-form-control wpcf7-email wpcf7-validates-as-required wpcf7-text wpcf7-validates-as-email\" aria-required=\"true\" aria-invalid=\"false\" value=\"\" type=\"email\" name=\"your-email\" \/><\/span> <\/label><\/b>\n<\/p>\n<p><b style=\"color: #282561;\"><label> Konu<br \/>\n<span class=\"wpcf7-form-control-wrap\" data-name=\"your-subject\"><input size=\"40\" maxlength=\"400\" class=\"wpcf7-form-control wpcf7-text wpcf7-validates-as-required\" aria-required=\"true\" aria-invalid=\"false\" value=\"\" type=\"text\" name=\"your-subject\" \/><\/span> <\/label><\/b>\n<\/p>\n<p><b style=\"color: #282561;\"><label> \u0130letiniz<br \/>\n<span class=\"wpcf7-form-control-wrap\" data-name=\"your-message\"><textarea cols=\"40\" rows=\"10\" maxlength=\"2000\" class=\"wpcf7-form-control wpcf7-textarea\" aria-invalid=\"false\" name=\"your-message\"><\/textarea><\/span> <\/label><\/b>\n<\/p>\n<p>&nbsp;&nbsp;&nbsp;&nbsp;&nbsp;&nbsp;&nbsp;&nbsp;&nbsp;&nbsp;&nbsp;&nbsp;&nbsp;&nbsp;<input class=\"wpcf7-form-control wpcf7-submit has-spinner\" type=\"submit\" value=\"G\u00f6nder\" \/>\n<\/p><div class=\"wpcf7-response-output\" aria-hidden=\"true\"><\/div>\n<\/form>\n<\/div>\n\n    <\/div>\n<\/div>\n<!-- \/module text -->\t        <\/div>\n\t    \t<\/div>\n\t\t    <\/div>\n\t    <!-- \/row_inner -->\n\t<\/div>\n\t<!-- \/module_row -->\n\t\t<!-- module_row -->\n\t<div  data-css_id=\"t7ek125\" data-lazy=\"1\" class=\"module_row themify_builder_row repeat fullwidth tb_t7ek125 tf_clearfix\" >\n\t    \t\t<div class=\"row_inner col_align_top col-count-1 tf_box tf_w tf_rel\">\n\t\t\t<div  data-lazy=\"1\" class=\"module_column tb-column col-full first tb_pr5z126 tf_box\">\n\t\t\t    \t        <div class=\"tb-column-inner tf_box tf_w\">\n\t\t    <!-- module text -->\n<div  class=\"module module-text tb_m666569   \" data-lazy=\"1\">\n        <div  class=\"tb_text_wrap\">\n    <p><iframe loading=\"lazy\" style=\"border: 0;\" src=\"https:\/\/www.google.com\/maps\/embed?pb=!1m14!1m8!1m3!1d10281.156398065245!2d32.752619684138864!3d39.99490752170854!3m2!1i1024!2i768!4f13.1!3m3!1m2!1s0x0%3A0x2d38e8bc9b6eb809!2sZ-sistem%20Havac%C4%B1l%C4%B1k%20ve%20Bili%C5%9Fim%20Sanayii!5e0!3m2!1str!2str!4v1648625999319!5m2!1str!2str\" width=\"12000\" height=\"550\" allowfullscreen=\"allowfullscreen\"><\/iframe><\/p>    <\/div>\n<\/div>\n<!-- \/module text -->\t        <\/div>\n\t    \t<\/div>\n\t\t    <\/div>\n\t    <!-- \/row_inner -->\n\t<\/div>\n\t<!-- \/module_row -->\n\t\t<!-- module_row -->\n\t<div  data-lazy=\"1\" class=\"module_row themify_builder_row repeat tb_r49x76 tf_clearfix\" >\n\t    \t\t<div class=\"row_inner col_align_top col-count-2 tf_box tf_w tf_rel\">\n\t\t\t<div  data-lazy=\"1\" class=\"module_column tb-column col4-2 first tb_rr7277 tf_box\">\n\t\t\t    \t<\/div>\n\t\t<div  data-lazy=\"1\" class=\"module_column tb-column col4-2 last tb_sw41630 tf_box\">\n\t\t\t    \t<\/div>\n\t\t    <\/div>\n\t    <!-- \/row_inner -->\n\t<\/div>\n\t<!-- \/module_row -->\n\t<\/div>\n<!--\/themify_builder_content-->","protected":false},"excerpt":{"rendered":"<p>\u0130LET\u0130\u015e\u0130M\u00a0 B\u0130LG\u0130LER\u0130 AR-GE &amp; \u00dcRET\u0130M TES\u0130S\u0130 Teknopark Ankara \u0130vedik OSB2224. Cd. No:1 G Blok G-306378 Yenimahalle ANKARA, TR bilgi@z-sistem.com T: +90(312) 299 2619 F:+90(312) 299 2109 KALIP &amp; KOMPOZ\u0130T AT\u00d6LYES\u0130 Elit Sanayi Sitesi1548. Cd. No:59\u00a0Yenimahalle ANKARA, TR T: +90(312) 299 2619 F:+90(312) 299 2109 \u00a0 &nbsp; B\u0130ZE MESAJ G\u00d6NDER &nbsp; A\u015fa\u011f\u0131daki ileti\u015fim kutusunu kullanarak bize [&hellip;]<\/p>\n","protected":false},"author":1,"featured_media":0,"parent":0,"menu_order":0,"comment_status":"closed","ping_status":"closed","template":"","meta":{"footnotes":""},"class_list":["post-1961","page","type-page","status-publish","hentry","has-post-title","has-post-date","has-post-category","has-post-tag","has-post-comment","has-post-author",""],"builder_content":"<h4 style=\"text-align: center;\">\u0130LET\u0130\u015e\u0130M\u00a0<\/h4> <h4 style=\"text-align: center;\">B\u0130LG\u0130LER\u0130<\/h4>\n\n<img src=\"http:\/\/www.z-sistem.com\/zs\/wp-content\/uploads\/2022\/03\/z-sistem-havacilik-bilisim-sanayi-1.jpeg\" width=\"500\" height=\"500\" title=\"\u0130leti\u015fim\" alt=\"\u0130leti\u015fim\">\n<h6>AR-GE &amp; \u00dcRET\u0130M TES\u0130S\u0130<\/h6>\n\n<p>Teknopark Ankara \u0130vedik OSB<br>2224. Cd. No:1 G Blok G-3<br>06378 Yenimahalle ANKARA, TR<\/p> <p>bilgi@z-sistem.com<\/p> <p>T: +90(312) 299 2619<\/p> <p>F:+90(312) 299 2109<\/p>\n<h6>KALIP &amp; KOMPOZ\u0130T AT\u00d6LYES\u0130<\/h6>\n\n<p>Elit Sanayi Sitesi<br>1548. Cd. No:59\u00a0<br>Yenimahalle ANKARA, TR<\/p> <p>T: +90(312) 299 2619<\/p> <p>F:+90(312) 299 2109<\/p> <p>\u00a0<\/p>\n<p>&nbsp;<\/p> <h5 style=\"color: #282561; text-align: center;\">B\u0130ZE MESAJ G\u00d6NDER<\/h5> <p>&nbsp;<\/p> <p><b style=\"color: #282561;\">A\u015fa\u011f\u0131daki ileti\u015fim kutusunu kullanarak bize mesaj g\u00f6nderebilirsiniz.<\/b><\/p> <p>&nbsp;<\/p> <p>[contact-form-7 id=\"1976\" title=\"\u0130leti\u015fim formu\"]<\/p>\n<p><iframe loading=\"lazy\" style=\"border: 0;\" src=\"https:\/\/www.google.com\/maps\/embed?pb=!1m14!1m8!1m3!1d10281.156398065245!2d32.752619684138864!3d39.99490752170854!3m2!1i1024!2i768!4f13.1!3m3!1m2!1s0x0%3A0x2d38e8bc9b6eb809!2sZ-sistem%20Havac%C4%B1l%C4%B1k%20ve%20Bili%C5%9Fim%20Sanayii!5e0!3m2!1str!2str!4v1648625999319!5m2!1str!2str\" width=\"12000\" height=\"550\" allowfullscreen=\"allowfullscreen\"><\/iframe><\/p>","_links":{"self":[{"href":"https:\/\/www.z-sistem.com\/zs\/wp-json\/wp\/v2\/pages\/1961","targetHints":{"allow":["GET"]}}],"collection":[{"href":"https:\/\/www.z-sistem.com\/zs\/wp-json\/wp\/v2\/pages"}],"about":[{"href":"https:\/\/www.z-sistem.com\/zs\/wp-json\/wp\/v2\/types\/page"}],"author":[{"embeddable":true,"href":"https:\/\/www.z-sistem.com\/zs\/wp-json\/wp\/v2\/users\/1"}],"replies":[{"embeddable":true,"href":"https:\/\/www.z-sistem.com\/zs\/wp-json\/wp\/v2\/comments?post=1961"}],"version-history":[{"count":100,"href":"https:\/\/www.z-sistem.com\/zs\/wp-json\/wp\/v2\/pages\/1961\/revisions"}],"predecessor-version":[{"id":2300,"href":"https:\/\/www.z-sistem.com\/zs\/wp-json\/wp\/v2\/pages\/1961\/revisions\/2300"}],"wp:attachment":[{"href":"https:\/\/www.z-sistem.com\/zs\/wp-json\/wp\/v2\/media?parent=1961"}],"curies":[{"name":"wp","href":"https:\/\/api.w.org\/{rel}","templated":true}]}}