{"id":2121,"date":"2022-03-31T11:22:59","date_gmt":"2022-03-31T11:22:59","guid":{"rendered":"https:\/\/www.z-sistem.com\/zs\/hakkimizda-copy\/"},"modified":"2025-11-30T15:34:34","modified_gmt":"2025-11-30T12:34:34","slug":"kalite-politikamiz","status":"publish","type":"page","link":"https:\/\/www.z-sistem.com\/zs\/kalite-politikamiz\/","title":{"rendered":"Kalite Politikam\u0131z"},"content":{"rendered":"<!--themify_builder_content-->\n<div id=\"themify_builder_content-2121\" data-postid=\"2121\" class=\"themify_builder_content themify_builder_content-2121 themify_builder tf_clear\">\n    \t<!-- module_row -->\n\t<div  data-lazy=\"1\" class=\"module_row themify_builder_row fullcover tb_wfed774 tb_first tf_clearfix\" >\n\t    <div class=\"tf_abs builder_row_cover\"><\/div>\t\t<div class=\"row_inner col_align_top col-count-1 tf_box tf_w tf_rel\">\n\t\t\t<div  data-lazy=\"1\" class=\"module_column tb-column col-full first tb_9kyf775 tf_box\">\n\t\t\t    \t<\/div>\n\t\t    <\/div>\n\t    <!-- \/row_inner -->\n\t<\/div>\n\t<!-- \/module_row -->\n\t\t<!-- module_row -->\n\t<div  data-lazy=\"1\" class=\"module_row themify_builder_row repeat tb_1uwa774 tf_clearfix\" >\n\t    \t\t<div class=\"row_inner col_align_top col-count-1 tf_box tf_w tf_rel\">\n\t\t\t<div  data-lazy=\"1\" class=\"module_column tb-column col-full first tb_lair777 tf_box\">\n\t\t\t    \t        <div class=\"tb-column-inner tf_box tf_w\">\n\t\t    <!-- module text -->\n<div  class=\"module module-text tb_rwd4278   \" data-lazy=\"1\">\n        <div  class=\"tb_text_wrap\">\n    <h3 style=\"text-align: center;\"><strong style=\"letter-spacing: -0.02em;\">Kalite Politikam\u0131z<\/strong><\/h3>    <\/div>\n<\/div>\n<!-- \/module text -->\t        <\/div>\n\t    \t<\/div>\n\t\t    <\/div>\n\t    <!-- \/row_inner -->\n\t<\/div>\n\t<!-- \/module_row -->\n\t\t<!-- module_row -->\n\t<div  data-lazy=\"1\" class=\"module_row themify_builder_row repeat tb_0euo774 tf_clearfix\" >\n\t    \t\t<div class=\"row_inner col_align_top col-count-2 tf_box tf_w tf_rel\">\n\t\t\t<div  data-lazy=\"1\" class=\"module_column tb-column col4-2 first tb_0lxr777 tf_box\">\n\t\t\t    \t        <div class=\"tb-column-inner tf_box tf_w\">\n\t\t    <!-- module text -->\n<div  class=\"module module-text tb_zvks777   \" data-lazy=\"1\">\n        <div  class=\"tb_text_wrap\">\n    <p class=\"p1\">Kaliteyi kendimiz i\u00e7in al\u0131\u015fkanl\u0131k haline getirmek, M\u00fc\u015fterinin; zaman\u0131nda teslimat, \u00fcr\u00fcn\/hizmet kalitesi<\/p>\n<p class=\"p1\">konusunda beklenti, ihtiya\u00e7 ve gerekliliklerini;<\/p>\n<p class=\"p1\">1. M\u00fcmk\u00fcn olan en y\u00fcksek standartlarda \u00fcr\u00fcn ve hizmet sa\u011flayarak,<\/p>\n<p class=\"p1\">2. S\u00fcre\u00e7, sistem ve \u00fcr\u00fcnlerimizi s\u00fcrekli iyile\u015ftirme \u00e7al\u0131\u015fmalar\u0131 ile geli\u015ftirerek ve<\/p>\n<p class=\"p1\">3. Personelimizin d\u00fczenli e\u011fitim ve geli\u015fimlerini sa\u011flayarak<\/p>\n<p class=\"p1\">hatas\u0131z ve kazas\u0131z \u015fekilde kar\u015f\u0131lamay\u0131 ve bu sayede <b>m\u00fc\u015fteri memnuniyetini sa\u011flamay\u0131<\/b> <b>Kalite Politikas\u0131 olarak<\/b><\/p>\n<p class=\"p1\">benimsemi\u015ftir.<\/p>    <\/div>\n<\/div>\n<!-- \/module text -->\t        <\/div>\n\t    \t<\/div>\n\t\t<div  data-lazy=\"1\" class=\"module_column tb-column col4-2 last tb_sil7379 tf_box\">\n\t\t\t    \t        <div class=\"tb-column-inner tf_box tf_w\">\n\t\t    <!-- module image -->\n<div  class=\"module module-image tb_6fo8784   image-center tf_mw\" data-lazy=\"1\">\n    <h3 class=\"module-title\">ISO 9001:2015<\/h3>    <div class=\"image-wrap tf_rel tf_mw\">\n\t\t    <img loading=\"lazy\" decoding=\"async\" src=\"http:\/\/www.z-sistem.com\/zs\/wp-content\/uploads\/2022\/02\/zsistem-ISO.jpg\" width=\"259\" height=\"365\" title=\"Kalite Politikam\u0131z\" alt=\"Kalite Politikam\u0131z\">\t\n\t\t<\/div>\n\t<!-- \/image-wrap -->\n    \n    \t<\/div>\n<!-- \/module image -->\t        <\/div>\n\t    \t<\/div>\n\t\t    <\/div>\n\t    <!-- \/row_inner -->\n\t<\/div>\n\t<!-- \/module_row -->\n\t<\/div>\n<!--\/themify_builder_content-->","protected":false},"excerpt":{"rendered":"<p>Kalite Politikam\u0131z Kaliteyi kendimiz i\u00e7in al\u0131\u015fkanl\u0131k haline getirmek, M\u00fc\u015fterinin; zaman\u0131nda teslimat, \u00fcr\u00fcn\/hizmet kalitesi konusunda beklenti, ihtiya\u00e7 ve gerekliliklerini; 1. M\u00fcmk\u00fcn olan en y\u00fcksek standartlarda \u00fcr\u00fcn ve hizmet sa\u011flayarak, 2. S\u00fcre\u00e7, sistem ve \u00fcr\u00fcnlerimizi s\u00fcrekli iyile\u015ftirme \u00e7al\u0131\u015fmalar\u0131 ile geli\u015ftirerek ve 3. Personelimizin d\u00fczenli e\u011fitim ve geli\u015fimlerini sa\u011flayarak hatas\u0131z ve kazas\u0131z \u015fekilde kar\u015f\u0131lamay\u0131 ve bu sayede m\u00fc\u015fteri [&hellip;]<\/p>\n","protected":false},"author":1,"featured_media":0,"parent":0,"menu_order":0,"comment_status":"closed","ping_status":"closed","template":"","meta":{"footnotes":""},"class_list":["post-2121","page","type-page","status-publish","hentry","has-post-title","has-post-date","has-post-category","has-post-tag","has-post-comment","has-post-author",""],"builder_content":"<h3 style=\"text-align: center;\"><strong style=\"letter-spacing: -0.02em;\">Kalite Politikam\u0131z<\/strong><\/h3>\n<p>Kaliteyi kendimiz i\u00e7in al\u0131\u015fkanl\u0131k haline getirmek, M\u00fc\u015fterinin; zaman\u0131nda teslimat, \u00fcr\u00fcn\/hizmet kalitesi<\/p> <p>konusunda beklenti, ihtiya\u00e7 ve gerekliliklerini;<\/p> <p>1. M\u00fcmk\u00fcn olan en y\u00fcksek standartlarda \u00fcr\u00fcn ve hizmet sa\u011flayarak,<\/p> <p>2. S\u00fcre\u00e7, sistem ve \u00fcr\u00fcnlerimizi s\u00fcrekli iyile\u015ftirme \u00e7al\u0131\u015fmalar\u0131 ile geli\u015ftirerek ve<\/p> <p>3. Personelimizin d\u00fczenli e\u011fitim ve geli\u015fimlerini sa\u011flayarak<\/p> <p>hatas\u0131z ve kazas\u0131z \u015fekilde kar\u015f\u0131lamay\u0131 ve bu sayede <b>m\u00fc\u015fteri memnuniyetini sa\u011flamay\u0131<\/b> <b>Kalite Politikas\u0131 olarak<\/b><\/p> <p>benimsemi\u015ftir.<\/p>\n<h3>ISO 9001:2015<\/h3> <img src=\"http:\/\/www.z-sistem.com\/zs\/wp-content\/uploads\/2022\/02\/zsistem-ISO.jpg\" width=\"259\" height=\"365\" title=\"Kalite Politikam\u0131z\" alt=\"Kalite Politikam\u0131z\">","_links":{"self":[{"href":"https:\/\/www.z-sistem.com\/zs\/wp-json\/wp\/v2\/pages\/2121","targetHints":{"allow":["GET"]}}],"collection":[{"href":"https:\/\/www.z-sistem.com\/zs\/wp-json\/wp\/v2\/pages"}],"about":[{"href":"https:\/\/www.z-sistem.com\/zs\/wp-json\/wp\/v2\/types\/page"}],"author":[{"embeddable":true,"href":"https:\/\/www.z-sistem.com\/zs\/wp-json\/wp\/v2\/users\/1"}],"replies":[{"embeddable":true,"href":"https:\/\/www.z-sistem.com\/zs\/wp-json\/wp\/v2\/comments?post=2121"}],"version-history":[{"count":37,"href":"https:\/\/www.z-sistem.com\/zs\/wp-json\/wp\/v2\/pages\/2121\/revisions"}],"predecessor-version":[{"id":2812,"href":"https:\/\/www.z-sistem.com\/zs\/wp-json\/wp\/v2\/pages\/2121\/revisions\/2812"}],"wp:attachment":[{"href":"https:\/\/www.z-sistem.com\/zs\/wp-json\/wp\/v2\/media?parent=2121"}],"curies":[{"name":"wp","href":"https:\/\/api.w.org\/{rel}","templated":true}]}}