{"id":2242,"date":"2022-04-01T11:19:02","date_gmt":"2022-04-01T11:19:02","guid":{"rendered":"https:\/\/www.z-sistem.com\/zs\/career-copy\/"},"modified":"2025-10-30T16:02:46","modified_gmt":"2025-10-30T13:02:46","slug":"kariyer","status":"publish","type":"page","link":"https:\/\/www.z-sistem.com\/zs\/kariyer\/","title":{"rendered":"Kariyer"},"content":{"rendered":"<!--themify_builder_content-->\n<div id=\"themify_builder_content-2242\" data-postid=\"2242\" class=\"themify_builder_content themify_builder_content-2242 themify_builder tf_clear\">\n    \t<!-- module_row -->\n\t<div  data-lazy=\"1\" class=\"module_row themify_builder_row builder-parallax-scrolling tb_l418164 tb_first tf_clearfix\" >\n\t    \t\t<div class=\"row_inner col_align_top col-count-1 tf_box tf_w tf_rel\">\n\t\t\t<div  data-lazy=\"1\" class=\"module_column tb-column col-full first tb_e8ku164 tf_box\">\n\t\t\t    \t        <div class=\"tb-column-inner tf_box tf_w\">\n\t\t    <!-- module text -->\n<div  class=\"module module-text tb_2wmz165   \" data-lazy=\"1\">\n        <div  class=\"tb_text_wrap\">\n    <h5 style=\"text-align: center;\"><span style=\"font-weight: bold; color: #282561;\">GELECE\u011e\u0130 \u015eEK\u0130LLEND\u0130REN B\u0130R EK\u0130B\u0130N PAR\u00c7ASI OLMAK,\u00a0<\/span><\/h5>\n<h5 style=\"text-align: center;\"><span style=\"font-weight: bold; color: #282561;\">SINIRLARINIZI A\u015eMAK \u0130STER M\u0130S\u0130N\u0130Z?<\/span><\/h5>    <\/div>\n<\/div>\n<!-- \/module text --><!-- module text -->\n<div  class=\"module module-text tb_8m4z166  repeat \" data-lazy=\"1\">\n        <div  class=\"tb_text_wrap\">\n    <p style=\"text-align: center;\"><a href=\"mailto:kariyer@z-sistem.com\"><br><button style=\"border-radius: 40px; background-color: #2ba0ff;\" type=\"button\">kariyer@z-sistem.com<\/button><br><\/a><\/p>    <\/div>\n<\/div>\n<!-- \/module text -->\t        <\/div>\n\t    \t<\/div>\n\t\t    <\/div>\n\t    <!-- \/row_inner -->\n\t<\/div>\n\t<!-- \/module_row -->\n\t<\/div>\n<!--\/themify_builder_content-->","protected":false},"excerpt":{"rendered":"<p>GELECE\u011e\u0130 \u015eEK\u0130LLEND\u0130REN B\u0130R EK\u0130B\u0130N PAR\u00c7ASI OLMAK,\u00a0 SINIRLARINIZI A\u015eMAK \u0130STER M\u0130S\u0130N\u0130Z? kariyer@z-sistem.com<\/p>\n","protected":false},"author":1,"featured_media":0,"parent":0,"menu_order":0,"comment_status":"closed","ping_status":"closed","template":"","meta":{"footnotes":""},"class_list":["post-2242","page","type-page","status-publish","hentry","has-post-title","has-post-date","has-post-category","has-post-tag","has-post-comment","has-post-author",""],"builder_content":"<h5 style=\"text-align: center;\">GELECE\u011e\u0130 \u015eEK\u0130LLEND\u0130REN B\u0130R EK\u0130B\u0130N PAR\u00c7ASI OLMAK,\u00a0<\/h5> <h5 style=\"text-align: center;\">SINIRLARINIZI A\u015eMAK \u0130STER M\u0130S\u0130N\u0130Z?<\/h5>\n<p style=\"text-align: center;\"><a href=\"mailto:kariyer@z-sistem.com\"><br><button style=\"border-radius: 40px; background-color: #2ba0ff;\" type=\"button\">kariyer@z-sistem.com<\/button><br><\/a><\/p>","_links":{"self":[{"href":"https:\/\/www.z-sistem.com\/zs\/wp-json\/wp\/v2\/pages\/2242","targetHints":{"allow":["GET"]}}],"collection":[{"href":"https:\/\/www.z-sistem.com\/zs\/wp-json\/wp\/v2\/pages"}],"about":[{"href":"https:\/\/www.z-sistem.com\/zs\/wp-json\/wp\/v2\/types\/page"}],"author":[{"embeddable":true,"href":"https:\/\/www.z-sistem.com\/zs\/wp-json\/wp\/v2\/users\/1"}],"replies":[{"embeddable":true,"href":"https:\/\/www.z-sistem.com\/zs\/wp-json\/wp\/v2\/comments?post=2242"}],"version-history":[{"count":18,"href":"https:\/\/www.z-sistem.com\/zs\/wp-json\/wp\/v2\/pages\/2242\/revisions"}],"predecessor-version":[{"id":2652,"href":"https:\/\/www.z-sistem.com\/zs\/wp-json\/wp\/v2\/pages\/2242\/revisions\/2652"}],"wp:attachment":[{"href":"https:\/\/www.z-sistem.com\/zs\/wp-json\/wp\/v2\/media?parent=2242"}],"curies":[{"name":"wp","href":"https:\/\/api.w.org\/{rel}","templated":true}]}}