{"id":605,"date":"2022-03-08T15:16:27","date_gmt":"2022-03-08T15:16:27","guid":{"rendered":"https:\/\/www.z-sistem.com\/zs\/?page_id=605"},"modified":"2025-10-30T16:22:03","modified_gmt":"2025-10-30T13:22:03","slug":"hbr30-e","status":"publish","type":"page","link":"https:\/\/www.z-sistem.com\/zs\/hbr30-e\/","title":{"rendered":"HBR30-E"},"content":{"rendered":"<!--themify_builder_content-->\n<div id=\"themify_builder_content-605\" data-postid=\"605\" class=\"themify_builder_content themify_builder_content-605 themify_builder tf_clear\">\n    \t<!-- module_row -->\n\t<div  data-lazy=\"1\" class=\"module_row themify_builder_row fullcover tb_gmwa667 tb_first tf_clearfix\" >\n\t    \t\t<div class=\"row_inner col_align_top col-count-1 tf_box tf_w tf_rel\">\n\t\t\t<div  data-lazy=\"1\" class=\"module_column tb-column col-full first tb_p9t4672 fullcover tf_box\">\n\t\t\t    \t        <div class=\"tb-column-inner tf_box tf_w\">\n\t\t    <!-- module text -->\n<div  class=\"module module-text tb_fcl0827  repeat  hide-on-stick\" data-lazy=\"1\">\n        <div  class=\"tb_text_wrap\">\n    <h1><span style=\"color: #ffffff;\">HBR30-E<\/span><\/h1>\n<h4><span style=\"color: #ffffff;\">VTOL H\u0130BR\u0130T ELEKTR\u0130KL\u0130 \u0130HA<\/span><\/h4>    <\/div>\n<\/div>\n<!-- \/module text -->\t        <\/div>\n\t    \t<\/div>\n\t\t    <\/div>\n\t    <!-- \/row_inner -->\n\t<\/div>\n\t<!-- \/module_row -->\n\t\t<!-- module_row -->\n\t<div  data-lazy=\"1\" class=\"module_row themify_builder_row repeat tb_dmmb364 tf_clearfix\" >\n\t    \t\t<div class=\"row_inner col_align_middle col-count-1 tf_box tf_w tf_rel\">\n\t\t\t<div  data-lazy=\"1\" class=\"module_column tb-column col-full first tb_qkfh365 tf_box\">\n\t\t\t    \t        <div class=\"tb-column-inner tf_box tf_w\">\n\t\t    <!-- module image -->\n<div  class=\"module module-image tb_fx9p871   image-top tf_mw\" data-lazy=\"1\">\n        <div class=\"image-wrap tf_rel tf_mw\">\n\t\t    <img loading=\"lazy\" decoding=\"async\" src=\"http:\/\/www.z-sistem.com\/zs\/wp-content\/uploads\/2022\/03\/hbr30e.png\" width=\"447\" height=\"237\" title=\"HBR30-E\" alt=\"HBR30-E\">\t\n\t\t<\/div>\n\t<!-- \/image-wrap -->\n    \n    \t<\/div>\n<!-- \/module image -->\t        <\/div>\n\t    \t<\/div>\n\t\t    <\/div>\n\t    <!-- \/row_inner -->\n\t<\/div>\n\t<!-- \/module_row -->\n\t\t<!-- module_row -->\n\t<div  data-css_id=\"703g743\" data-lazy=\"1\" class=\"module_row themify_builder_row repeat fullwidth_row_container tb_703g743 tf_clearfix\" >\n\t    \t\t<div class=\"row_inner col_align_top col-count-2 tf_box tf_w tf_rel\">\n\t\t\t<div  data-lazy=\"1\" class=\"module_column tb-column col4-1 first tb_3hxg745 tf_box\">\n\t\t\t    \t        <div class=\"tb-column-inner tf_box tf_w\">\n\t\t    <!-- module text -->\n<div  class=\"module module-text tb_nse6881   \" data-lazy=\"1\">\n        <div  class=\"tb_text_wrap\">\n    <h4>GENEL TANIM<\/h4>    <\/div>\n<\/div>\n<!-- \/module text -->\t        <\/div>\n\t    \t<\/div>\n\t\t<div  data-lazy=\"1\" class=\"module_column tb-column col4-3 last tb_cx3565 tf_box\">\n\t\t\t    \t        <div class=\"tb-column-inner tf_box tf_w\">\n\t\t    <!-- module text -->\n<div  class=\"module module-text tb_inue990   \" data-lazy=\"1\">\n        <div  class=\"tb_text_wrap\">\n    <p>HBR30-E, milli imkan ve olanaklarla tasarlanm\u0131\u015f, sessiz ve y\u00fcksek performansl\u0131 sabit kanatl\u0131 ve dikey ini\u015f kalk\u0131\u015f \u00f6zelli\u011fine sahip bir \u0130nsans\u0131z Hava Arac\u0131d\u0131r. U\u00e7u\u015fta BLDC tip elektrikli motorlar\u0131 kullanan HBR30-E, en zorlu ortamlarda 2 saat boyunca son derece sessiz bir \u015fekilde g\u00f6rev ger\u00e7ekle\u015ftirebilir.<\/p>    <\/div>\n<\/div>\n<!-- \/module text -->\t        <\/div>\n\t    \t<\/div>\n\t\t    <\/div>\n\t    <!-- \/row_inner -->\n\t<\/div>\n\t<!-- \/module_row -->\n\t\t<!-- module_row -->\n\t<div  data-lazy=\"1\" class=\"module_row themify_builder_row repeat tb_hsfh430 tf_clearfix\" >\n\t    \t\t<div class=\"row_inner col_align_top col-count-3 tf_box tf_w tf_rel\">\n\t\t\t<div  data-lazy=\"1\" class=\"module_column tb-column col4-1 first tb_m764432 tf_box\">\n\t\t\t    \t        <div class=\"tb-column-inner tf_box tf_w\">\n\t\t    <!-- module text -->\n<div  class=\"module module-text tb_4zoz871   \" data-lazy=\"1\">\n        <div  class=\"tb_text_wrap\">\n    <h4>UYGULAMA<\/h4>\n<h4>ALANLARI<\/h4>    <\/div>\n<\/div>\n<!-- \/module text -->\t        <\/div>\n\t    \t<\/div>\n\t\t<div  data-lazy=\"1\" class=\"module_column tb-column col4-1 middle tb_uayd485 repeat tf_box\">\n\t\t\t    \t        <div class=\"tb-column-inner tf_box tf_w\">\n\t\t    <!-- module text -->\n<div  class=\"module module-text tb_0qzc108   \" data-lazy=\"1\">\n        <div  class=\"tb_text_wrap\">\n    <ul>\n<li>\u00d6zel Operasyonlar<\/li>\n<li>Ani M\u00fcdahale Timleri<\/li>\n<li>Hedef Alg\u0131lama ve Lazer \u0130\u015faretleme<\/li>\n<li>Arama Kurtarma<\/li>\n<li>Haritaland\u0131rma<\/li>\n<li>Zirai \u00d6l\u00e7\u00fcmler<\/li>\n<\/ul>    <\/div>\n<\/div>\n<!-- \/module text -->\t        <\/div>\n\t    \t<\/div>\n\t\t<div  data-lazy=\"1\" class=\"module_column tb-column col4-2 last tb_k0v2552 tf_box\">\n\t\t\t    \t        <div class=\"tb-column-inner tf_box tf_w\">\n\t\t    <!-- module image -->\n<div  class=\"module module-image tb_pgeo168   image-top tf_mw\" data-lazy=\"1\">\n        <div class=\"image-wrap tf_rel tf_mw\">\n\t\t    <img loading=\"lazy\" decoding=\"async\" src=\"http:\/\/www.z-sistem.com\/zs\/wp-content\/uploads\/2022\/03\/hbr30e-1.jpg\" width=\"446\" height=\"218\" title=\"HBR30-E\" alt=\"HBR30-E\">\t\n\t\t<\/div>\n\t<!-- \/image-wrap -->\n    \n    \t<\/div>\n<!-- \/module image -->\t        <\/div>\n\t    \t<\/div>\n\t\t    <\/div>\n\t    <!-- \/row_inner -->\n\t<\/div>\n\t<!-- \/module_row -->\n\t\t<!-- module_row -->\n\t<div  data-lazy=\"1\" class=\"module_row themify_builder_row repeat tb_7c65228 tf_clearfix\" >\n\t    \t\t<div class=\"row_inner col_align_top col-count-2 tf_box tf_w tf_rel\">\n\t\t\t<div  data-lazy=\"1\" style=\"width: 23.97%\" class=\"module_column tb-column col2-1 first tb_apbp229 tf_box\">\n\t\t\t    \t        <div class=\"tb-column-inner tf_box tf_w\">\n\t\t    <!-- module text -->\n<div  class=\"module module-text tb_3o8b606   \" data-lazy=\"1\">\n        <div  class=\"tb_text_wrap\">\n    <h4>K\u0130L\u0130T<\/h4>\n<h4>\u00d6ZELL\u0130KLER<\/h4>    <\/div>\n<\/div>\n<!-- \/module text -->\t        <\/div>\n\t    \t<\/div>\n\t\t<div  data-lazy=\"1\" style=\"width: 72.83%\" class=\"module_column tb-column col2-1 last tb_05or229 tf_box\">\n\t\t\t    \t        <div class=\"tb-column-inner tf_box tf_w\">\n\t\t    <!-- module text -->\n<div  class=\"module module-text tb_nyi6380   \" data-lazy=\"1\">\n        <div  class=\"tb_text_wrap\">\n    <ul>\n<li>2 saat u\u00e7u\u015f s\u00fcresi<\/li>\n<li>Pist veya sert zemin gerekmeyen dikey ini\u015f-kalk\u0131\u015f \u00f6zelli\u011fi<\/li>\n<li>Ba\u011flant\u0131 kayb\u0131 durumunda otomatik eve d\u00f6n\u00fc\u015f<\/li>\n<li>Nemli ve tozlu ortamlarda bile \u00e7al\u0131\u015fabilen g\u00fcvenilir platform<\/li>\n<li>15 knot r\u00fczgara kadar u\u00e7u\u015f kabiliyeti<\/li>\n<li>Farkl\u0131 g\u00f6rev gereksinimlerine g\u00f6re 5kg a\u011f\u0131rl\u0131\u011fa kadar farkl\u0131 faydal\u0131 y\u00fckler.(Gimbal, haritalama cihazlar\u0131, LIDAR, Multispektral sens\u00f6r)<\/li>\n<\/ul>    <\/div>\n<\/div>\n<!-- \/module text -->\t        <\/div>\n\t    \t<\/div>\n\t\t    <\/div>\n\t    <!-- \/row_inner -->\n\t<\/div>\n\t<!-- \/module_row -->\n\t\t<!-- module_row -->\n\t<div  data-lazy=\"1\" class=\"module_row themify_builder_row repeat tb_ofgu786 tf_clearfix\" >\n\t    \t\t<div class=\"row_inner col_align_top col-count-2 tf_box tf_w tf_rel\">\n\t\t\t<div  data-lazy=\"1\" class=\"module_column tb-column col4-1 first tb_sdrt787 tf_box\">\n\t\t\t    \t        <div class=\"tb-column-inner tf_box tf_w\">\n\t\t    <!-- module text -->\n<div  class=\"module module-text tb_ztw7410   \" data-lazy=\"1\">\n        <div  class=\"tb_text_wrap\">\n    <h4>BOYUTLAR<\/h4>    <\/div>\n<\/div>\n<!-- \/module text -->\t        <\/div>\n\t    \t<\/div>\n\t\t<div  data-lazy=\"1\" class=\"module_column tb-column col4-3 last tb_yfsq788 tf_box\">\n\t\t\t    \t        <div class=\"tb-column-inner tf_box tf_w\">\n\t\t    <!-- module image -->\n<div  class=\"module module-image tb_2bjd272   image-top tf_mw\" data-lazy=\"1\">\n        <div class=\"image-wrap tf_rel tf_mw\">\n\t\t    <img loading=\"lazy\" decoding=\"async\" src=\"http:\/\/www.z-sistem.com\/zs\/wp-content\/uploads\/2022\/03\/hbr30e_boyut.png\" width=\"561\" height=\"282\" title=\"HBR30-E\" alt=\"HBR30-E\">\t\n\t\t<\/div>\n\t<!-- \/image-wrap -->\n    \n    \t<\/div>\n<!-- \/module image -->\t        <\/div>\n\t    \t<\/div>\n\t\t    <\/div>\n\t    <!-- \/row_inner -->\n\t<\/div>\n\t<!-- \/module_row -->\n\t\t<!-- module_row -->\n\t<div  data-lazy=\"1\" class=\"module_row themify_builder_row repeat tb_c3i8165 tf_clearfix\" >\n\t    \t\t<div class=\"row_inner col_align_top col-count-2 tf_box tf_w tf_rel\">\n\t\t\t<div  data-lazy=\"1\" style=\"width: 26.18%\" class=\"module_column tb-column col4-1 first tb_ckkd166 tf_box\">\n\t\t\t    \t        <div class=\"tb-column-inner tf_box tf_w\">\n\t\t    <!-- module text -->\n<div  class=\"module module-text tb_tyaq402   \" data-lazy=\"1\">\n        <div  class=\"tb_text_wrap\">\n    <h4>\u00d6ZELL\u0130KLER<\/h4>    <\/div>\n<\/div>\n<!-- \/module text -->\t        <\/div>\n\t    \t<\/div>\n\t\t<div  data-lazy=\"1\" style=\"width: 70.62%\" class=\"module_column tb-column col4-3 last tb_5vxf167 tf_box\">\n\t\t\t    \t        <div class=\"tb-column-inner tf_box tf_w\">\n\t\t    <!-- module text -->\n<div  class=\"module module-text tb_j92o228   \" data-lazy=\"1\">\n        <div  class=\"tb_text_wrap\">\n    <p><!-- wp:table {\"className\":\"is-style-stripes\"} --><\/p>\n<figure class=\"wp-block-table is-style-stripes\">\n<table>\n<tbody>\n<tr>\n<td>G\u00f6vde Yap\u0131s\u0131<\/td>\n<td>Karbon-Fiber Kompozit<\/td>\n<\/tr>\n<tr>\n<td>Maksimum Kalk\u0131\u015f A\u011f\u0131rl\u0131\u011f\u0131<\/td>\n<td>28 kg \/ 61 lbs<\/td>\n<\/tr>\n<tr>\n<td>U\u00e7u\u015f S\u00fcresi<\/td>\n<td>2 saat<\/td>\n<\/tr>\n<tr>\n<td>Seyir H\u0131z\u0131<\/td>\n<td>55 knots<\/td>\n<\/tr>\n<tr>\n<td>Maksimum H\u0131z<\/td>\n<td>75 knots<\/td>\n<\/tr>\n<tr>\n<td>Kanat A\u00e7\u0131kl\u0131\u011f\u0131<\/td>\n<td>3.84 m \/ 12.6 ft<\/td>\n<\/tr>\n<tr>\n<td>Uzunluk<\/td>\n<td>2.2 m<\/td>\n<\/tr>\n<tr>\n<td>Kuyruk Y\u00fcksekli\u011fi<\/td>\n<td>0.4 m<\/td>\n<\/tr>\n<tr>\n<td>Toplam Y\u00fckseklik<\/td>\n<td>0.75 m<\/td>\n<\/tr>\n<tr>\n<td>Maksimum Faydal\u0131 Y\u00fck<\/td>\n<td>5 kg \/ 11 lb<\/td>\n<\/tr>\n<tr>\n<td>U\u00e7u\u015f Sistemi<\/td>\n<td>Otonom kalk\u0131\u015f, u\u00e7u\u015f ve ini\u015f<\/td>\n<\/tr>\n<tr>\n<td>VTOL Motorlar<\/td>\n<td>4x BLDC, tanesi 3 kW<\/td>\n<\/tr>\n<tr>\n<td>\u0130leri U\u00e7u\u015f Motoru<\/td>\n<td>BLDC, 2.5 kW<\/td>\n<\/tr>\n<tr>\n<td>U\u00e7u\u015f Tavan\u0131<\/td>\n<td>10000 ft MSL<\/td>\n<\/tr>\n<tr>\n<td>Kalk\u0131\u015f Y\u00f6ntemi<\/td>\n<td>VTOL<\/td>\n<\/tr>\n<tr>\n<td>Haberle\u015fme Menzili<\/td>\n<td>20 km (1W, k\u0131rba\u00e7 anten)<\/td>\n<\/tr>\n<tr>\n<td>Yer \u0130stasyonu Menzili<\/td>\n<td>20km(1W, y\u00f6nlendirilmi\u015f anten)<\/td>\n<\/tr>\n<tr>\n<td>\u0130leti\u015fim G\u00fcvenli\u011fi<\/td>\n<td>Kripto<\/td>\n<\/tr>\n<tr>\n<td>G\u00fc\u00e7 Sistemi<\/td>\n<td>Ba\u011f\u0131ms\u0131z bir bataryadan beslenen reg\u00fcle 24V, 12V, 8V, 5V<\/td>\n<\/tr>\n<tr>\n<td>Faydal\u0131 Y\u00fck<\/td>\n<td>Gimbal, Haritalama Te\u00e7hizat\u0131, LIDAR, Multispektral Sens\u00f6r<\/td>\n<\/tr>\n<tr>\n<td>\u00c7al\u0131\u015fma S\u0131cakl\u0131\u011f\u0131<\/td>\n<td>-5 + 35 C\u00b0<\/td>\n<\/tr>\n<tr>\n<td>U\u00e7u\u015f Ekibi<\/td>\n<td>2 ki\u015fi<\/td>\n<\/tr>\n<tr>\n<td>Ta\u015f\u0131ma<\/td>\n<td>Tek sand\u0131k, 2.3 m\u00d70.9 m\u00d70.9 m<\/td>\n<\/tr>\n<\/tbody>\n<\/table>\n<\/figure>\n<p><!-- \/wp:table --><\/p>    <\/div>\n<\/div>\n<!-- \/module text -->\t        <\/div>\n\t    \t<\/div>\n\t\t    <\/div>\n\t    <!-- \/row_inner -->\n\t<\/div>\n\t<!-- \/module_row -->\n\t<\/div>\n<!--\/themify_builder_content-->","protected":false},"excerpt":{"rendered":"<p>HBR30-E VTOL H\u0130BR\u0130T ELEKTR\u0130KL\u0130 \u0130HA GENEL TANIM HBR30-E, milli imkan ve olanaklarla tasarlanm\u0131\u015f, sessiz ve y\u00fcksek performansl\u0131 sabit kanatl\u0131 ve dikey ini\u015f kalk\u0131\u015f \u00f6zelli\u011fine sahip bir \u0130nsans\u0131z Hava Arac\u0131d\u0131r. U\u00e7u\u015fta BLDC tip elektrikli motorlar\u0131 kullanan HBR30-E, en zorlu ortamlarda 2 saat boyunca son derece sessiz bir \u015fekilde g\u00f6rev ger\u00e7ekle\u015ftirebilir. UYGULAMA ALANLARI \u00d6zel Operasyonlar Ani M\u00fcdahale [&hellip;]<\/p>\n","protected":false},"author":1,"featured_media":0,"parent":0,"menu_order":0,"comment_status":"closed","ping_status":"closed","template":"","meta":{"footnotes":""},"class_list":["post-605","page","type-page","status-publish","hentry","has-post-title","has-post-date","has-post-category","has-post-tag","has-post-comment","has-post-author",""],"builder_content":"<h1>HBR30-E<\/h1> <h4>VTOL H\u0130BR\u0130T ELEKTR\u0130KL\u0130 \u0130HA<\/h4>\n<img src=\"http:\/\/www.z-sistem.com\/zs\/wp-content\/uploads\/2022\/03\/hbr30e.png\" width=\"447\" height=\"237\" title=\"HBR30-E\" alt=\"HBR30-E\">\n<h4>GENEL TANIM<\/h4>\n<p>HBR30-E, milli imkan ve olanaklarla tasarlanm\u0131\u015f, sessiz ve y\u00fcksek performansl\u0131 sabit kanatl\u0131 ve dikey ini\u015f kalk\u0131\u015f \u00f6zelli\u011fine sahip bir \u0130nsans\u0131z Hava Arac\u0131d\u0131r. U\u00e7u\u015fta BLDC tip elektrikli motorlar\u0131 kullanan HBR30-E, en zorlu ortamlarda 2 saat boyunca son derece sessiz bir \u015fekilde g\u00f6rev ger\u00e7ekle\u015ftirebilir.<\/p>\n<h4>UYGULAMA<\/h4> <h4>ALANLARI<\/h4>\n<ul> <li>\u00d6zel Operasyonlar<\/li> <li>Ani M\u00fcdahale Timleri<\/li> <li>Hedef Alg\u0131lama ve Lazer \u0130\u015faretleme<\/li> <li>Arama Kurtarma<\/li> <li>Haritaland\u0131rma<\/li> <li>Zirai \u00d6l\u00e7\u00fcmler<\/li> <\/ul>\n<img src=\"http:\/\/www.z-sistem.com\/zs\/wp-content\/uploads\/2022\/03\/hbr30e-1.jpg\" width=\"446\" height=\"218\" title=\"HBR30-E\" alt=\"HBR30-E\">\n<h4>K\u0130L\u0130T<\/h4> <h4>\u00d6ZELL\u0130KLER<\/h4>\n<ul> <li>2 saat u\u00e7u\u015f s\u00fcresi<\/li> <li>Pist veya sert zemin gerekmeyen dikey ini\u015f-kalk\u0131\u015f \u00f6zelli\u011fi<\/li> <li>Ba\u011flant\u0131 kayb\u0131 durumunda otomatik eve d\u00f6n\u00fc\u015f<\/li> <li>Nemli ve tozlu ortamlarda bile \u00e7al\u0131\u015fabilen g\u00fcvenilir platform<\/li> <li>15 knot r\u00fczgara kadar u\u00e7u\u015f kabiliyeti<\/li> <li>Farkl\u0131 g\u00f6rev gereksinimlerine g\u00f6re 5kg a\u011f\u0131rl\u0131\u011fa kadar farkl\u0131 faydal\u0131 y\u00fckler.(Gimbal, haritalama cihazlar\u0131, LIDAR, Multispektral sens\u00f6r)<\/li> <\/ul>\n<h4>BOYUTLAR<\/h4>\n<img src=\"http:\/\/www.z-sistem.com\/zs\/wp-content\/uploads\/2022\/03\/hbr30e_boyut.png\" width=\"561\" height=\"282\" title=\"HBR30-E\" alt=\"HBR30-E\">\n<h4>\u00d6ZELL\u0130KLER<\/h4>\n<p><\/p> <figure> <table> <tbody> <tr> <td>G\u00f6vde Yap\u0131s\u0131<\/td> <td>Karbon-Fiber Kompozit<\/td> <\/tr> <tr> <td>Maksimum Kalk\u0131\u015f A\u011f\u0131rl\u0131\u011f\u0131<\/td> <td>28 kg \/ 61 lbs<\/td> <\/tr> <tr> <td>U\u00e7u\u015f S\u00fcresi<\/td> <td>2 saat<\/td> <\/tr> <tr> <td>Seyir H\u0131z\u0131<\/td> <td>55 knots<\/td> <\/tr> <tr> <td>Maksimum H\u0131z<\/td> <td>75 knots<\/td> <\/tr> <tr> <td>Kanat A\u00e7\u0131kl\u0131\u011f\u0131<\/td> <td>3.84 m \/ 12.6 ft<\/td> <\/tr> <tr> <td>Uzunluk<\/td> <td>2.2 m<\/td> <\/tr> <tr> <td>Kuyruk Y\u00fcksekli\u011fi<\/td> <td>0.4 m<\/td> <\/tr> <tr> <td>Toplam Y\u00fckseklik<\/td> <td>0.75 m<\/td> <\/tr> <tr> <td>Maksimum Faydal\u0131 Y\u00fck<\/td> <td>5 kg \/ 11 lb<\/td> <\/tr> <tr> <td>U\u00e7u\u015f Sistemi<\/td> <td>Otonom kalk\u0131\u015f, u\u00e7u\u015f ve ini\u015f<\/td> <\/tr> <tr> <td>VTOL Motorlar<\/td> <td>4x BLDC, tanesi 3 kW<\/td> <\/tr> <tr> <td>\u0130leri U\u00e7u\u015f Motoru<\/td> <td>BLDC, 2.5 kW<\/td> <\/tr> <tr> <td>U\u00e7u\u015f Tavan\u0131<\/td> <td>10000 ft MSL<\/td> <\/tr> <tr> <td>Kalk\u0131\u015f Y\u00f6ntemi<\/td> <td>VTOL<\/td> <\/tr> <tr> <td>Haberle\u015fme Menzili<\/td> <td>20 km (1W, k\u0131rba\u00e7 anten)<\/td> <\/tr> <tr> <td>Yer \u0130stasyonu Menzili<\/td> <td>20km(1W, y\u00f6nlendirilmi\u015f anten)<\/td> <\/tr> <tr> <td>\u0130leti\u015fim G\u00fcvenli\u011fi<\/td> <td>Kripto<\/td> <\/tr> <tr> <td>G\u00fc\u00e7 Sistemi<\/td> <td>Ba\u011f\u0131ms\u0131z bir bataryadan beslenen reg\u00fcle 24V, 12V, 8V, 5V<\/td> <\/tr> <tr> <td>Faydal\u0131 Y\u00fck<\/td> <td>Gimbal, Haritalama Te\u00e7hizat\u0131, LIDAR, Multispektral Sens\u00f6r<\/td> <\/tr> <tr> <td>\u00c7al\u0131\u015fma S\u0131cakl\u0131\u011f\u0131<\/td> <td>-5 + 35 C\u00b0<\/td> <\/tr> <tr> <td>U\u00e7u\u015f Ekibi<\/td> <td>2 ki\u015fi<\/td> <\/tr> <tr> <td>Ta\u015f\u0131ma<\/td> <td>Tek sand\u0131k, 2.3 m\u00d70.9 m\u00d70.9 m<\/td> <\/tr> <\/tbody> <\/table> <\/figure> <p><\/p>","_links":{"self":[{"href":"https:\/\/www.z-sistem.com\/zs\/wp-json\/wp\/v2\/pages\/605","targetHints":{"allow":["GET"]}}],"collection":[{"href":"https:\/\/www.z-sistem.com\/zs\/wp-json\/wp\/v2\/pages"}],"about":[{"href":"https:\/\/www.z-sistem.com\/zs\/wp-json\/wp\/v2\/types\/page"}],"author":[{"embeddable":true,"href":"https:\/\/www.z-sistem.com\/zs\/wp-json\/wp\/v2\/users\/1"}],"replies":[{"embeddable":true,"href":"https:\/\/www.z-sistem.com\/zs\/wp-json\/wp\/v2\/comments?post=605"}],"version-history":[{"count":100,"href":"https:\/\/www.z-sistem.com\/zs\/wp-json\/wp\/v2\/pages\/605\/revisions"}],"predecessor-version":[{"id":2654,"href":"https:\/\/www.z-sistem.com\/zs\/wp-json\/wp\/v2\/pages\/605\/revisions\/2654"}],"wp:attachment":[{"href":"https:\/\/www.z-sistem.com\/zs\/wp-json\/wp\/v2\/media?parent=605"}],"curies":[{"name":"wp","href":"https:\/\/api.w.org\/{rel}","templated":true}]}}