{"id":693,"date":"2022-03-23T12:24:10","date_gmt":"2022-03-23T12:24:10","guid":{"rendered":"https:\/\/www.z-sistem.com\/zs\/?page_id=693"},"modified":"2025-10-30T16:37:05","modified_gmt":"2025-10-30T13:37:05","slug":"hbr30-g","status":"publish","type":"page","link":"https:\/\/www.z-sistem.com\/zs\/hbr30-g\/","title":{"rendered":"HBR30-G"},"content":{"rendered":"<!--themify_builder_content-->\n<div id=\"themify_builder_content-693\" data-postid=\"693\" class=\"themify_builder_content themify_builder_content-693 themify_builder tf_clear\">\n    \t<!-- module_row -->\n\t<div  data-lazy=\"1\" class=\"module_row themify_builder_row fullcover tb_86kv901 tb_first tf_clearfix\" >\n\t    \t\t<div class=\"row_inner col_align_top col-count-1 tf_box tf_w tf_rel\">\n\t\t\t<div  data-lazy=\"1\" class=\"module_column tb-column col-full first tb_yuit902 fullcover tf_box\">\n\t\t\t    \t        <div class=\"tb-column-inner tf_box tf_w\">\n\t\t    <!-- module text -->\n<div  class=\"module module-text tb_bhh9897   \" data-lazy=\"1\">\n        <div  class=\"tb_text_wrap\">\n    <h1><span style=\"color: #ffffff;\">HBR30-G<\/span><\/h1>\n<h4><span style=\"color: #ffffff;\">VTOL H\u0130BR\u0130T \u0130NSANSIZ HAVA ARACI<\/span><\/h4>    <\/div>\n<\/div>\n<!-- \/module text -->\t        <\/div>\n\t    \t<\/div>\n\t\t    <\/div>\n\t    <!-- \/row_inner -->\n\t<\/div>\n\t<!-- \/module_row -->\n\t\t<!-- module_row -->\n\t<div  data-lazy=\"1\" class=\"module_row themify_builder_row repeat tb_zeda888 tf_clearfix\" >\n\t    \t\t<div class=\"row_inner col_align_top col-count-1 tf_box tf_w tf_rel\">\n\t\t\t<div  data-lazy=\"1\" class=\"module_column tb-column col-full first tb_dgsw889 tf_box\">\n\t\t\t    \t        <div class=\"tb-column-inner tf_box tf_w\">\n\t\t    <!-- module image -->\n<div  class=\"module module-image tb_3a0w673   image-top tf_mw\" data-lazy=\"1\">\n        <div class=\"image-wrap tf_rel tf_mw\">\n\t\t    <img loading=\"lazy\" decoding=\"async\" src=\"http:\/\/www.z-sistem.com\/zs\/wp-content\/uploads\/2022\/03\/hbr30g-1.png\" width=\"477\" height=\"237\" title=\"HBR30-G\" alt=\"HBR30-G\">\t\n\t\t<\/div>\n\t<!-- \/image-wrap -->\n    \n    \t<\/div>\n<!-- \/module image -->\t        <\/div>\n\t    \t<\/div>\n\t\t    <\/div>\n\t    <!-- \/row_inner -->\n\t<\/div>\n\t<!-- \/module_row -->\n\t\t<!-- module_row -->\n\t<div  data-lazy=\"1\" class=\"module_row themify_builder_row repeat tb_hdw4476 tf_clearfix\" >\n\t    \t\t<div class=\"row_inner col_align_top col-count-2 tf_box tf_w tf_rel\">\n\t\t\t<div  data-lazy=\"1\" style=\"width: 25.68%\" class=\"module_column tb-column col4-2 first tb_pxv2477 tf_box\">\n\t\t\t    \t        <div class=\"tb-column-inner tf_box tf_w\">\n\t\t    <!-- module text -->\n<div  class=\"module module-text tb_ba8v828  repeat \" data-lazy=\"1\">\n        <div  class=\"tb_text_wrap\">\n    <h4>GENEL TANIM<\/h4>    <\/div>\n<\/div>\n<!-- \/module text -->\t        <\/div>\n\t    \t<\/div>\n\t\t<div  data-lazy=\"1\" style=\"width: 71.12%\" class=\"module_column tb-column col4-2 last tb_bwrh652 tf_box\">\n\t\t\t    \t        <div class=\"tb-column-inner tf_box tf_w\">\n\t\t    <!-- module text -->\n<div  class=\"module module-text tb_nq2n424   \" data-lazy=\"1\">\n        <div  class=\"tb_text_wrap\">\n    <p>HBR30-G, milli imkan ve olanaklarla tasarlanm\u0131\u015f, y\u00fcksek performansl\u0131 sabit kanatl\u0131 ve dikey ini\u015f kalk\u0131\u015f \u00f6zelli\u011fine sahip bir \u0130nsans\u0131z Hava Arac\u0131d\u0131r. U\u00e7u\u015fta 2 zamanl\u0131 benzin motoru kullanan HBR30-G, en zorlu ortamlarda 6 saat boyunca kesintisiz g\u00f6rev ger\u00e7ekle\u015ftirebilir.<\/p>    <\/div>\n<\/div>\n<!-- \/module text -->\t        <\/div>\n\t    \t<\/div>\n\t\t    <\/div>\n\t    <!-- \/row_inner -->\n\t<\/div>\n\t<!-- \/module_row -->\n\t\t<!-- module_row -->\n\t<div  data-lazy=\"1\" class=\"module_row themify_builder_row repeat tb_krw5477 tf_clearfix\" >\n\t    \t\t<div class=\"row_inner col_align_top col-count-3 tf_box tf_w tf_rel\">\n\t\t\t<div  data-lazy=\"1\" class=\"module_column tb-column col4-1 first tb_huy5479 tf_box\">\n\t\t\t    \t        <div class=\"tb-column-inner tf_box tf_w\">\n\t\t    <!-- module text -->\n<div  class=\"module module-text tb_ma22403  repeat \" data-lazy=\"1\">\n        <div  class=\"tb_text_wrap\">\n    <h4>UYGULAMA<\/h4>\n<h4>ALANLARI<\/h4>    <\/div>\n<\/div>\n<!-- \/module text -->\t        <\/div>\n\t    \t<\/div>\n\t\t<div  data-lazy=\"1\" class=\"module_column tb-column col4-1 middle tb_pwoc480 tf_box\">\n\t\t\t    \t        <div class=\"tb-column-inner tf_box tf_w\">\n\t\t    <!-- module text -->\n<div  class=\"module module-text tb_71ok942  repeat \" data-lazy=\"1\">\n        <div  class=\"tb_text_wrap\">\n    <ul>\n<li>S\u0131n\u0131r G\u00fcvenli\u011fi<\/li>\n<li>Tesis G\u00fcvenli\u011fi<\/li>\n<li>Ani M\u00fcdahale Timleri<\/li>\n<li>Hedef Tespiti ve Takibi<\/li>\n<li>Arama\/Kurtarma<\/li>\n<li>\u00c7evre ve Kirlilik Takibi<\/li>\n<\/ul>    <\/div>\n<\/div>\n<!-- \/module text -->\t        <\/div>\n\t    \t<\/div>\n\t\t<div  data-lazy=\"1\" class=\"module_column tb-column col4-2 last tb_6wec897 tf_box\">\n\t\t\t    \t        <div class=\"tb-column-inner tf_box tf_w\">\n\t\t    <!-- module image -->\n<div  class=\"module module-image tb_sf3r522   image-top tf_mw\" data-lazy=\"1\">\n        <div class=\"image-wrap tf_rel tf_mw\">\n\t\t    <img loading=\"lazy\" decoding=\"async\" src=\"http:\/\/www.z-sistem.com\/zs\/wp-content\/uploads\/2022\/03\/hbr30g.jpg\" width=\"446\" height=\"218\" title=\"HBR30-G\" alt=\"HBR30-G\">\t\n\t\t<\/div>\n\t<!-- \/image-wrap -->\n    \n    \t<\/div>\n<!-- \/module image -->\t        <\/div>\n\t    \t<\/div>\n\t\t    <\/div>\n\t    <!-- \/row_inner -->\n\t<\/div>\n\t<!-- \/module_row -->\n\t\t<!-- module_row -->\n\t<div  data-lazy=\"1\" class=\"module_row themify_builder_row repeat tb_9mf8423 tf_clearfix\" >\n\t    \t\t<div class=\"row_inner col_align_top col-count-2 tf_box tf_w tf_rel\">\n\t\t\t<div  data-lazy=\"1\" style=\"width: 22.92%\" class=\"module_column tb-column col2-1 first tb_6zb6424 tf_box\">\n\t\t\t    \t        <div class=\"tb-column-inner tf_box tf_w\">\n\t\t    <!-- module text -->\n<div  class=\"module module-text tb_hnol402   \" data-lazy=\"1\">\n        <div  class=\"tb_text_wrap\">\n    <h4>K\u0130L\u0130T<\/h4>\n<h4>\u00d6ZELL\u0130KLER<\/h4>    <\/div>\n<\/div>\n<!-- \/module text -->\t        <\/div>\n\t    \t<\/div>\n\t\t<div  data-lazy=\"1\" style=\"width: 73.88%\" class=\"module_column tb-column col2-1 last tb_bgrv425 tf_box\">\n\t\t\t    \t        <div class=\"tb-column-inner tf_box tf_w\">\n\t\t    <!-- module text -->\n<div  class=\"module module-text tb_m4xq76   \" data-lazy=\"1\">\n        <div  class=\"tb_text_wrap\">\n    <ul>\n<li>6 saat u\u00e7u\u015f s\u00fcresi<\/li>\n<li>Pist veya sert zemin gerekmeyen dikey ini\u015f-kalk\u0131\u015f \u00f6zelli\u011fi<\/li>\n<li>Ba\u011flant\u0131 kayb\u0131 durumunda otomatik eve d\u00f6n\u00fc\u015f<\/li>\n<li>Nemli ve tozlu ortamlarda bile \u00e7al\u0131\u015fabilen g\u00fcvenilir platform<\/li>\n<li>15 knot r\u00fczgara kadar u\u00e7u\u015f kabiliyeti<\/li>\n<li>Farkl\u0131 g\u00f6rev gereksinimlerine g\u00f6re 5kg a\u011f\u0131rl\u0131\u011fa kadar farkl\u0131 faydal\u0131 y\u00fckler . (Gimbal, haritalama cihazlar\u0131, LIDAR, Multispektral sens\u00f6r)<\/li>\n<\/ul>    <\/div>\n<\/div>\n<!-- \/module text -->\t        <\/div>\n\t    \t<\/div>\n\t\t    <\/div>\n\t    <!-- \/row_inner -->\n\t<\/div>\n\t<!-- \/module_row -->\n\t\t<!-- module_row -->\n\t<div  data-lazy=\"1\" class=\"module_row themify_builder_row repeat tb_7i5d253 tf_clearfix\" >\n\t    \t\t<div class=\"row_inner col_align_top col-count-2 tf_box tf_w tf_rel\">\n\t\t\t<div  data-lazy=\"1\" class=\"module_column tb-column col4-1 first tb_i6kx254 tf_box\">\n\t\t\t    \t        <div class=\"tb-column-inner tf_box tf_w\">\n\t\t    <!-- module text -->\n<div  class=\"module module-text tb_at7m6  repeat \" data-lazy=\"1\">\n        <div  class=\"tb_text_wrap\">\n    <h4 style=\"text-align: left;\">BOYUTLAR<\/h4>    <\/div>\n<\/div>\n<!-- \/module text -->\t        <\/div>\n\t    \t<\/div>\n\t\t<div  data-lazy=\"1\" class=\"module_column tb-column col4-3 last tb_822y254 tf_box\">\n\t\t\t    \t        <div class=\"tb-column-inner tf_box tf_w\">\n\t\t    <!-- module image -->\n<div  class=\"module module-image tb_truk55   image-top tf_mw\" data-lazy=\"1\">\n        <div class=\"image-wrap tf_rel tf_mw\">\n\t\t    <img loading=\"lazy\" decoding=\"async\" src=\"http:\/\/www.z-sistem.com\/zs\/wp-content\/uploads\/2022\/03\/hbr30g_boyut.png\" width=\"561\" height=\"282\" title=\"HBR30-G\" alt=\"HBR30-G\">\t\n\t\t<\/div>\n\t<!-- \/image-wrap -->\n    \n    \t<\/div>\n<!-- \/module image -->\t        <\/div>\n\t    \t<\/div>\n\t\t    <\/div>\n\t    <!-- \/row_inner -->\n\t<\/div>\n\t<!-- \/module_row -->\n\t\t<!-- module_row -->\n\t<div  data-lazy=\"1\" class=\"module_row themify_builder_row repeat tb_cw3w130 tf_clearfix\" >\n\t    \t\t<div class=\"row_inner col_align_top col-count-2 tf_box tf_w tf_rel\">\n\t\t\t<div  data-lazy=\"1\" style=\"width: 27.3%\" class=\"module_column tb-column col2-1 first tb_rd7i132 tf_box\">\n\t\t\t    \t        <div class=\"tb-column-inner tf_box tf_w\">\n\t\t    <!-- module text -->\n<div  class=\"module module-text tb_ziwg467  repeat \" data-lazy=\"1\">\n        <div  class=\"tb_text_wrap\">\n    <h4>\u00d6ZELL\u0130KLER<\/h4>    <\/div>\n<\/div>\n<!-- \/module text -->\t        <\/div>\n\t    \t<\/div>\n\t\t<div  data-lazy=\"1\" style=\"width: 69.5%\" class=\"module_column tb-column col2-1 last tb_t3cu132 tf_box\">\n\t\t\t    \t        <div class=\"tb-column-inner tf_box tf_w\">\n\t\t    <!-- module text -->\n<div  class=\"module module-text tb_xnui910   \" data-lazy=\"1\">\n        <div  class=\"tb_text_wrap\">\n    <p><!-- wp:table {\"className\":\"is-style-stripes\"} --><\/p>\n<figure class=\"wp-block-table is-style-stripes\">\n<table>\n<tbody>\n<tr>\n<td>G\u00f6vde Yap\u0131s\u0131<\/td>\n<td>Karbon-Fiber Kompozit<\/td>\n<\/tr>\n<tr>\n<td>Maksimum Kalk\u0131\u015f A\u011f\u0131rl\u0131\u011f\u0131<\/td>\n<td>34 kg \/ 75 lbs<\/td>\n<\/tr>\n<tr>\n<td>U\u00e7u\u015f S\u00fcresi<\/td>\n<td>6 saat<\/td>\n<\/tr>\n<tr>\n<td>Seyir H\u0131z\u0131<\/td>\n<td>65 knots<\/td>\n<\/tr>\n<tr>\n<td>Maksimum H\u0131z<\/td>\n<td>85 knots<\/td>\n<\/tr>\n<tr>\n<td>Kanat A\u00e7\u0131kl\u0131\u011f\u0131<\/td>\n<td>3.84 m \/ 12.6 ft<\/td>\n<\/tr>\n<tr>\n<td>Uzunluk<\/td>\n<td>2.2 m<\/td>\n<\/tr>\n<tr>\n<td>Kuyruk Y\u00fcksekli\u011fi<\/td>\n<td>0.4 m<\/td>\n<\/tr>\n<tr>\n<td>Toplam Y\u00fckseklik<\/td>\n<td>0.75 m<\/td>\n<\/tr>\n<tr>\n<td>Maksimum Faydal\u0131 Y\u00fck<\/td>\n<td>5 kg \/ 11 lb(yak\u0131t dahil)<\/td>\n<\/tr>\n<tr>\n<td>U\u00e7u\u015f Sistemi<\/td>\n<td>Otonom kalk\u0131\u015f, u\u00e7u\u015f ve ini\u015f<\/td>\n<\/tr>\n<tr>\n<td>VTOL Motor<\/td>\n<td>4x BLDC, tanesi 3 kW\u00a0<\/td>\n<\/tr>\n<tr>\n<td>\u0130leri U\u00e7u\u015f Motoru<\/td>\n<td>Benzinli, 2 silindir boxer motor, 3,5 kW<\/td>\n<\/tr>\n<tr>\n<td>Yak\u0131t Kapasitesi<\/td>\n<td>5.5 kg<\/td>\n<\/tr>\n<tr>\n<td>Motor \u00c7al\u0131\u015ft\u0131rma<\/td>\n<td>Elle ba\u015flatma<\/td>\n<\/tr>\n<tr>\n<td>Dahili Alternat\u00f6r<\/td>\n<td>3 Faz AC, 300w<\/td>\n<\/tr>\n<tr>\n<td>U\u00e7u\u015f Tavan\u0131<\/td>\n<td>15000 ft MSL<\/td>\n<\/tr>\n<tr>\n<td>Kalk\u0131\u015f Y\u00f6ntemi<\/td>\n<td>VTOL<\/td>\n<\/tr>\n<tr>\n<td>Haberle\u015fme Menzili<\/td>\n<td>20 km (1W, k\u0131rba\u00e7 anten)<\/td>\n<\/tr>\n<tr>\n<td>Yer \u0130stasyonu Menzili<\/td>\n<td>20 km (1W, y\u00f6nlendirilmi\u015f anten)<\/td>\n<\/tr>\n<tr>\n<td>\u0130leti\u015fim G\u00fcvenli\u011fi<\/td>\n<td>Kripto<\/td>\n<\/tr>\n<tr>\n<td>G\u00fc\u00e7 Sistemi<\/td>\n<td>Ba\u011f\u0131ms\u0131z bir bataryadan beslenen <br>reg\u00fcle 24V, 12V, 8V, 5V<\/td>\n<\/tr>\n<tr>\n<td>Faydal\u0131 Y\u00fck<\/td>\n<td>Gimbal, Haritalama Te\u00e7hizat\u0131, LIDAR, <br>Multispektral Sens\u00f6r<\/td>\n<\/tr>\n<tr>\n<td>\u00c7al\u0131\u015fma S\u0131cakl\u0131\u011f\u0131<\/td>\n<td>-5 + 35 C\u00b0\u00a0<\/td>\n<\/tr>\n<tr>\n<td>U\u00e7u\u015f Ekibi<\/td>\n<td>2 ki\u015fi<\/td>\n<\/tr>\n<tr>\n<td>Ta\u015f\u0131ma<\/td>\n<td>Tek sand\u0131k, 2.3 m \u00d7 0.9 m \u00d7 0.9 m<\/td>\n<\/tr>\n<\/tbody>\n<\/table>\n<\/figure>\n<p><!-- \/wp:table --><\/p>    <\/div>\n<\/div>\n<!-- \/module text -->\t        <\/div>\n\t    \t<\/div>\n\t\t    <\/div>\n\t    <!-- \/row_inner -->\n\t<\/div>\n\t<!-- \/module_row -->\n\t<\/div>\n<!--\/themify_builder_content-->","protected":false},"excerpt":{"rendered":"<p>HBR30-G VTOL H\u0130BR\u0130T \u0130NSANSIZ HAVA ARACI GENEL TANIM HBR30-G, milli imkan ve olanaklarla tasarlanm\u0131\u015f, y\u00fcksek performansl\u0131 sabit kanatl\u0131 ve dikey ini\u015f kalk\u0131\u015f \u00f6zelli\u011fine sahip bir \u0130nsans\u0131z Hava Arac\u0131d\u0131r. U\u00e7u\u015fta 2 zamanl\u0131 benzin motoru kullanan HBR30-G, en zorlu ortamlarda 6 saat boyunca kesintisiz g\u00f6rev ger\u00e7ekle\u015ftirebilir. UYGULAMA ALANLARI S\u0131n\u0131r G\u00fcvenli\u011fi Tesis G\u00fcvenli\u011fi Ani M\u00fcdahale Timleri Hedef Tespiti [&hellip;]<\/p>\n","protected":false},"author":1,"featured_media":0,"parent":0,"menu_order":0,"comment_status":"closed","ping_status":"closed","template":"","meta":{"footnotes":""},"class_list":["post-693","page","type-page","status-publish","hentry","has-post-title","has-post-date","has-post-category","has-post-tag","has-post-comment","has-post-author",""],"builder_content":"<h1>HBR30-G<\/h1> <h4>VTOL H\u0130BR\u0130T \u0130NSANSIZ HAVA ARACI<\/h4>\n<img src=\"http:\/\/www.z-sistem.com\/zs\/wp-content\/uploads\/2022\/03\/hbr30g-1.png\" width=\"477\" height=\"237\" title=\"HBR30-G\" alt=\"HBR30-G\">\n<h4>GENEL TANIM<\/h4>\n<p>HBR30-G, milli imkan ve olanaklarla tasarlanm\u0131\u015f, y\u00fcksek performansl\u0131 sabit kanatl\u0131 ve dikey ini\u015f kalk\u0131\u015f \u00f6zelli\u011fine sahip bir \u0130nsans\u0131z Hava Arac\u0131d\u0131r. U\u00e7u\u015fta 2 zamanl\u0131 benzin motoru kullanan HBR30-G, en zorlu ortamlarda 6 saat boyunca kesintisiz g\u00f6rev ger\u00e7ekle\u015ftirebilir.<\/p>\n<h4>UYGULAMA<\/h4> <h4>ALANLARI<\/h4>\n<ul> <li>S\u0131n\u0131r G\u00fcvenli\u011fi<\/li> <li>Tesis G\u00fcvenli\u011fi<\/li> <li>Ani M\u00fcdahale Timleri<\/li> <li>Hedef Tespiti ve Takibi<\/li> <li>Arama\/Kurtarma<\/li> <li>\u00c7evre ve Kirlilik Takibi<\/li> <\/ul>\n<img src=\"http:\/\/www.z-sistem.com\/zs\/wp-content\/uploads\/2022\/03\/hbr30g.jpg\" width=\"446\" height=\"218\" title=\"HBR30-G\" alt=\"HBR30-G\">\n<h4>K\u0130L\u0130T<\/h4> <h4>\u00d6ZELL\u0130KLER<\/h4>\n<ul> <li>6 saat u\u00e7u\u015f s\u00fcresi<\/li> <li>Pist veya sert zemin gerekmeyen dikey ini\u015f-kalk\u0131\u015f \u00f6zelli\u011fi<\/li> <li>Ba\u011flant\u0131 kayb\u0131 durumunda otomatik eve d\u00f6n\u00fc\u015f<\/li> <li>Nemli ve tozlu ortamlarda bile \u00e7al\u0131\u015fabilen g\u00fcvenilir platform<\/li> <li>15 knot r\u00fczgara kadar u\u00e7u\u015f kabiliyeti<\/li> <li>Farkl\u0131 g\u00f6rev gereksinimlerine g\u00f6re 5kg a\u011f\u0131rl\u0131\u011fa kadar farkl\u0131 faydal\u0131 y\u00fckler . (Gimbal, haritalama cihazlar\u0131, LIDAR, Multispektral sens\u00f6r)<\/li> <\/ul>\n<h4 style=\"text-align: left;\">BOYUTLAR<\/h4>\n<img src=\"http:\/\/www.z-sistem.com\/zs\/wp-content\/uploads\/2022\/03\/hbr30g_boyut.png\" width=\"561\" height=\"282\" title=\"HBR30-G\" alt=\"HBR30-G\">\n<h4>\u00d6ZELL\u0130KLER<\/h4>\n<p><\/p> <figure> <table> <tbody> <tr> <td>G\u00f6vde Yap\u0131s\u0131<\/td> <td>Karbon-Fiber Kompozit<\/td> <\/tr> <tr> <td>Maksimum Kalk\u0131\u015f A\u011f\u0131rl\u0131\u011f\u0131<\/td> <td>34 kg \/ 75 lbs<\/td> <\/tr> <tr> <td>U\u00e7u\u015f S\u00fcresi<\/td> <td>6 saat<\/td> <\/tr> <tr> <td>Seyir H\u0131z\u0131<\/td> <td>65 knots<\/td> <\/tr> <tr> <td>Maksimum H\u0131z<\/td> <td>85 knots<\/td> <\/tr> <tr> <td>Kanat A\u00e7\u0131kl\u0131\u011f\u0131<\/td> <td>3.84 m \/ 12.6 ft<\/td> <\/tr> <tr> <td>Uzunluk<\/td> <td>2.2 m<\/td> <\/tr> <tr> <td>Kuyruk Y\u00fcksekli\u011fi<\/td> <td>0.4 m<\/td> <\/tr> <tr> <td>Toplam Y\u00fckseklik<\/td> <td>0.75 m<\/td> <\/tr> <tr> <td>Maksimum Faydal\u0131 Y\u00fck<\/td> <td>5 kg \/ 11 lb(yak\u0131t dahil)<\/td> <\/tr> <tr> <td>U\u00e7u\u015f Sistemi<\/td> <td>Otonom kalk\u0131\u015f, u\u00e7u\u015f ve ini\u015f<\/td> <\/tr> <tr> <td>VTOL Motor<\/td> <td>4x BLDC, tanesi 3 kW\u00a0<\/td> <\/tr> <tr> <td>\u0130leri U\u00e7u\u015f Motoru<\/td> <td>Benzinli, 2 silindir boxer motor, 3,5 kW<\/td> <\/tr> <tr> <td>Yak\u0131t Kapasitesi<\/td> <td>5.5 kg<\/td> <\/tr> <tr> <td>Motor \u00c7al\u0131\u015ft\u0131rma<\/td> <td>Elle ba\u015flatma<\/td> <\/tr> <tr> <td>Dahili Alternat\u00f6r<\/td> <td>3 Faz AC, 300w<\/td> <\/tr> <tr> <td>U\u00e7u\u015f Tavan\u0131<\/td> <td>15000 ft MSL<\/td> <\/tr> <tr> <td>Kalk\u0131\u015f Y\u00f6ntemi<\/td> <td>VTOL<\/td> <\/tr> <tr> <td>Haberle\u015fme Menzili<\/td> <td>20 km (1W, k\u0131rba\u00e7 anten)<\/td> <\/tr> <tr> <td>Yer \u0130stasyonu Menzili<\/td> <td>20 km (1W, y\u00f6nlendirilmi\u015f anten)<\/td> <\/tr> <tr> <td>\u0130leti\u015fim G\u00fcvenli\u011fi<\/td> <td>Kripto<\/td> <\/tr> <tr> <td>G\u00fc\u00e7 Sistemi<\/td> <td>Ba\u011f\u0131ms\u0131z bir bataryadan beslenen <br>reg\u00fcle 24V, 12V, 8V, 5V<\/td> <\/tr> <tr> <td>Faydal\u0131 Y\u00fck<\/td> <td>Gimbal, Haritalama Te\u00e7hizat\u0131, LIDAR, <br>Multispektral Sens\u00f6r<\/td> <\/tr> <tr> <td>\u00c7al\u0131\u015fma S\u0131cakl\u0131\u011f\u0131<\/td> <td>-5 + 35 C\u00b0\u00a0<\/td> <\/tr> <tr> <td>U\u00e7u\u015f Ekibi<\/td> <td>2 ki\u015fi<\/td> <\/tr> <tr> <td>Ta\u015f\u0131ma<\/td> <td>Tek sand\u0131k, 2.3 m \u00d7 0.9 m \u00d7 0.9 m<\/td> <\/tr> <\/tbody> <\/table> <\/figure> <p><\/p>","_links":{"self":[{"href":"https:\/\/www.z-sistem.com\/zs\/wp-json\/wp\/v2\/pages\/693","targetHints":{"allow":["GET"]}}],"collection":[{"href":"https:\/\/www.z-sistem.com\/zs\/wp-json\/wp\/v2\/pages"}],"about":[{"href":"https:\/\/www.z-sistem.com\/zs\/wp-json\/wp\/v2\/types\/page"}],"author":[{"embeddable":true,"href":"https:\/\/www.z-sistem.com\/zs\/wp-json\/wp\/v2\/users\/1"}],"replies":[{"embeddable":true,"href":"https:\/\/www.z-sistem.com\/zs\/wp-json\/wp\/v2\/comments?post=693"}],"version-history":[{"count":92,"href":"https:\/\/www.z-sistem.com\/zs\/wp-json\/wp\/v2\/pages\/693\/revisions"}],"predecessor-version":[{"id":2665,"href":"https:\/\/www.z-sistem.com\/zs\/wp-json\/wp\/v2\/pages\/693\/revisions\/2665"}],"wp:attachment":[{"href":"https:\/\/www.z-sistem.com\/zs\/wp-json\/wp\/v2\/media?parent=693"}],"curies":[{"name":"wp","href":"https:\/\/api.w.org\/{rel}","templated":true}]}}