{"id":730,"date":"2022-03-23T15:02:48","date_gmt":"2022-03-23T15:02:48","guid":{"rendered":"https:\/\/www.z-sistem.com\/zs\/?page_id=730"},"modified":"2022-05-31T12:15:01","modified_gmt":"2022-05-31T12:15:01","slug":"tarkopter-i","status":"publish","type":"page","link":"https:\/\/www.z-sistem.com\/zs\/tarkopter-i\/","title":{"rendered":"Tarkopter-I"},"content":{"rendered":"<!--themify_builder_content-->\n<div id=\"themify_builder_content-730\" data-postid=\"730\" class=\"themify_builder_content themify_builder_content-730 themify_builder tf_clear\">\n    \t<!-- module_row -->\n\t<div  data-lazy=\"1\" class=\"module_row themify_builder_row repeat tb_fw14224 tb_first tf_clearfix\" >\n\t    \t\t<div class=\"row_inner col_align_top col-count-1 tf_box tf_w tf_rel\">\n\t\t\t<div  data-lazy=\"1\" class=\"module_column tb-column col-full first tb_tn60226 repeat tf_box\">\n\t\t\t    \t<\/div>\n\t\t    <\/div>\n\t    <!-- \/row_inner -->\n\t<\/div>\n\t<!-- \/module_row -->\n\t\t<!-- module_row -->\n\t<div  data-lazy=\"1\" class=\"module_row themify_builder_row repeat tb_gvci278 tf_clearfix\" >\n\t    \t\t<div class=\"row_inner col_align_top col-count-2 tf_box tf_w tf_rel\">\n\t\t\t<div  data-lazy=\"1\" class=\"module_column tb-column col4-2 first tb_3hws282 tf_box\">\n\t\t\t    \t        <div class=\"tb-column-inner tf_box tf_w\">\n\t\t    <!-- module image -->\n<div  class=\"module module-image tb_1y55447   image-top tf_mw\" data-lazy=\"1\">\n        <div class=\"image-wrap tf_rel tf_mw\">\n\t\t    <img loading=\"lazy\" decoding=\"async\" src=\"http:\/\/www.z-sistem.com\/zs\/wp-content\/uploads\/2022\/03\/Tarkopter_1-1.png\" width=\"1417\" height=\"655\" title=\"Tarkopter-I\" alt=\"Tarkopter-I\">\t\n\t\t<\/div>\n\t<!-- \/image-wrap -->\n    \n    \t<\/div>\n<!-- \/module image -->\t        <\/div>\n\t    \t<\/div>\n\t\t<div  data-lazy=\"1\" class=\"module_column tb-column col4-2 last tb_x4fm864 tf_box\">\n\t\t\t    \t        <div class=\"tb-column-inner tf_box tf_w\">\n\t\t    <!-- module text -->\n<div  class=\"module module-text tb_mgr4241  repeat \" data-lazy=\"1\">\n        <div  class=\"tb_text_wrap\">\n    <h4>TARKOPTER &#8211; I<\/h4>\n    <\/div>\n<\/div>\n<!-- \/module text --><!-- module divider -->\n<div  class=\"module tf_mw module-divider tb_ndsm378 solid  divider-custom divider-left\" style=\"border-width: 2px;border-color: #282561;width: 100px;\" data-lazy=\"1\">\n    <\/div>\n<!-- \/module divider -->\n\t        <\/div>\n\t    \t<\/div>\n\t\t    <\/div>\n\t    <!-- \/row_inner -->\n\t<\/div>\n\t<!-- \/module_row -->\n\t\t<!-- module_row -->\n\t<div  data-css_id=\"zcy2249\" data-lazy=\"1\" class=\"module_row themify_builder_row repeat fullwidth_row_container tb_zcy2249 tf_clearfix\" >\n\t    \t\t<div class=\"row_inner col_align_top col-count-2 tf_box tf_w tf_rel\">\n\t\t\t<div  data-lazy=\"1\" style=\"width: 28.01%\" class=\"module_column tb-column col4-1 first tb_vqoy252 tf_box\">\n\t\t\t    \t        <div class=\"tb-column-inner tf_box tf_w\">\n\t\t    <!-- module text -->\n<div  class=\"module module-text tb_xzrx286  repeat \" data-lazy=\"1\">\n        <div  class=\"tb_text_wrap\">\n    <h3>GENEL<\/h3><h4>TANIM<\/h4>    <\/div>\n<\/div>\n<!-- \/module text --><!-- module divider -->\n<div  class=\"module tf_mw module-divider tb_avz2464 solid  divider-custom divider-left\" style=\"border-width: 2px;border-color: #282561;width: 100px;\" data-lazy=\"1\">\n    <\/div>\n<!-- \/module divider -->\n\t        <\/div>\n\t    \t<\/div>\n\t\t<div  data-lazy=\"1\" style=\"width: 68.79%\" class=\"module_column tb-column col4-3 last tb_4slc254 tf_box\">\n\t\t\t    \t        <div class=\"tb-column-inner tf_box tf_w\">\n\t\t    <!-- module text -->\n<div  class=\"module module-text tb_0kgs173   \" data-lazy=\"1\">\n        <div  class=\"tb_text_wrap\">\n    <p>Tarkopter-I, \u00e7ok maksatl\u0131 benzin motorlu 2 saat u\u00e7u\u015f s\u00fcresi ve 30 kg faydal\u0131 y\u00fck \u00f6zelli\u011fine sahip bir helikopter \u0130HA sistemidir. (10Kg faydal\u0131 y\u00fckte 4 saat).<\/p>\n<p>Kalk\u0131\u015f, havada as\u0131l\u0131 kalma, u\u00e7u\u015f ve ini\u015f otonom olarak yap\u0131l\u0131r. Tarkopter-I, BVLOS operasyonlar\u0131 i\u00e7in SATCOM ile donat\u0131labilir. Benzinli motor, s\u0131cak ve nemli ortamlarda g\u00fcvenilir \u00e7al\u0131\u015fma sa\u011flayan geli\u015fmi\u015f so\u011futma sistemine sahiptir.<\/p>\n<p>Tarkopter-I&#8217;nin benzersiz yetene\u011fi, \u00e7oklu y\u00fck kapasitesi, \u00fc\u00e7 adede kadar gimbal ta\u015f\u0131maya olanak sa\u011flayarak ayn\u0131 anda 3 e\u015fzamanl\u0131 olaya odaklanabilir. Geni\u015f Alan G\u00f6zetimi sa\u011flar .<\/p>    <\/div>\n<\/div>\n<!-- \/module text -->\t        <\/div>\n\t    \t<\/div>\n\t\t    <\/div>\n\t    <!-- \/row_inner -->\n\t<\/div>\n\t<!-- \/module_row -->\n\t\t<!-- module_row -->\n\t<div  data-css_id=\"domn546\" data-lazy=\"1\" class=\"module_row themify_builder_row repeat fullwidth_row_container tb_domn546 tf_clearfix\" >\n\t    \t\t<div class=\"row_inner col_align_top col-count-2 tf_box tf_w tf_rel\">\n\t\t\t<div  data-lazy=\"1\" style=\"width: 27.84%\" class=\"module_column tb-column col4-1 first tb_4qh8550 tf_box\">\n\t\t\t    \t        <div class=\"tb-column-inner tf_box tf_w\">\n\t\t    <!-- module text -->\n<div  class=\"module module-text tb_efl7664  repeat \" data-lazy=\"1\">\n        <div  class=\"tb_text_wrap\">\n    <h3>UYGULAMA<\/h3><h4>ALANLARI<\/h4>    <\/div>\n<\/div>\n<!-- \/module text --><!-- module divider -->\n<div  class=\"module tf_mw module-divider tb_sldy795 solid  divider-custom divider-left\" style=\"border-width: 2px;border-color: #252861;width: 100px;\" data-lazy=\"1\">\n    <\/div>\n<!-- \/module divider -->\n\t        <\/div>\n\t    \t<\/div>\n\t\t<div  data-lazy=\"1\" style=\"width: 68.96%\" class=\"module_column tb-column col4-3 last tb_0og0552 tf_box\">\n\t\t\t    \t        <div class=\"tb-column-inner tf_box tf_w\">\n\t\t    <!-- module text -->\n<div  class=\"module module-text tb_lhj5258   \" data-lazy=\"1\">\n        <div  class=\"tb_text_wrap\">\n    <ul>\n<li>Zirai \u0130la\u00e7lama<\/li>\n<li>RF Tekrarlay\u0131c\u0131<\/li>\n<li>Ke\u015fif\/G\u00f6zetleme\n<ul>\n<li>Deniz<\/li>\n<li>\u00c7evre<\/li>\n<li>Kritik altyap\u0131\/tesis<\/li>\n<li>Enerji Nakil Hatlar\u0131<\/li>\n<\/ul>\n<\/li>\n<\/ul>    <\/div>\n<\/div>\n<!-- \/module text -->\t        <\/div>\n\t    \t<\/div>\n\t\t    <\/div>\n\t    <!-- \/row_inner -->\n\t<\/div>\n\t<!-- \/module_row -->\n\t\t<!-- module_row -->\n\t<div  data-css_id=\"8qam566\" data-lazy=\"1\" class=\"module_row themify_builder_row repeat fullwidth_row_container tb_8qam566 tf_clearfix\" >\n\t    \t\t<div class=\"row_inner col_align_top col-count-2 tf_box tf_w tf_rel\">\n\t\t\t<div  data-lazy=\"1\" style=\"width: 29.83%\" class=\"module_column tb-column col4-1 first tb_1p3v569 tf_box\">\n\t\t\t    \t        <div class=\"tb-column-inner tf_box tf_w\">\n\t\t    <!-- module text -->\n<div  class=\"module module-text tb_v1n0831  repeat \" data-lazy=\"1\">\n        <div  class=\"tb_text_wrap\">\n    <h3>FAYDALI Y\u00dcK<\/h3>\n<h4>SE\u00c7ENEKLER\u0130<\/h4>    <\/div>\n<\/div>\n<!-- \/module text --><!-- module divider -->\n<div  class=\"module tf_mw module-divider tb_c775259 solid  divider-custom divider-left\" style=\"border-width: 2px;border-color: #252861;width: 100px;\" data-lazy=\"1\">\n    <\/div>\n<!-- \/module divider -->\n\t        <\/div>\n\t    \t<\/div>\n\t\t<div  data-lazy=\"1\" style=\"width: 66.97%\" class=\"module_column tb-column col4-3 last tb_yzt3570 tf_box\">\n\t\t\t    \t        <div class=\"tb-column-inner tf_box tf_w\">\n\t\t    <!-- module text -->\n<div  class=\"module module-text tb_0kl9874   \" data-lazy=\"1\">\n        <div  class=\"tb_text_wrap\">\n    <ul>\n<li>G\u00fcnd\u00fcz HD video kameras\u0131<\/li>\n<li>LWIR\/MWIR gece g\u00f6r\u00fc\u015f kameras\u0131<\/li>\n<li>Multi\/Hyper spektral sens\u00f6r<\/li>\n<li>Fotogrametri i\u00e7in gigapiksel kamera<\/li>\n<li>ADS-B Transponder<\/li>\n<li>Lidar<\/li>\n<li>2.2-2.4Ghz RF datalink<\/li>\n<\/ul>    <\/div>\n<\/div>\n<!-- \/module text -->\t        <\/div>\n\t    \t<\/div>\n\t\t    <\/div>\n\t    <!-- \/row_inner -->\n\t<\/div>\n\t<!-- \/module_row -->\n\t\t<!-- module_row -->\n\t<div  data-css_id=\"53cf953\" data-lazy=\"1\" class=\"module_row themify_builder_row repeat fullwidth_row_container tb_53cf953 tf_clearfix\" >\n\t    \t\t<div class=\"row_inner col_align_top col-count-2 tf_box tf_w tf_rel\">\n\t\t\t<div  data-lazy=\"1\" style=\"width: 22.86%\" class=\"module_column tb-column col4-1 first tb_3i0u956 tf_box\">\n\t\t\t    \t        <div class=\"tb-column-inner tf_box tf_w\">\n\t\t    <!-- module text -->\n<div  class=\"module module-text tb_fg99199   \" data-lazy=\"1\">\n        <div  class=\"tb_text_wrap\">\n    <h4>BOYUTLAR<\/h4>    <\/div>\n<\/div>\n<!-- \/module text --><!-- module divider -->\n<div  class=\"module tf_mw module-divider tb_p3pl151 solid  divider-custom divider-left\" style=\"border-width: 2px;border-color: #252861;width: 100px;\" data-lazy=\"1\">\n    <\/div>\n<!-- \/module divider -->\n\t        <\/div>\n\t    \t<\/div>\n\t\t<div  data-lazy=\"1\" style=\"width: 73.94%\" class=\"module_column tb-column col4-3 last tb_kx0y948 tf_box\">\n\t\t\t    \t        <div class=\"tb-column-inner tf_box tf_w\">\n\t\t    <!-- module image -->\n<div  class=\"module module-image tb_cd4i521   image-top tf_mw\" data-lazy=\"1\">\n        <div class=\"image-wrap tf_rel tf_mw\">\n\t\t    <img loading=\"lazy\" decoding=\"async\" src=\"http:\/\/www.z-sistem.com\/zs\/wp-content\/uploads\/2022\/03\/tarkopter_boyut.png\" width=\"390\" height=\"130\" title=\"Tarkopter-I\" alt=\"Tarkopter-I\">\t\n\t\t<\/div>\n\t<!-- \/image-wrap -->\n    \n    \t<\/div>\n<!-- \/module image -->\t        <\/div>\n\t    \t<\/div>\n\t\t    <\/div>\n\t    <!-- \/row_inner -->\n\t<\/div>\n\t<!-- \/module_row -->\n\t\t<!-- module_row -->\n\t<div  data-css_id=\"wc4s727\" id=\"tarkopterozellikler\" data-lazy=\"1\" class=\"module_row themify_builder_row repeat fullwidth_row_container tb_wc4s727 tf_clearfix\" >\n\t    \t\t<div class=\"row_inner col_align_top col-count-2 tf_box tf_w tf_rel\">\n\t\t\t<div  data-lazy=\"1\" style=\"width: 26.18%\" class=\"module_column tb-column col4-1 first tb_du7g728 tf_box\">\n\t\t\t    \t        <div class=\"tb-column-inner tf_box tf_w\">\n\t\t    <!-- module text -->\n<div  class=\"module module-text tb_7oap342   \" data-lazy=\"1\">\n        <div  class=\"tb_text_wrap\">\n    <h4>\u00d6ZELL\u0130KLER<\/h4>    <\/div>\n<\/div>\n<!-- \/module text --><!-- module divider -->\n<div  class=\"module tf_mw module-divider tb_jfti9 solid  divider-custom divider-left\" style=\"border-width: 2px;border-color: #252861;width: 100px;\" data-lazy=\"1\">\n    <\/div>\n<!-- \/module divider -->\n\t        <\/div>\n\t    \t<\/div>\n\t\t<div  data-lazy=\"1\" style=\"width: 70.62%\" class=\"module_column tb-column col4-3 last tb_gmib729 tf_box\">\n\t\t\t    \t        <div class=\"tb-column-inner tf_box tf_w\">\n\t\t    <!-- module text -->\n<div  class=\"module module-text tb_1r40370   \" data-lazy=\"1\">\n        <div  class=\"tb_text_wrap\">\n    <p><!-- wp:table {\"className\":\"is-style-stripes\"} --><\/p>\n<figure class=\"wp-block-table is-style-stripes\">\n<table>\n<tbody>\n<tr>\n<td>Seyir H\u0131z\u0131<\/td>\n<td>70 Km\/h<\/td>\n<\/tr>\n<tr>\n<td>Maksimum H\u0131z<\/td>\n<td>100 Km\/h<\/td>\n<\/tr>\n<tr>\n<td>Uzunluk<\/td>\n<td>2500 mm<\/td>\n<\/tr>\n<tr>\n<td>Ana Rotor \u00c7ap\u0131<\/td>\n<td>3100 mm<\/td>\n<\/tr>\n<tr>\n<td>Y\u00fckseklik<\/td>\n<td>952 mm<\/td>\n<\/tr>\n<tr>\n<td>Motor Tipi<\/td>\n<td>4 zamanl\u0131 wankel<\/td>\n<\/tr>\n<tr>\n<td>Yak\u0131t Sistemi<\/td>\n<td>Karb\u00fcrat\u00f6rl\u00fc<\/td>\n<\/tr>\n<tr>\n<td>G\u00fc\u00e7<\/td>\n<td>30 kW<\/td>\n<\/tr>\n<tr>\n<td>Maksimum Faydal\u0131 Y\u00fck<\/td>\n<td>30 Kg<\/td>\n<\/tr>\n<tr>\n<td>Maksimum Kalk\u0131\u015f A\u011f\u0131rl\u0131\u011f\u0131<\/td>\n<td>110 Kg<\/td>\n<\/tr>\n<tr>\n<td>Bo\u015f A\u011f\u0131rl\u0131k<\/td>\n<td>60 Kg<\/td>\n<\/tr>\n<tr>\n<td>Yak\u0131t Kapasitesi<\/td>\n<td>40 lt<\/td>\n<\/tr>\n<tr>\n<td>Ortalama Yak\u0131t T\u00fcketimi<\/td>\n<td>5-9 lt\/saat<\/td>\n<\/tr>\n<tr>\n<td>Maksimum dikey h\u0131z<\/td>\n<td>3 m\/sn<\/td>\n<\/tr>\n<tr>\n<td>R\u00fczgar dayan\u0131m\u0131<\/td>\n<td>12 m\/sn<\/td>\n<\/tr>\n<tr>\n<td>Menzil<\/td>\n<td>350 km<\/td>\n<\/tr>\n<tr>\n<td>U\u00e7u\u015f Tavan\u0131<\/td>\n<td>3500 m<\/td>\n<\/tr>\n<tr>\n<td>Maksimum U\u00e7u\u015f S\u00fcresi<\/td>\n<td>5 saat<\/td>\n<\/tr>\n<tr>\n<td>Para\u015f\u00fct<\/td>\n<td>Opsiyonel Balistik<\/td>\n<\/tr>\n<tr>\n<td>Dahili G\u00fc\u00e7<\/td>\n<td>300W 12-24Volt<\/td>\n<\/tr>\n<tr>\n<td>Dahili Batarya Tipi<\/td>\n<td>Li-Fe<\/td>\n<\/tr>\n<tr>\n<td>Altimetre<\/td>\n<td>Lazer\/Milimetre dalga radar<\/td>\n<\/tr>\n<tr>\n<td>Bak\u0131m s\u00fcresi<\/td>\n<td>250 Saat<\/td>\n<\/tr>\n<tr>\n<td>Dahili Jenerat\u00f6r<\/td>\n<td>600W<\/td>\n<\/tr>\n<tr>\n<td>\u00c7al\u0131\u015fma S\u0131cakl\u0131\u011f\u0131<\/td>\n<td>-20\u00b0C +45\u00b0C<\/td>\n<\/tr>\n<tr>\n<td>Kalk\u0131\u015f Alan\u0131<\/td>\n<td>15&#215;15 m<\/td>\n<\/tr>\n<tr>\n<td>U\u00e7u\u015f Modlar\u0131<\/td>\n<td>Otonom<br>Yar\u0131-Otonom<br>Acil Mod<\/td>\n<\/tr>\n<tr>\n<td>Kalk\u0131\u015f-\u0130ni\u015f<\/td>\n<td>Otonom<\/td>\n<\/tr>\n<tr>\n<td>Acil \u0130ni\u015f<\/td>\n<td>Para\u015f\u00fct<\/td>\n<\/tr>\n<tr>\n<td>Motor \u00c7al\u0131\u015ft\u0131rma<\/td>\n<td>Dahili Mar\u015f Motoru<\/td>\n<\/tr>\n<\/tbody>\n<\/table>\n<\/figure>\n<p><!-- \/wp:table --><\/p>    <\/div>\n<\/div>\n<!-- \/module text -->\t        <\/div>\n\t    \t<\/div>\n\t\t    <\/div>\n\t    <!-- \/row_inner -->\n\t<\/div>\n\t<!-- \/module_row -->\n\t<\/div>\n<!--\/themify_builder_content-->","protected":false},"excerpt":{"rendered":"<p>TARKOPTER &#8211; I GENEL TANIM Tarkopter-I, \u00e7ok maksatl\u0131 benzin motorlu 2 saat u\u00e7u\u015f s\u00fcresi ve 30 kg faydal\u0131 y\u00fck \u00f6zelli\u011fine sahip bir helikopter \u0130HA sistemidir. (10Kg faydal\u0131 y\u00fckte 4 saat). Kalk\u0131\u015f, havada as\u0131l\u0131 kalma, u\u00e7u\u015f ve ini\u015f otonom olarak yap\u0131l\u0131r. Tarkopter-I, BVLOS operasyonlar\u0131 i\u00e7in SATCOM ile donat\u0131labilir. Benzinli motor, s\u0131cak ve nemli ortamlarda g\u00fcvenilir \u00e7al\u0131\u015fma [&hellip;]<\/p>\n","protected":false},"author":1,"featured_media":0,"parent":0,"menu_order":0,"comment_status":"closed","ping_status":"closed","template":"","meta":{"footnotes":""},"class_list":["post-730","page","type-page","status-publish","hentry","has-post-title","has-post-date","has-post-category","has-post-tag","has-post-comment","has-post-author",""],"builder_content":"<img src=\"http:\/\/www.z-sistem.com\/zs\/wp-content\/uploads\/2022\/03\/Tarkopter_1-1.png\" width=\"1417\" height=\"655\" title=\"Tarkopter-I\" alt=\"Tarkopter-I\">\n<h4>TARKOPTER - I<\/h4>\n\n<h3>GENEL<\/h3><h4>TANIM<\/h4>\n\n<p>Tarkopter-I, \u00e7ok maksatl\u0131 benzin motorlu 2 saat u\u00e7u\u015f s\u00fcresi ve 30 kg faydal\u0131 y\u00fck \u00f6zelli\u011fine sahip bir helikopter \u0130HA sistemidir. (10Kg faydal\u0131 y\u00fckte 4 saat).<\/p> <p>Kalk\u0131\u015f, havada as\u0131l\u0131 kalma, u\u00e7u\u015f ve ini\u015f otonom olarak yap\u0131l\u0131r. Tarkopter-I, BVLOS operasyonlar\u0131 i\u00e7in SATCOM ile donat\u0131labilir. Benzinli motor, s\u0131cak ve nemli ortamlarda g\u00fcvenilir \u00e7al\u0131\u015fma sa\u011flayan geli\u015fmi\u015f so\u011futma sistemine sahiptir.<\/p> <p>Tarkopter-I'nin benzersiz yetene\u011fi, \u00e7oklu y\u00fck kapasitesi, \u00fc\u00e7 adede kadar gimbal ta\u015f\u0131maya olanak sa\u011flayarak ayn\u0131 anda 3 e\u015fzamanl\u0131 olaya odaklanabilir. Geni\u015f Alan G\u00f6zetimi sa\u011flar .<\/p>\n<h3>UYGULAMA<\/h3><h4>ALANLARI<\/h4>\n\n<ul> <li>Zirai \u0130la\u00e7lama<\/li> <li>RF Tekrarlay\u0131c\u0131<\/li> <li>Ke\u015fif\/G\u00f6zetleme <ul> <li>Deniz<\/li> <li>\u00c7evre<\/li> <li>Kritik altyap\u0131\/tesis<\/li> <li>Enerji Nakil Hatlar\u0131<\/li> <\/ul> <\/li> <\/ul>\n<h3>FAYDALI Y\u00dcK<\/h3> <h4>SE\u00c7ENEKLER\u0130<\/h4>\n\n<ul> <li>G\u00fcnd\u00fcz HD video kameras\u0131<\/li> <li>LWIR\/MWIR gece g\u00f6r\u00fc\u015f kameras\u0131<\/li> <li>Multi\/Hyper spektral sens\u00f6r<\/li> <li>Fotogrametri i\u00e7in gigapiksel kamera<\/li> <li>ADS-B Transponder<\/li> <li>Lidar<\/li> <li>2.2-2.4Ghz RF datalink<\/li> <\/ul>\n<h4>BOYUTLAR<\/h4>\n\n<img src=\"http:\/\/www.z-sistem.com\/zs\/wp-content\/uploads\/2022\/03\/tarkopter_boyut.png\" width=\"390\" height=\"130\" title=\"Tarkopter-I\" alt=\"Tarkopter-I\">\n<h4>\u00d6ZELL\u0130KLER<\/h4>\n\n<p><\/p> <figure> <table> <tbody> <tr> <td>Seyir H\u0131z\u0131<\/td> <td>70 Km\/h<\/td> <\/tr> <tr> <td>Maksimum H\u0131z<\/td> <td>100 Km\/h<\/td> <\/tr> <tr> <td>Uzunluk<\/td> <td>2500 mm<\/td> <\/tr> <tr> <td>Ana Rotor \u00c7ap\u0131<\/td> <td>3100 mm<\/td> <\/tr> <tr> <td>Y\u00fckseklik<\/td> <td>952 mm<\/td> <\/tr> <tr> <td>Motor Tipi<\/td> <td>4 zamanl\u0131 wankel<\/td> <\/tr> <tr> <td>Yak\u0131t Sistemi<\/td> <td>Karb\u00fcrat\u00f6rl\u00fc<\/td> <\/tr> <tr> <td>G\u00fc\u00e7<\/td> <td>30 kW<\/td> <\/tr> <tr> <td>Maksimum Faydal\u0131 Y\u00fck<\/td> <td>30 Kg<\/td> <\/tr> <tr> <td>Maksimum Kalk\u0131\u015f A\u011f\u0131rl\u0131\u011f\u0131<\/td> <td>110 Kg<\/td> <\/tr> <tr> <td>Bo\u015f A\u011f\u0131rl\u0131k<\/td> <td>60 Kg<\/td> <\/tr> <tr> <td>Yak\u0131t Kapasitesi<\/td> <td>40 lt<\/td> <\/tr> <tr> <td>Ortalama Yak\u0131t T\u00fcketimi<\/td> <td>5-9 lt\/saat<\/td> <\/tr> <tr> <td>Maksimum dikey h\u0131z<\/td> <td>3 m\/sn<\/td> <\/tr> <tr> <td>R\u00fczgar dayan\u0131m\u0131<\/td> <td>12 m\/sn<\/td> <\/tr> <tr> <td>Menzil<\/td> <td>350 km<\/td> <\/tr> <tr> <td>U\u00e7u\u015f Tavan\u0131<\/td> <td>3500 m<\/td> <\/tr> <tr> <td>Maksimum U\u00e7u\u015f S\u00fcresi<\/td> <td>5 saat<\/td> <\/tr> <tr> <td>Para\u015f\u00fct<\/td> <td>Opsiyonel Balistik<\/td> <\/tr> <tr> <td>Dahili G\u00fc\u00e7<\/td> <td>300W 12-24Volt<\/td> <\/tr> <tr> <td>Dahili Batarya Tipi<\/td> <td>Li-Fe<\/td> <\/tr> <tr> <td>Altimetre<\/td> <td>Lazer\/Milimetre dalga radar<\/td> <\/tr> <tr> <td>Bak\u0131m s\u00fcresi<\/td> <td>250 Saat<\/td> <\/tr> <tr> <td>Dahili Jenerat\u00f6r<\/td> <td>600W<\/td> <\/tr> <tr> <td>\u00c7al\u0131\u015fma S\u0131cakl\u0131\u011f\u0131<\/td> <td>-20\u00b0C +45\u00b0C<\/td> <\/tr> <tr> <td>Kalk\u0131\u015f Alan\u0131<\/td> <td>15x15 m<\/td> <\/tr> <tr> <td>U\u00e7u\u015f Modlar\u0131<\/td> <td>Otonom<br>Yar\u0131-Otonom<br>Acil Mod<\/td> <\/tr> <tr> <td>Kalk\u0131\u015f-\u0130ni\u015f<\/td> <td>Otonom<\/td> <\/tr> <tr> <td>Acil \u0130ni\u015f<\/td> <td>Para\u015f\u00fct<\/td> <\/tr> <tr> <td>Motor \u00c7al\u0131\u015ft\u0131rma<\/td> <td>Dahili Mar\u015f Motoru<\/td> <\/tr> <\/tbody> <\/table> <\/figure> <p><\/p>","_links":{"self":[{"href":"https:\/\/www.z-sistem.com\/zs\/wp-json\/wp\/v2\/pages\/730","targetHints":{"allow":["GET"]}}],"collection":[{"href":"https:\/\/www.z-sistem.com\/zs\/wp-json\/wp\/v2\/pages"}],"about":[{"href":"https:\/\/www.z-sistem.com\/zs\/wp-json\/wp\/v2\/types\/page"}],"author":[{"embeddable":true,"href":"https:\/\/www.z-sistem.com\/zs\/wp-json\/wp\/v2\/users\/1"}],"replies":[{"embeddable":true,"href":"https:\/\/www.z-sistem.com\/zs\/wp-json\/wp\/v2\/comments?post=730"}],"version-history":[{"count":67,"href":"https:\/\/www.z-sistem.com\/zs\/wp-json\/wp\/v2\/pages\/730\/revisions"}],"predecessor-version":[{"id":2366,"href":"https:\/\/www.z-sistem.com\/zs\/wp-json\/wp\/v2\/pages\/730\/revisions\/2366"}],"wp:attachment":[{"href":"https:\/\/www.z-sistem.com\/zs\/wp-json\/wp\/v2\/media?parent=730"}],"curies":[{"name":"wp","href":"https:\/\/api.w.org\/{rel}","templated":true}]}}