{"id":775,"date":"2022-03-24T07:38:46","date_gmt":"2022-03-24T07:38:46","guid":{"rendered":"https:\/\/www.z-sistem.com\/zs\/?page_id=775"},"modified":"2022-05-27T07:30:02","modified_gmt":"2022-05-27T07:30:02","slug":"pt5","status":"publish","type":"page","link":"https:\/\/www.z-sistem.com\/zs\/pt5\/","title":{"rendered":"PT5"},"content":{"rendered":"<!--themify_builder_content-->\n<div id=\"themify_builder_content-775\" data-postid=\"775\" class=\"themify_builder_content themify_builder_content-775 themify_builder tf_clear\">\n    \t<!-- module_row -->\n\t<div  data-lazy=\"1\" class=\"module_row themify_builder_row repeat tb_ka9q427 tb_first tf_clearfix\" >\n\t    \t\t<div class=\"row_inner col_align_top col-count-1 tf_box tf_w tf_rel\">\n\t\t\t<div  data-lazy=\"1\" class=\"module_column tb-column col-full first tb_d7w4430 repeat tf_box\">\n\t\t\t    \t<\/div>\n\t\t    <\/div>\n\t    <!-- \/row_inner -->\n\t<\/div>\n\t<!-- \/module_row -->\n\t\t<!-- module_row -->\n\t<div  data-css_id=\"gg5j312\" data-lazy=\"1\" class=\"module_row themify_builder_row repeat fullwidth_row_container tb_gg5j312 tf_clearfix\" >\n\t    \t\t<div class=\"row_inner col_align_top col-count-2 tf_box tf_w tf_rel\">\n\t\t\t<div  data-lazy=\"1\" class=\"module_column tb-column col4-2 first tb_a53s316 tf_box\">\n\t\t\t    \t        <div class=\"tb-column-inner tf_box tf_w\">\n\t\t    <!-- module image -->\n<div  class=\"module module-image tb_oax4706   image-top tf_mw\" data-lazy=\"1\">\n        <div class=\"image-wrap tf_rel tf_mw\">\n\t\t    <img loading=\"lazy\" decoding=\"async\" src=\"http:\/\/www.z-sistem.com\/zs\/wp-content\/uploads\/2022\/03\/PT5-1.jpg\" width=\"287\" height=\"292\" title=\"PT5\" alt=\"PT5\">\t\n\t\t<\/div>\n\t<!-- \/image-wrap -->\n    \n    \t<\/div>\n<!-- \/module image -->\t        <\/div>\n\t    \t<\/div>\n\t\t<div  data-lazy=\"1\" class=\"module_column tb-column col4-2 last tb_2r27317 tf_box\">\n\t\t\t    \t        <div class=\"tb-column-inner tf_box tf_w\">\n\t\t    <!-- module text -->\n<div  class=\"module module-text tb_oj65282   \" data-lazy=\"1\">\n        <div  class=\"tb_text_wrap\">\n    <h4>PT5 PAN-TILT\u00a0<\/h4>    <\/div>\n<\/div>\n<!-- \/module text --><!-- module divider -->\n<div  class=\"module tf_mw module-divider tb_9qj8251 solid  divider-custom divider-left\" style=\"border-width: 2px;border-color: #282561;width: 100px;\" data-lazy=\"1\">\n    <\/div>\n<!-- \/module divider -->\n<!-- module text -->\n<div  class=\"module module-text tb_mqwi431   \" data-lazy=\"1\">\n        <div  class=\"tb_text_wrap\">\n    <h6>POZ\u0130SYONLAMA S\u0130STEM\u0130<\/h6>    <\/div>\n<\/div>\n<!-- \/module text -->\t        <\/div>\n\t    \t<\/div>\n\t\t    <\/div>\n\t    <!-- \/row_inner -->\n\t<\/div>\n\t<!-- \/module_row -->\n\t\t<!-- module_row -->\n\t<div  data-css_id=\"v41i972\" data-lazy=\"1\" class=\"module_row themify_builder_row repeat fullwidth_row_container tb_v41i972 tf_clearfix\" >\n\t    \t\t<div class=\"row_inner col_align_top col-count-2 tf_box tf_w tf_rel\">\n\t\t\t<div  data-lazy=\"1\" class=\"module_column tb-column col4-1 first tb_d9r2975 tf_box\">\n\t\t\t    \t        <div class=\"tb-column-inner tf_box tf_w\">\n\t\t    <!-- module text -->\n<div  class=\"module module-text tb_u146657   \" data-lazy=\"1\">\n        <div  class=\"tb_text_wrap\">\n    <h3>GENEL<\/h3>\n<h4>TANIM<\/h4>    <\/div>\n<\/div>\n<!-- \/module text --><!-- module divider -->\n<div  class=\"module tf_mw module-divider tb_xzkv285 solid  divider-custom divider-left\" style=\"border-width: 2px;border-color: #282561;width: 100px;\" data-lazy=\"1\">\n    <\/div>\n<!-- \/module divider -->\n\t        <\/div>\n\t    \t<\/div>\n\t\t<div  data-lazy=\"1\" class=\"module_column tb-column col4-3 last tb_i2kc976 tf_box\">\n\t\t\t    \t        <div class=\"tb-column-inner tf_box tf_w\">\n\t\t    <!-- module text -->\n<div  class=\"module module-text tb_seh0942   \" data-lazy=\"1\">\n        <div  class=\"tb_text_wrap\">\n    <p>\u00d6zg\u00fcn imk\u00e2n ve kabiliyetlerle tasarlan\u0131p geli\u015ftirilmi\u015f, y\u00fcksek hassasiyetli, de\u011fi\u015fken h\u0131zl\u0131, a\u011f\u0131r \u00e7evresel ko\u015fullardan etkilenmeyen, 5 kg faydal\u0131 y\u00fck ta\u015f\u0131yan hassas pozisyonlama sistemidir (hedef koordinat bulma sistemleri, g\u00f6r\u00fc\u015f cihazlar\u0131, takip anten sistemleri, lazer cihazlar\u0131, radar sistemleri, optik test ve \u00f6l\u00e7\u00fcm cihazlar\u0131 vb.).<\/p>    <\/div>\n<\/div>\n<!-- \/module text -->\t        <\/div>\n\t    \t<\/div>\n\t\t    <\/div>\n\t    <!-- \/row_inner -->\n\t<\/div>\n\t<!-- \/module_row -->\n\t\t<!-- module_row -->\n\t<div  data-css_id=\"1w4w163\" data-lazy=\"1\" class=\"module_row themify_builder_row repeat fullwidth_row_container tb_1w4w163 tf_clearfix\" >\n\t    \t\t<div class=\"row_inner col_align_top col-count-2 tf_box tf_w tf_rel\">\n\t\t\t<div  data-lazy=\"1\" style=\"width: 28.01%\" class=\"module_column tb-column col4-1 first tb_22sm165 tf_box\">\n\t\t\t    \t        <div class=\"tb-column-inner tf_box tf_w\">\n\t\t    <!-- module text -->\n<div  class=\"module module-text tb_1u9c305   \" data-lazy=\"1\">\n        <div  class=\"tb_text_wrap\">\n    <h3>UYGULAMA\u00a0<\/h3><h4>ALANLARI<\/h4>    <\/div>\n<\/div>\n<!-- \/module text --><!-- module divider -->\n<div  class=\"module tf_mw module-divider tb_vk11626 solid  divider-custom divider-left\" style=\"border-width: 2px;border-color: #282561;width: 100px;\" data-lazy=\"1\">\n    <\/div>\n<!-- \/module divider -->\n\t        <\/div>\n\t    \t<\/div>\n\t\t<div  data-lazy=\"1\" style=\"width: 68.79%\" class=\"module_column tb-column col4-3 last tb_pek8166 tf_box\">\n\t\t\t    \t        <div class=\"tb-column-inner tf_box tf_w\">\n\t\t    <!-- module text -->\n<div  class=\"module module-text tb_91bo613   \" data-lazy=\"1\">\n        <div  class=\"tb_text_wrap\">\n    <ul>\n<li>S\u0131n\u0131r G\u00f6zetimi<\/li>\n<li>Tesis G\u00f6zetimi<\/li>\n<li>Radar Sistemleri<\/li>\n<li>Y\u00f6nl\u00fc Anten Sistemleri<\/li>\n<li>Yaban Hayat Takibi<\/li>\n<\/ul>    <\/div>\n<\/div>\n<!-- \/module text -->\t        <\/div>\n\t    \t<\/div>\n\t\t    <\/div>\n\t    <!-- \/row_inner -->\n\t<\/div>\n\t<!-- \/module_row -->\n\t\t<!-- module_row -->\n\t<div  data-css_id=\"nptc185\" data-lazy=\"1\" class=\"module_row themify_builder_row repeat fullwidth_row_container tb_nptc185 tf_clearfix\" >\n\t    \t\t<div class=\"row_inner col_align_top col-count-2 tf_box tf_w tf_rel\">\n\t\t\t<div  data-lazy=\"1\" style=\"width: 23.85%\" class=\"module_column tb-column col4-1 first tb_awfl187 tf_box\">\n\t\t\t    \t        <div class=\"tb-column-inner tf_box tf_w\">\n\t\t    <!-- module text -->\n<div  class=\"module module-text tb_2xe0270   \" data-lazy=\"1\">\n        <div  class=\"tb_text_wrap\">\n    <h3>K\u0130L\u0130T\u00a0<\/h3>\n<h4>\u00d6ZELL\u0130KLER<\/h4>    <\/div>\n<\/div>\n<!-- \/module text --><!-- module divider -->\n<div  class=\"module tf_mw module-divider tb_iymz151 solid  divider-custom divider-left\" style=\"border-width: 2px;border-color: #282561;width: 100px;\" data-lazy=\"1\">\n    <\/div>\n<!-- \/module divider -->\n\t        <\/div>\n\t    \t<\/div>\n\t\t<div  data-lazy=\"1\" style=\"width: 72.95%\" class=\"module_column tb-column col4-3 last tb_nyut188 tf_box\">\n\t\t\t    \t        <div class=\"tb-column-inner tf_box tf_w\">\n\t\t    <!-- module text -->\n<div  class=\"module module-text tb_9kfe752   \" data-lazy=\"1\">\n        <div  class=\"tb_text_wrap\">\n    <ul>\n<li>Hassas Pozisyonlama Kabiliyeti<\/li>\n<li>IP65 \u00c7evresel Koruma<\/li>\n<li>Pan Ekseninde Sonsuz D\u00f6nme Kabiliyeti<\/li>\n<li>Faydal\u0131 Y\u00fck Ethernet Aray\u00fcz\u00fc<\/li>\n<\/ul>    <\/div>\n<\/div>\n<!-- \/module text -->\t        <\/div>\n\t    \t<\/div>\n\t\t    <\/div>\n\t    <!-- \/row_inner -->\n\t<\/div>\n\t<!-- \/module_row -->\n\t\t<!-- module_row -->\n\t<div  data-css_id=\"0m3w26\" data-lazy=\"1\" class=\"module_row themify_builder_row repeat fullwidth_row_container tb_0m3w26 tf_clearfix\" >\n\t    \t\t<div class=\"row_inner col_align_top col-count-2 tf_box tf_w tf_rel\">\n\t\t\t<div  data-lazy=\"1\" class=\"module_column tb-column col4-1 first tb_zrgy29 tf_box\">\n\t\t\t    \t        <div class=\"tb-column-inner tf_box tf_w\">\n\t\t    <!-- module text -->\n<div  class=\"module module-text tb_p3mx843   \" data-lazy=\"1\">\n        <div  class=\"tb_text_wrap\">\n    <h4>BOYUTLAR<\/h4>    <\/div>\n<\/div>\n<!-- \/module text --><!-- module divider -->\n<div  class=\"module tf_mw module-divider tb_dwa69 solid  divider-custom divider-left\" style=\"border-width: 2px;border-color: #282561;width: 100px;\" data-lazy=\"1\">\n    <\/div>\n<!-- \/module divider -->\n\t        <\/div>\n\t    \t<\/div>\n\t\t<div  data-lazy=\"1\" class=\"module_column tb-column col4-3 last tb_fwfr30 tf_box\">\n\t\t\t    \t        <div class=\"tb-column-inner tf_box tf_w\">\n\t\t    <!-- module image -->\n<div  class=\"module module-image tb_hkfa251   image-top tf_mw\" data-lazy=\"1\">\n        <div class=\"image-wrap tf_rel tf_mw\">\n\t\t    <img loading=\"lazy\" decoding=\"async\" src=\"http:\/\/www.z-sistem.com\/zs\/wp-content\/uploads\/2022\/03\/pt5_boyut.png\" width=\"652\" height=\"433\" title=\"PT5\" alt=\"PT5\">\t\n\t\t<\/div>\n\t<!-- \/image-wrap -->\n    \n    \t<\/div>\n<!-- \/module image -->\t        <\/div>\n\t    \t<\/div>\n\t\t    <\/div>\n\t    <!-- \/row_inner -->\n\t<\/div>\n\t<!-- \/module_row -->\n\t\t<!-- module_row -->\n\t<div  data-css_id=\"3v7q727\" data-lazy=\"1\" class=\"module_row themify_builder_row repeat fullwidth_row_container tb_3v7q727 tf_clearfix\" >\n\t    \t\t<div class=\"row_inner col_align_top col-count-2 tf_box tf_w tf_rel\">\n\t\t\t<div  data-lazy=\"1\" style=\"width: 26.18%\" class=\"module_column tb-column col4-1 first tb_gnro729 tf_box\">\n\t\t\t    \t        <div class=\"tb-column-inner tf_box tf_w\">\n\t\t    <!-- module text -->\n<div  class=\"module module-text tb_pgzs303  repeat \" data-lazy=\"1\">\n        <div  class=\"tb_text_wrap\">\n    <h4>\u00d6ZELL\u0130KLER<\/h4>    <\/div>\n<\/div>\n<!-- \/module text --><!-- module divider -->\n<div  class=\"module tf_mw module-divider tb_saed650 solid  divider-custom divider-left\" style=\"border-width: 2px;border-color: #282561;width: 100px;\" data-lazy=\"1\">\n    <\/div>\n<!-- \/module divider -->\n\t        <\/div>\n\t    \t<\/div>\n\t\t<div  data-lazy=\"1\" style=\"width: 70.62%\" class=\"module_column tb-column col4-3 last tb_ymav730 tf_box\">\n\t\t\t    \t        <div class=\"tb-column-inner tf_box tf_w\">\n\t\t    <!-- module text -->\n<div  class=\"module module-text tb_10xf610   \" data-lazy=\"1\">\n        <div  class=\"tb_text_wrap\">\n    <p><!-- wp:table {\"className\":\"is-style-stripes\"} --><\/p>\n<figure class=\"wp-block-table is-style-stripes\">\n<table>\n<tbody>\n<tr>\n<td>Elektriksel<\/td>\n<td>24V DC 2A, ANLIK 6A<\/td>\n<\/tr>\n<tr>\n<td>Faydal\u0131 Y\u00fck Ba\u011flant\u0131 \u015eekli<\/td>\n<td>\u00dcstten<\/td>\n<\/tr>\n<tr>\n<td>Faydal\u0131 Y\u00fck<\/td>\n<td>5 kg@8 cm dikey merkezden<\/td>\n<\/tr>\n<tr>\n<td>Protokol<\/td>\n<td>Z-Sistem \u00f6zel, Pelco-D geli\u015ftiriyor<\/td>\n<\/tr>\n<tr>\n<td>Pozisyonlama Hassasiyeti<\/td>\n<td>&lt;1 Milyem<\/td>\n<\/tr>\n<tr>\n<td>Yatay H\u0131z\/sn<\/td>\n<td>Azami 45<\/td>\n<\/tr>\n<tr>\n<td>Dikey H\u0131z\/sn<\/td>\n<td>Azami 30<\/td>\n<\/tr>\n<tr>\n<td>Yatay Hareket<\/td>\n<td>Devaml\u0131 360\u00b0<\/td>\n<\/tr>\n<tr>\n<td>Dikey Hareket<\/td>\n<td>-40\u00b0 +40\u00b0<\/td>\n<\/tr>\n<tr>\n<td>S\u0131zd\u0131rmazl\u0131k<\/td>\n<td>Su ve toz ge\u00e7irmesine dayan\u0131kl\u0131<\/td>\n<\/tr>\n<tr>\n<td>\u00c7al\u0131\u015fma S\u0131cakl\u0131\u011f\u0131<\/td>\n<td>-20\u00b0C +55\u00b0C<\/td>\n<\/tr>\n<tr>\n<td>A\u011f\u0131rl\u0131k<\/td>\n<td>7,5 kg<\/td>\n<\/tr>\n<tr>\n<td>Malzeme<\/td>\n<td>Al\u00fcminyum<\/td>\n<\/tr>\n<tr>\n<td>Faydal\u0131 Y\u00fck G\u00fc\u00e7 Aktar\u0131m\u0131<\/td>\n<td>Slipring, 24V \u2013 5A<\/td>\n<\/tr>\n<tr>\n<td>Faydal\u0131 Y\u00fck Veri Ak\u0131\u015f\u0131<\/td>\n<td>Ethernet Sinyal, 100 mbps<\/td>\n<\/tr>\n<tr>\n<td>Faydal\u0131 Y\u00fck Sinyal Alma Say\u0131s\u0131<\/td>\n<td>4 Kablodan Sinyal<\/td>\n<\/tr>\n<\/tbody>\n<\/table>\n<\/figure>\n<p><!-- \/wp:table --><\/p>\n    <\/div>\n<\/div>\n<!-- \/module text -->\t        <\/div>\n\t    \t<\/div>\n\t\t    <\/div>\n\t    <!-- \/row_inner -->\n\t<\/div>\n\t<!-- \/module_row -->\n\t<\/div>\n<!--\/themify_builder_content-->","protected":false},"excerpt":{"rendered":"<p>PT5 PAN-TILT\u00a0 POZ\u0130SYONLAMA S\u0130STEM\u0130 GENEL TANIM \u00d6zg\u00fcn imk\u00e2n ve kabiliyetlerle tasarlan\u0131p geli\u015ftirilmi\u015f, y\u00fcksek hassasiyetli, de\u011fi\u015fken h\u0131zl\u0131, a\u011f\u0131r \u00e7evresel ko\u015fullardan etkilenmeyen, 5 kg faydal\u0131 y\u00fck ta\u015f\u0131yan hassas pozisyonlama sistemidir (hedef koordinat bulma sistemleri, g\u00f6r\u00fc\u015f cihazlar\u0131, takip anten sistemleri, lazer cihazlar\u0131, radar sistemleri, optik test ve \u00f6l\u00e7\u00fcm cihazlar\u0131 vb.). UYGULAMA\u00a0 ALANLARI S\u0131n\u0131r G\u00f6zetimi Tesis G\u00f6zetimi Radar Sistemleri [&hellip;]<\/p>\n","protected":false},"author":1,"featured_media":0,"parent":0,"menu_order":0,"comment_status":"closed","ping_status":"closed","template":"","meta":{"footnotes":""},"class_list":["post-775","page","type-page","status-publish","hentry","has-post-title","has-post-date","has-post-category","has-post-tag","has-post-comment","has-post-author",""],"builder_content":"<img src=\"http:\/\/www.z-sistem.com\/zs\/wp-content\/uploads\/2022\/03\/PT5-1.jpg\" width=\"287\" height=\"292\" title=\"PT5\" alt=\"PT5\">\n<h4>PT5 PAN-TILT\u00a0<\/h4>\n\n<h6>POZ\u0130SYONLAMA S\u0130STEM\u0130<\/h6>\n<h3>GENEL<\/h3> <h4>TANIM<\/h4>\n\n<p>\u00d6zg\u00fcn imk\u00e2n ve kabiliyetlerle tasarlan\u0131p geli\u015ftirilmi\u015f, y\u00fcksek hassasiyetli, de\u011fi\u015fken h\u0131zl\u0131, a\u011f\u0131r \u00e7evresel ko\u015fullardan etkilenmeyen, 5 kg faydal\u0131 y\u00fck ta\u015f\u0131yan hassas pozisyonlama sistemidir (hedef koordinat bulma sistemleri, g\u00f6r\u00fc\u015f cihazlar\u0131, takip anten sistemleri, lazer cihazlar\u0131, radar sistemleri, optik test ve \u00f6l\u00e7\u00fcm cihazlar\u0131 vb.).<\/p>\n<h3>UYGULAMA\u00a0<\/h3><h4>ALANLARI<\/h4>\n\n<ul> <li>S\u0131n\u0131r G\u00f6zetimi<\/li> <li>Tesis G\u00f6zetimi<\/li> <li>Radar Sistemleri<\/li> <li>Y\u00f6nl\u00fc Anten Sistemleri<\/li> <li>Yaban Hayat Takibi<\/li> <\/ul>\n<h3>K\u0130L\u0130T\u00a0<\/h3> <h4>\u00d6ZELL\u0130KLER<\/h4>\n\n<ul> <li>Hassas Pozisyonlama Kabiliyeti<\/li> <li>IP65 \u00c7evresel Koruma<\/li> <li>Pan Ekseninde Sonsuz D\u00f6nme Kabiliyeti<\/li> <li>Faydal\u0131 Y\u00fck Ethernet Aray\u00fcz\u00fc<\/li> <\/ul>\n<h4>BOYUTLAR<\/h4>\n\n<img src=\"http:\/\/www.z-sistem.com\/zs\/wp-content\/uploads\/2022\/03\/pt5_boyut.png\" width=\"652\" height=\"433\" title=\"PT5\" alt=\"PT5\">\n<h4>\u00d6ZELL\u0130KLER<\/h4>\n\n<p><\/p> <figure> <table> <tbody> <tr> <td>Elektriksel<\/td> <td>24V DC 2A, ANLIK 6A<\/td> <\/tr> <tr> <td>Faydal\u0131 Y\u00fck Ba\u011flant\u0131 \u015eekli<\/td> <td>\u00dcstten<\/td> <\/tr> <tr> <td>Faydal\u0131 Y\u00fck<\/td> <td>5 kg@8 cm dikey merkezden<\/td> <\/tr> <tr> <td>Protokol<\/td> <td>Z-Sistem \u00f6zel, Pelco-D geli\u015ftiriyor<\/td> <\/tr> <tr> <td>Pozisyonlama Hassasiyeti<\/td> <td>&lt;1 Milyem<\/td> <\/tr> <tr> <td>Yatay H\u0131z\/sn<\/td> <td>Azami 45<\/td> <\/tr> <tr> <td>Dikey H\u0131z\/sn<\/td> <td>Azami 30<\/td> <\/tr> <tr> <td>Yatay Hareket<\/td> <td>Devaml\u0131 360\u00b0<\/td> <\/tr> <tr> <td>Dikey Hareket<\/td> <td>-40\u00b0 +40\u00b0<\/td> <\/tr> <tr> <td>S\u0131zd\u0131rmazl\u0131k<\/td> <td>Su ve toz ge\u00e7irmesine dayan\u0131kl\u0131<\/td> <\/tr> <tr> <td>\u00c7al\u0131\u015fma S\u0131cakl\u0131\u011f\u0131<\/td> <td>-20\u00b0C +55\u00b0C<\/td> <\/tr> <tr> <td>A\u011f\u0131rl\u0131k<\/td> <td>7,5 kg<\/td> <\/tr> <tr> <td>Malzeme<\/td> <td>Al\u00fcminyum<\/td> <\/tr> <tr> <td>Faydal\u0131 Y\u00fck G\u00fc\u00e7 Aktar\u0131m\u0131<\/td> <td>Slipring, 24V \u2013 5A<\/td> <\/tr> <tr> <td>Faydal\u0131 Y\u00fck Veri Ak\u0131\u015f\u0131<\/td> <td>Ethernet Sinyal, 100 mbps<\/td> <\/tr> <tr> <td>Faydal\u0131 Y\u00fck Sinyal Alma Say\u0131s\u0131<\/td> <td>4 Kablodan Sinyal<\/td> <\/tr> <\/tbody> <\/table> <\/figure> <p><\/p>","_links":{"self":[{"href":"https:\/\/www.z-sistem.com\/zs\/wp-json\/wp\/v2\/pages\/775","targetHints":{"allow":["GET"]}}],"collection":[{"href":"https:\/\/www.z-sistem.com\/zs\/wp-json\/wp\/v2\/pages"}],"about":[{"href":"https:\/\/www.z-sistem.com\/zs\/wp-json\/wp\/v2\/types\/page"}],"author":[{"embeddable":true,"href":"https:\/\/www.z-sistem.com\/zs\/wp-json\/wp\/v2\/users\/1"}],"replies":[{"embeddable":true,"href":"https:\/\/www.z-sistem.com\/zs\/wp-json\/wp\/v2\/comments?post=775"}],"version-history":[{"count":39,"href":"https:\/\/www.z-sistem.com\/zs\/wp-json\/wp\/v2\/pages\/775\/revisions"}],"predecessor-version":[{"id":2361,"href":"https:\/\/www.z-sistem.com\/zs\/wp-json\/wp\/v2\/pages\/775\/revisions\/2361"}],"wp:attachment":[{"href":"https:\/\/www.z-sistem.com\/zs\/wp-json\/wp\/v2\/media?parent=775"}],"curies":[{"name":"wp","href":"https:\/\/api.w.org\/{rel}","templated":true}]}}