{"id":837,"date":"2022-03-24T08:36:47","date_gmt":"2022-03-24T08:36:47","guid":{"rendered":"https:\/\/www.z-sistem.com\/zs\/?page_id=837"},"modified":"2022-04-04T10:46:33","modified_gmt":"2022-04-04T10:46:33","slug":"pt20","status":"publish","type":"page","link":"https:\/\/www.z-sistem.com\/zs\/pt20\/","title":{"rendered":"PT20"},"content":{"rendered":"<!--themify_builder_content-->\n<div id=\"themify_builder_content-837\" data-postid=\"837\" class=\"themify_builder_content themify_builder_content-837 themify_builder tf_clear\">\n    \t<!-- module_row -->\n\t<div  data-lazy=\"1\" class=\"module_row themify_builder_row repeat tb_2ylp990 tb_first tf_clearfix\" >\n\t    \t\t<div class=\"row_inner col_align_top col-count-1 tf_box tf_w tf_rel\">\n\t\t\t<div  data-lazy=\"1\" class=\"module_column tb-column col-full first tb_djlj991 tf_box\">\n\t\t\t    \t<\/div>\n\t\t    <\/div>\n\t    <!-- \/row_inner -->\n\t<\/div>\n\t<!-- \/module_row -->\n\t\t<!-- module_row -->\n\t<div  data-lazy=\"1\" class=\"module_row themify_builder_row repeat tb_chc4552 tf_clearfix\" >\n\t    \t\t<div class=\"row_inner col_align_top col-count-2 tf_box tf_w tf_rel\">\n\t\t\t<div  data-lazy=\"1\" style=\"width: 42.46%\" class=\"module_column tb-column col4-1 first tb_ysg7552 tf_box\">\n\t\t\t    \t        <div class=\"tb-column-inner tf_box tf_w\">\n\t\t    <!-- module image -->\n<div  class=\"module module-image tb_5ntb727   image-top tf_mw\" data-lazy=\"1\">\n        <div class=\"image-wrap tf_rel tf_mw\">\n\t\t    <img loading=\"lazy\" decoding=\"async\" src=\"http:\/\/www.z-sistem.com\/zs\/wp-content\/uploads\/2022\/03\/PT20-1-1.png\" width=\"182\" height=\"208\" title=\"PT20\" alt=\"PT20\">\t\n\t\t<\/div>\n\t<!-- \/image-wrap -->\n    \n    \t<\/div>\n<!-- \/module image -->\t        <\/div>\n\t    \t<\/div>\n\t\t<div  data-lazy=\"1\" style=\"width: 54.34%\" class=\"module_column tb-column col4-3 last tb_4gdi553 tf_box\">\n\t\t\t    \t        <div class=\"tb-column-inner tf_box tf_w\">\n\t\t    <!-- module text -->\n<div  class=\"module module-text tb_2mnv122   \" data-lazy=\"1\">\n        <div  class=\"tb_text_wrap\">\n    <h4>PT20 PAN-TILT<\/h4>    <\/div>\n<\/div>\n<!-- \/module text --><!-- module divider -->\n<div  class=\"module tf_mw module-divider tb_q8pg680 solid  divider-custom divider-left\" style=\"border-width: 2px;border-color: #282561;width: 100px;\" data-lazy=\"1\">\n    <\/div>\n<!-- \/module divider -->\n<!-- module text -->\n<div  class=\"module module-text tb_383a618  repeat \" data-lazy=\"1\">\n        <div  class=\"tb_text_wrap\">\n    <h6>POZ\u0130SYONLAMA S\u0130STEM\u0130<\/h6>    <\/div>\n<\/div>\n<!-- \/module text -->\t        <\/div>\n\t    \t<\/div>\n\t\t    <\/div>\n\t    <!-- \/row_inner -->\n\t<\/div>\n\t<!-- \/module_row -->\n\t\t<!-- module_row -->\n\t<div  data-lazy=\"1\" class=\"module_row themify_builder_row repeat tb_wnld81 tf_clearfix\" >\n\t    \t\t<div class=\"row_inner col_align_top col-count-2 tf_box tf_w tf_rel\">\n\t\t\t<div  data-lazy=\"1\" style=\"width: 25.37%\" class=\"module_column tb-column col4-1 first tb_c1ol82 tf_box\">\n\t\t\t    \t        <div class=\"tb-column-inner tf_box tf_w\">\n\t\t    <!-- module text -->\n<div  class=\"module module-text tb_ptqs813   \" data-lazy=\"1\">\n        <div  class=\"tb_text_wrap\">\n    <h3>GENEL<\/h3>\n<h4>TANIM<\/h4>    <\/div>\n<\/div>\n<!-- \/module text --><!-- module divider -->\n<div  class=\"module tf_mw module-divider tb_710v515 solid  divider-custom divider-left\" style=\"border-width: 2px;border-color: #282561;width: 100px;\" data-lazy=\"1\">\n    <\/div>\n<!-- \/module divider -->\n\t        <\/div>\n\t    \t<\/div>\n\t\t<div  data-lazy=\"1\" style=\"width: 71.43%\" class=\"module_column tb-column col4-3 last tb_ahmn83 tf_box\">\n\t\t\t    \t        <div class=\"tb-column-inner tf_box tf_w\">\n\t\t    <!-- module text -->\n<div  class=\"module module-text tb_jr4i586   \" data-lazy=\"1\">\n        <div  class=\"tb_text_wrap\">\n    <p>\u00d6zg\u00fcn imk\u00e2n ve kabiliyetlerle tasarlan\u0131p geli\u015ftirilmi\u015f, y\u00fcksek hassasiyetli, de\u011fi\u015fken h\u0131zl\u0131, a\u011f\u0131r \u00e7evresel ko\u015fullardan etkilenmeyen, 20 kg faydal\u0131 y\u00fck ta\u015f\u0131yan hassas pozisyonlama sistemidir (hedef koordinat bulma sistemleri, g\u00f6r\u00fc\u015f cihazlar\u0131, takip anten sistemleri, lazer cihazlar\u0131, radar sistemleri, optik test ve \u00f6l\u00e7\u00fcm cihazlar\u0131 vb.).<\/p>    <\/div>\n<\/div>\n<!-- \/module text -->\t        <\/div>\n\t    \t<\/div>\n\t\t    <\/div>\n\t    <!-- \/row_inner -->\n\t<\/div>\n\t<!-- \/module_row -->\n\t\t<!-- module_row -->\n\t<div  data-lazy=\"1\" class=\"module_row themify_builder_row repeat tb_50j4634 tf_clearfix\" >\n\t    \t\t<div class=\"row_inner col_align_top col-count-2 tf_box tf_w tf_rel\">\n\t\t\t<div  data-lazy=\"1\" style=\"width: 26.38%\" class=\"module_column tb-column col4-1 first tb_3ub6635 tf_box\">\n\t\t\t    \t        <div class=\"tb-column-inner tf_box tf_w\">\n\t\t    <!-- module text -->\n<div  class=\"module module-text tb_0vdj147   \" data-lazy=\"1\">\n        <div  class=\"tb_text_wrap\">\n    <h3>UYGULAMA<\/h3><h4>ALANLARI<\/h4>    <\/div>\n<\/div>\n<!-- \/module text --><!-- module divider -->\n<div  class=\"module tf_mw module-divider tb_4ebi675 solid  divider-custom divider-left\" style=\"border-width: 2px;border-color: #282561;width: 100px;\" data-lazy=\"1\">\n    <\/div>\n<!-- \/module divider -->\n\t        <\/div>\n\t    \t<\/div>\n\t\t<div  data-lazy=\"1\" style=\"width: 70.42%\" class=\"module_column tb-column col4-3 last tb_ltp2635 tf_box\">\n\t\t\t    \t        <div class=\"tb-column-inner tf_box tf_w\">\n\t\t    <!-- module text -->\n<div  class=\"module module-text tb_l2o9108   \" data-lazy=\"1\">\n        <div  class=\"tb_text_wrap\">\n    <ul>\n<li>S\u0131n\u0131r G\u00f6zetimi<\/li>\n<li>Tesis G\u00f6zetimi<\/li>\n<li>Radar Sistemleri<\/li>\n<li>Y\u00f6nl\u00fc Anten Sistemleri<\/li>\n<li>Yaban Hayat Takibi<\/li>\n<\/ul>    <\/div>\n<\/div>\n<!-- \/module text -->\t        <\/div>\n\t    \t<\/div>\n\t\t    <\/div>\n\t    <!-- \/row_inner -->\n\t<\/div>\n\t<!-- \/module_row -->\n\t\t<!-- module_row -->\n\t<div  data-lazy=\"1\" class=\"module_row themify_builder_row repeat tb_i47j380 tf_clearfix\" >\n\t    \t\t<div class=\"row_inner col_align_top col-count-2 tf_box tf_w tf_rel\">\n\t\t\t<div  data-lazy=\"1\" style=\"width: 26.49%\" class=\"module_column tb-column col4-1 first tb_vjgi382 tf_box\">\n\t\t\t    \t        <div class=\"tb-column-inner tf_box tf_w\">\n\t\t    <!-- module text -->\n<div  class=\"module module-text tb_au2x270  repeat \" data-lazy=\"1\">\n        <div  class=\"tb_text_wrap\">\n    <h3>K\u0130L\u0130T<\/h3><h4>\u00d6ZELL\u0130KLER<\/h4>    <\/div>\n<\/div>\n<!-- \/module text --><!-- module divider -->\n<div  class=\"module tf_mw module-divider tb_b9iz702 solid  divider-custom divider-left\" style=\"border-width: 2px;border-color: #282561;width: 100px;\" data-lazy=\"1\">\n    <\/div>\n<!-- \/module divider -->\n\t        <\/div>\n\t    \t<\/div>\n\t\t<div  data-lazy=\"1\" style=\"width: 70.31%\" class=\"module_column tb-column col4-3 last tb_rirn382 tf_box\">\n\t\t\t    \t        <div class=\"tb-column-inner tf_box tf_w\">\n\t\t    <!-- module text -->\n<div  class=\"module module-text tb_uvr0366   \" data-lazy=\"1\">\n        <div  class=\"tb_text_wrap\">\n    <ul>\n<li>Hassas Pozisyonlama Kabiliyeti<\/li>\n<li>\u00a0IP65 \u00c7evresel Koruma<\/li>\n<li>\u00a0Pan Ekseninde Sonsuz D\u00f6nme Kabiliyeti<\/li>\n<li>Faydal\u0131 Y\u00fck Ethernet Aray\u00fcz\u00fc<\/li>\n<\/ul>    <\/div>\n<\/div>\n<!-- \/module text -->\t        <\/div>\n\t    \t<\/div>\n\t\t    <\/div>\n\t    <!-- \/row_inner -->\n\t<\/div>\n\t<!-- \/module_row -->\n\t\t<!-- module_row -->\n\t<div  data-lazy=\"1\" class=\"module_row themify_builder_row repeat tb_jqnz687 tf_clearfix\" >\n\t    \t\t<div class=\"row_inner col_align_top col-count-2 tf_box tf_w tf_rel\">\n\t\t\t<div  data-lazy=\"1\" class=\"module_column tb-column col4-1 first tb_5aat688 tf_box\">\n\t\t\t    \t        <div class=\"tb-column-inner tf_box tf_w\">\n\t\t    <!-- module text -->\n<div  class=\"module module-text tb_6m0x993  repeat \" data-lazy=\"1\">\n        <div  class=\"tb_text_wrap\">\n    <h4>BOYUTLAR<\/h4>    <\/div>\n<\/div>\n<!-- \/module text --><!-- module divider -->\n<div  class=\"module tf_mw module-divider tb_3vjs172 solid  divider-custom divider-left\" style=\"border-width: 2px;border-color: #282561;width: 100px;\" data-lazy=\"1\">\n    <\/div>\n<!-- \/module divider -->\n\t        <\/div>\n\t    \t<\/div>\n\t\t<div  data-lazy=\"1\" class=\"module_column tb-column col4-3 last tb_phso688 tf_box\">\n\t\t\t    \t        <div class=\"tb-column-inner tf_box tf_w\">\n\t\t    <!-- module image -->\n<div  class=\"module module-image tb_y8x633   image-top tf_mw\" data-lazy=\"1\">\n        <div class=\"image-wrap tf_rel tf_mw\">\n\t\t    <img loading=\"lazy\" decoding=\"async\" src=\"http:\/\/www.z-sistem.com\/zs\/wp-content\/uploads\/2022\/03\/pt20_boyut.png\" width=\"555\" height=\"465\" title=\"PT20\" alt=\"PT20\">\t\n\t\t<\/div>\n\t<!-- \/image-wrap -->\n    \n    \t<\/div>\n<!-- \/module image -->\t        <\/div>\n\t    \t<\/div>\n\t\t    <\/div>\n\t    <!-- \/row_inner -->\n\t<\/div>\n\t<!-- \/module_row -->\n\t\t<!-- module_row -->\n\t<div  data-lazy=\"1\" class=\"module_row themify_builder_row repeat tb_0hh3584 tf_clearfix\" >\n\t    \t\t<div class=\"row_inner col_align_top col-count-2 tf_box tf_w tf_rel\">\n\t\t\t<div  data-lazy=\"1\" style=\"width: 25.88%\" class=\"module_column tb-column col4-1 first tb_fsej585 tf_box\">\n\t\t\t    \t        <div class=\"tb-column-inner tf_box tf_w\">\n\t\t    <!-- module text -->\n<div  class=\"module module-text tb_xx2c306   \" data-lazy=\"1\">\n        <div  class=\"tb_text_wrap\">\n    <h4>\u00d6ZELL\u0130KLER<\/h4>    <\/div>\n<\/div>\n<!-- \/module text --><!-- module divider -->\n<div  class=\"module tf_mw module-divider tb_anlz379 solid  divider-custom divider-left\" style=\"border-width: 2px;border-color: #282561;width: 100px;\" data-lazy=\"1\">\n    <\/div>\n<!-- \/module divider -->\n\t        <\/div>\n\t    \t<\/div>\n\t\t<div  data-lazy=\"1\" style=\"width: 70.92%\" class=\"module_column tb-column col4-3 last tb_spwq586 tf_box\">\n\t\t\t    \t        <div class=\"tb-column-inner tf_box tf_w\">\n\t\t    <!-- module text -->\n<div  class=\"module module-text tb_elxc413   \" data-lazy=\"1\">\n        <div  class=\"tb_text_wrap\">\n    <p><!-- wp:table {\"className\":\"is-style-stripes\"} --><\/p>\n<figure class=\"wp-block-table is-style-stripes\">\n<table>\n<tbody>\n<tr>\n<td>Elektriksel<\/td>\n<td>24V DC 2A, ANLIK 6A<\/td>\n<\/tr>\n<tr>\n<td>Faydal\u0131 Y\u00fck Ba\u011flant\u0131 \u015eekli<\/td>\n<td>\u00dcstten<\/td>\n<\/tr>\n<tr>\n<td>Faydal\u0131 Y\u00fck<\/td>\n<td>20 kg@8 cm dikey merkezden<\/td>\n<\/tr>\n<tr>\n<td>Protokol<\/td>\n<td>Z-Sistem \u00f6zel, Pelco-D geli\u015ftiriyor<\/td>\n<\/tr>\n<tr>\n<td>Pozisyonlama Hassasiyeti<\/td>\n<td>&lt;1 Milyem<\/td>\n<\/tr>\n<tr>\n<td>Yatay H\u0131z\/sn<\/td>\n<td>Azami 45<\/td>\n<\/tr>\n<tr>\n<td>Dikey H\u0131z\/sn<\/td>\n<td>Azami 30<\/td>\n<\/tr>\n<tr>\n<td>Yatay Hareket<\/td>\n<td>Devaml\u0131 360\u00b0<\/td>\n<\/tr>\n<tr>\n<td>Dikey Hareket<\/td>\n<td>-40\u00b0 +40\u00b0<\/td>\n<\/tr>\n<tr>\n<td>S\u0131zd\u0131rmazl\u0131k<\/td>\n<td>Su ve toz ge\u00e7irmesine dayan\u0131kl\u0131<\/td>\n<\/tr>\n<tr>\n<td>\u00c7al\u0131\u015fma S\u0131cakl\u0131\u011f\u0131<\/td>\n<td>-20\u00b0C +55\u00b0C<\/td>\n<\/tr>\n<tr>\n<td>A\u011f\u0131rl\u0131k<\/td>\n<td>12,5 kg<\/td>\n<\/tr>\n<tr>\n<td>Malzeme<\/td>\n<td>Al\u00fcminyum<\/td>\n<\/tr>\n<tr>\n<td>Faydal\u0131 Y\u00fck G\u00fc\u00e7 Aktar\u0131m\u0131<\/td>\n<td>Slipring, 24V \u2013 5A<\/td>\n<\/tr>\n<tr>\n<td>Faydal\u0131 Y\u00fck Veri Ak\u0131\u015f\u0131<\/td>\n<td>Ethernet Sinyal, 100 mbps<\/td>\n<\/tr>\n<tr>\n<td>Faydal\u0131 Y\u00fck Sinyal Alma Say\u0131s\u0131<\/td>\n<td>4 Kablodan Sinyal<\/td>\n<\/tr>\n<\/tbody>\n<\/table>\n<\/figure>\n<p><!-- \/wp:table --><\/p>    <\/div>\n<\/div>\n<!-- \/module text -->\t        <\/div>\n\t    \t<\/div>\n\t\t    <\/div>\n\t    <!-- \/row_inner -->\n\t<\/div>\n\t<!-- \/module_row -->\n\t<\/div>\n<!--\/themify_builder_content-->","protected":false},"excerpt":{"rendered":"<p>PT20 PAN-TILT POZ\u0130SYONLAMA S\u0130STEM\u0130 GENEL TANIM \u00d6zg\u00fcn imk\u00e2n ve kabiliyetlerle tasarlan\u0131p geli\u015ftirilmi\u015f, y\u00fcksek hassasiyetli, de\u011fi\u015fken h\u0131zl\u0131, a\u011f\u0131r \u00e7evresel ko\u015fullardan etkilenmeyen, 20 kg faydal\u0131 y\u00fck ta\u015f\u0131yan hassas pozisyonlama sistemidir (hedef koordinat bulma sistemleri, g\u00f6r\u00fc\u015f cihazlar\u0131, takip anten sistemleri, lazer cihazlar\u0131, radar sistemleri, optik test ve \u00f6l\u00e7\u00fcm cihazlar\u0131 vb.). UYGULAMA ALANLARI S\u0131n\u0131r G\u00f6zetimi Tesis G\u00f6zetimi Radar Sistemleri [&hellip;]<\/p>\n","protected":false},"author":1,"featured_media":0,"parent":0,"menu_order":0,"comment_status":"closed","ping_status":"closed","template":"","meta":{"footnotes":""},"class_list":["post-837","page","type-page","status-publish","hentry","has-post-title","has-post-date","has-post-category","has-post-tag","has-post-comment","has-post-author",""],"builder_content":"<img src=\"http:\/\/www.z-sistem.com\/zs\/wp-content\/uploads\/2022\/03\/PT20-1-1.png\" width=\"182\" height=\"208\" title=\"PT20\" alt=\"PT20\">\n<h4>PT20 PAN-TILT<\/h4>\n\n<h6>POZ\u0130SYONLAMA S\u0130STEM\u0130<\/h6>\n<h3>GENEL<\/h3> <h4>TANIM<\/h4>\n\n<p>\u00d6zg\u00fcn imk\u00e2n ve kabiliyetlerle tasarlan\u0131p geli\u015ftirilmi\u015f, y\u00fcksek hassasiyetli, de\u011fi\u015fken h\u0131zl\u0131, a\u011f\u0131r \u00e7evresel ko\u015fullardan etkilenmeyen, 20 kg faydal\u0131 y\u00fck ta\u015f\u0131yan hassas pozisyonlama sistemidir (hedef koordinat bulma sistemleri, g\u00f6r\u00fc\u015f cihazlar\u0131, takip anten sistemleri, lazer cihazlar\u0131, radar sistemleri, optik test ve \u00f6l\u00e7\u00fcm cihazlar\u0131 vb.).<\/p>\n<h3>UYGULAMA<\/h3><h4>ALANLARI<\/h4>\n\n<ul> <li>S\u0131n\u0131r G\u00f6zetimi<\/li> <li>Tesis G\u00f6zetimi<\/li> <li>Radar Sistemleri<\/li> <li>Y\u00f6nl\u00fc Anten Sistemleri<\/li> <li>Yaban Hayat Takibi<\/li> <\/ul>\n<h3>K\u0130L\u0130T<\/h3><h4>\u00d6ZELL\u0130KLER<\/h4>\n\n<ul> <li>Hassas Pozisyonlama Kabiliyeti<\/li> <li>\u00a0IP65 \u00c7evresel Koruma<\/li> <li>\u00a0Pan Ekseninde Sonsuz D\u00f6nme Kabiliyeti<\/li> <li>Faydal\u0131 Y\u00fck Ethernet Aray\u00fcz\u00fc<\/li> <\/ul>\n<h4>BOYUTLAR<\/h4>\n\n<img src=\"http:\/\/www.z-sistem.com\/zs\/wp-content\/uploads\/2022\/03\/pt20_boyut.png\" width=\"555\" height=\"465\" title=\"PT20\" alt=\"PT20\">\n<h4>\u00d6ZELL\u0130KLER<\/h4>\n\n<p><\/p> <figure> <table> <tbody> <tr> <td>Elektriksel<\/td> <td>24V DC 2A, ANLIK 6A<\/td> <\/tr> <tr> <td>Faydal\u0131 Y\u00fck Ba\u011flant\u0131 \u015eekli<\/td> <td>\u00dcstten<\/td> <\/tr> <tr> <td>Faydal\u0131 Y\u00fck<\/td> <td>20 kg@8 cm dikey merkezden<\/td> <\/tr> <tr> <td>Protokol<\/td> <td>Z-Sistem \u00f6zel, Pelco-D geli\u015ftiriyor<\/td> <\/tr> <tr> <td>Pozisyonlama Hassasiyeti<\/td> <td>&lt;1 Milyem<\/td> <\/tr> <tr> <td>Yatay H\u0131z\/sn<\/td> <td>Azami 45<\/td> <\/tr> <tr> <td>Dikey H\u0131z\/sn<\/td> <td>Azami 30<\/td> <\/tr> <tr> <td>Yatay Hareket<\/td> <td>Devaml\u0131 360\u00b0<\/td> <\/tr> <tr> <td>Dikey Hareket<\/td> <td>-40\u00b0 +40\u00b0<\/td> <\/tr> <tr> <td>S\u0131zd\u0131rmazl\u0131k<\/td> <td>Su ve toz ge\u00e7irmesine dayan\u0131kl\u0131<\/td> <\/tr> <tr> <td>\u00c7al\u0131\u015fma S\u0131cakl\u0131\u011f\u0131<\/td> <td>-20\u00b0C +55\u00b0C<\/td> <\/tr> <tr> <td>A\u011f\u0131rl\u0131k<\/td> <td>12,5 kg<\/td> <\/tr> <tr> <td>Malzeme<\/td> <td>Al\u00fcminyum<\/td> <\/tr> <tr> <td>Faydal\u0131 Y\u00fck G\u00fc\u00e7 Aktar\u0131m\u0131<\/td> <td>Slipring, 24V \u2013 5A<\/td> <\/tr> <tr> <td>Faydal\u0131 Y\u00fck Veri Ak\u0131\u015f\u0131<\/td> <td>Ethernet Sinyal, 100 mbps<\/td> <\/tr> <tr> <td>Faydal\u0131 Y\u00fck Sinyal Alma Say\u0131s\u0131<\/td> <td>4 Kablodan Sinyal<\/td> <\/tr> <\/tbody> <\/table> <\/figure> <p><\/p>","_links":{"self":[{"href":"https:\/\/www.z-sistem.com\/zs\/wp-json\/wp\/v2\/pages\/837","targetHints":{"allow":["GET"]}}],"collection":[{"href":"https:\/\/www.z-sistem.com\/zs\/wp-json\/wp\/v2\/pages"}],"about":[{"href":"https:\/\/www.z-sistem.com\/zs\/wp-json\/wp\/v2\/types\/page"}],"author":[{"embeddable":true,"href":"https:\/\/www.z-sistem.com\/zs\/wp-json\/wp\/v2\/users\/1"}],"replies":[{"embeddable":true,"href":"https:\/\/www.z-sistem.com\/zs\/wp-json\/wp\/v2\/comments?post=837"}],"version-history":[{"count":51,"href":"https:\/\/www.z-sistem.com\/zs\/wp-json\/wp\/v2\/pages\/837\/revisions"}],"predecessor-version":[{"id":2295,"href":"https:\/\/www.z-sistem.com\/zs\/wp-json\/wp\/v2\/pages\/837\/revisions\/2295"}],"wp:attachment":[{"href":"https:\/\/www.z-sistem.com\/zs\/wp-json\/wp\/v2\/media?parent=837"}],"curies":[{"name":"wp","href":"https:\/\/api.w.org\/{rel}","templated":true}]}}