{"id":889,"date":"2022-03-24T08:51:42","date_gmt":"2022-03-24T08:51:42","guid":{"rendered":"https:\/\/www.z-sistem.com\/zs\/?page_id=889"},"modified":"2022-04-14T13:20:09","modified_gmt":"2022-04-14T13:20:09","slug":"kanat-navigasyon-isildak","status":"publish","type":"page","link":"https:\/\/www.z-sistem.com\/zs\/kanat-navigasyon-isildak\/","title":{"rendered":"Kanat Navigasyon I\u015f\u0131ldak"},"content":{"rendered":"<!--themify_builder_content-->\n<div id=\"themify_builder_content-889\" data-postid=\"889\" class=\"themify_builder_content themify_builder_content-889 themify_builder tf_clear\">\n    \t<!-- module_row -->\n\t<div  data-lazy=\"1\" class=\"module_row themify_builder_row repeat tb_imfa400 tb_first tf_clearfix\" >\n\t    \t\t<div class=\"row_inner col_align_top col-count-1 tf_box tf_w tf_rel\">\n\t\t\t<div  data-lazy=\"1\" class=\"module_column tb-column col-full first tb_lv7r403 tf_box\">\n\t\t\t    \t<\/div>\n\t\t    <\/div>\n\t    <!-- \/row_inner -->\n\t<\/div>\n\t<!-- \/module_row -->\n\t\t<!-- module_row -->\n\t<div  data-css_id=\"ucub850\" data-lazy=\"1\" class=\"module_row themify_builder_row repeat fullwidth_row_container tb_ucub850 tf_clearfix\" >\n\t    \t\t<div class=\"row_inner col_align_top col-count-2 tf_box tf_w tf_rel\">\n\t\t\t<div  data-lazy=\"1\" class=\"module_column tb-column col4-1 first tb_yyhy854 tf_box\">\n\t\t\t    \t        <div class=\"tb-column-inner tf_box tf_w\">\n\t\t    <!-- module image -->\n<div  class=\"module module-image tb_2r07915   image-top tf_mw\" data-lazy=\"1\">\n        <div class=\"image-wrap tf_rel tf_mw\">\n\t\t    <img loading=\"lazy\" decoding=\"async\" src=\"http:\/\/www.z-sistem.com\/zs\/wp-content\/uploads\/2022\/03\/Kanat_Navigasyon_Isildak.png\" width=\"701\" height=\"305\" title=\"Kanat Navigasyon I\u015f\u0131ldak\" alt=\"Kanat Navigasyon I\u015f\u0131ldak\">\t\n\t\t<\/div>\n\t<!-- \/image-wrap -->\n    \n    \t<\/div>\n<!-- \/module image -->\t        <\/div>\n\t    \t<\/div>\n\t\t<div  data-lazy=\"1\" class=\"module_column tb-column col4-3 last tb_3k92855 tf_box\">\n\t\t\t    \t        <div class=\"tb-column-inner tf_box tf_w\">\n\t\t    <!-- module text -->\n<div  class=\"module module-text tb_qksk160   \" data-lazy=\"1\">\n        <div  class=\"tb_text_wrap\">\n    <h4>KANAT NAV\u0130GASYON I\u015eILDAK<\/h4>\n    <\/div>\n<\/div>\n<!-- \/module text --><!-- module divider -->\n<div  class=\"module tf_mw module-divider tb_830i765 solid  divider-custom divider-left\" style=\"border-width: 2px;border-color: #282561;width: 100px;\" data-lazy=\"1\">\n    <\/div>\n<!-- \/module divider -->\n\t        <\/div>\n\t    \t<\/div>\n\t\t    <\/div>\n\t    <!-- \/row_inner -->\n\t<\/div>\n\t<!-- \/module_row -->\n\t\t<!-- module_row -->\n\t<div  data-css_id=\"3qfk487\" data-lazy=\"1\" class=\"module_row themify_builder_row repeat fullwidth_row_container tb_3qfk487 tf_clearfix\" >\n\t    \t\t<div class=\"row_inner col_align_top col-count-2 tf_box tf_w tf_rel\">\n\t\t\t<div  data-lazy=\"1\" class=\"module_column tb-column col4-1 first tb_sm91489 tf_box\">\n\t\t\t    \t        <div class=\"tb-column-inner tf_box tf_w\">\n\t\t    <!-- module text -->\n<div  class=\"module module-text tb_qdut55   \" data-lazy=\"1\">\n        <div  class=\"tb_text_wrap\">\n    <h3>GENEL<\/h3>\n<h4>TANIM<\/h4>\n    <\/div>\n<\/div>\n<!-- \/module text --><!-- module divider -->\n<div  class=\"module tf_mw module-divider tb_698z884 solid  divider-custom divider-left\" style=\"border-width: 2px;border-color: #282561;width: 100px;\" data-lazy=\"1\">\n    <\/div>\n<!-- \/module divider -->\n\t        <\/div>\n\t    \t<\/div>\n\t\t<div  data-lazy=\"1\" class=\"module_column tb-column col4-3 last tb_azc5490 tf_box\">\n\t\t\t    \t        <div class=\"tb-column-inner tf_box tf_w\">\n\t\t    <!-- module text -->\n<div  class=\"module module-text tb_qi45764   \" data-lazy=\"1\">\n        <div  class=\"tb_text_wrap\">\n    <p>\u0130nsans\u0131z Hava Ara\u00e7lar\u0131 i\u00e7in tasarlanm\u0131\u015f ak\u0131ll\u0131 Navigasyon I\u015f\u0131ldaklar\u0131 hava arac\u0131n\u0131n fark\u0131ndal\u0131\u011f\u0131n\u0131 art\u0131rmak ve seyir oryantasyonunu belirlemek i\u00e7in kullan\u0131lmaktad\u0131r. Sa\u011f ve sol olmak \u00fczere 2 adettir. Sa\u011f kanat i\u00e7in ye\u015fil, sol kanat i\u00e7in k\u0131rm\u0131z\u0131 renk \u0131\u015f\u0131ldak kullan\u0131l\u0131r. U\u00e7u\u015f s\u0131ras\u0131nda CAN-BUS \u00fczerinden a\u00e7\u0131l\u0131p kapat\u0131labilir. Farkl\u0131 \u00e7akar modunda \u00e7al\u0131\u015ft\u0131r\u0131labilir.<\/p>    <\/div>\n<\/div>\n<!-- \/module text -->\t        <\/div>\n\t    \t<\/div>\n\t\t    <\/div>\n\t    <!-- \/row_inner -->\n\t<\/div>\n\t<!-- \/module_row -->\n\t\t<!-- module_row -->\n\t<div  data-css_id=\"cyxu785\" data-lazy=\"1\" class=\"module_row themify_builder_row repeat fullwidth_row_container tb_cyxu785 tf_clearfix\" >\n\t    \t\t<div class=\"row_inner col_align_top col-count-2 tf_box tf_w tf_rel\">\n\t\t\t<div  data-lazy=\"1\" class=\"module_column tb-column col4-1 first tb_36g6787 tf_box\">\n\t\t\t    \t        <div class=\"tb-column-inner tf_box tf_w\">\n\t\t    <!-- module text -->\n<div  class=\"module module-text tb_qere659  repeat \" data-lazy=\"1\">\n        <div  class=\"tb_text_wrap\">\n    <h3>UYGULAMA\u00a0<\/h3><h4>ALANLARI<\/h4>    <\/div>\n<\/div>\n<!-- \/module text --><!-- module divider -->\n<div  class=\"module tf_mw module-divider tb_8hda376 solid  divider-custom divider-left\" style=\"border-width: 2px;border-color: #282561;width: 100px;\" data-lazy=\"1\">\n    <\/div>\n<!-- \/module divider -->\n\t        <\/div>\n\t    \t<\/div>\n\t\t<div  data-lazy=\"1\" class=\"module_column tb-column col4-3 last tb_hl5a789 tf_box\">\n\t\t\t    \t        <div class=\"tb-column-inner tf_box tf_w\">\n\t\t    <!-- module text -->\n<div  class=\"module module-text tb_ktsj852   \" data-lazy=\"1\">\n        <div  class=\"tb_text_wrap\">\n    <ul>\n<li>Her t\u00fcrl\u00fc \u0130nsans\u0131z Hava Ara\u00e7lar\u0131nda kullan\u0131labilir.<\/li>\n<\/ul>    <\/div>\n<\/div>\n<!-- \/module text -->\t        <\/div>\n\t    \t<\/div>\n\t\t    <\/div>\n\t    <!-- \/row_inner -->\n\t<\/div>\n\t<!-- \/module_row -->\n\t\t<!-- module_row -->\n\t<div  data-css_id=\"ch8u922\" data-lazy=\"1\" class=\"module_row themify_builder_row repeat fullwidth_row_container tb_ch8u922 tf_clearfix\" >\n\t    \t\t<div class=\"row_inner col_align_top col-count-2 tf_box tf_w tf_rel\">\n\t\t\t<div  data-lazy=\"1\" style=\"width: 29.32%\" class=\"module_column tb-column col4-1 first tb_uc6u925 tf_box\">\n\t\t\t    \t        <div class=\"tb-column-inner tf_box tf_w\">\n\t\t    <!-- module text -->\n<div  class=\"module module-text tb_z7fx772   \" data-lazy=\"1\">\n        <div  class=\"tb_text_wrap\">\n    <h3>K\u0130L\u0130T\u00a0<\/h3><h4>\u00d6ZELL\u0130KLER<\/h4>    <\/div>\n<\/div>\n<!-- \/module text --><!-- module divider -->\n<div  class=\"module tf_mw module-divider tb_yr2t592 solid  divider-custom divider-left\" style=\"border-width: 2px;border-color: #282561;width: 100px;\" data-lazy=\"1\">\n    <\/div>\n<!-- \/module divider -->\n\t        <\/div>\n\t    \t<\/div>\n\t\t<div  data-lazy=\"1\" style=\"width: 67.48%\" class=\"module_column tb-column col4-3 last tb_dn24927 tf_box\">\n\t\t\t    \t        <div class=\"tb-column-inner tf_box tf_w\">\n\t\t    <!-- module text -->\n<div  class=\"module module-text tb_tb2w390   \" data-lazy=\"1\">\n        <div  class=\"tb_text_wrap\">\n    <ul>\n<li>D\u00fc\u015f\u00fck G\u00fc\u00e7 T\u00fcketimi<\/li>\n<li>CAN-BUS Haberle\u015fme<\/li>\n<li>Aerodinamik Tasar\u0131m<\/li>\n<li>D\u00fc\u015f\u00fck A\u011f\u0131rl\u0131k<\/li>\n<\/ul>    <\/div>\n<\/div>\n<!-- \/module text -->\t        <\/div>\n\t    \t<\/div>\n\t\t    <\/div>\n\t    <!-- \/row_inner -->\n\t<\/div>\n\t<!-- \/module_row -->\n\t\t<!-- module_row -->\n\t<div  data-css_id=\"zjvb27\" data-lazy=\"1\" class=\"module_row themify_builder_row repeat fullwidth_row_container tb_zjvb27 tf_clearfix\" >\n\t    \t\t<div class=\"row_inner col_align_top col-count-2 tf_box tf_w tf_rel\">\n\t\t\t<div  data-lazy=\"1\" class=\"module_column tb-column col4-1 first tb_6vr430 tf_box\">\n\t\t\t    \t        <div class=\"tb-column-inner tf_box tf_w\">\n\t\t    <!-- module text -->\n<div  class=\"module module-text tb_lz9h378   \" data-lazy=\"1\">\n        <div  class=\"tb_text_wrap\">\n    <h4>BOYUTLAR<\/h4>    <\/div>\n<\/div>\n<!-- \/module text --><!-- module divider -->\n<div  class=\"module tf_mw module-divider tb_g7nm781 solid  divider-custom divider-left\" style=\"border-width: 2px;border-color: #282561;width: 100px;\" data-lazy=\"1\">\n    <\/div>\n<!-- \/module divider -->\n\t        <\/div>\n\t    \t<\/div>\n\t\t<div  data-lazy=\"1\" class=\"module_column tb-column col4-3 last tb_jjbf32 tf_box\">\n\t\t\t    \t        <div class=\"tb-column-inner tf_box tf_w\">\n\t\t    <!-- module image -->\n<div  class=\"module module-image tb_fai123   image-top tf_mw\" data-lazy=\"1\">\n        <div class=\"image-wrap tf_rel tf_mw\">\n\t\t    <img loading=\"lazy\" decoding=\"async\" src=\"http:\/\/www.z-sistem.com\/zs\/wp-content\/uploads\/2022\/03\/kanat_navigasyon_isildak_boyut.png\" width=\"187\" height=\"194\" title=\"Kanat Navigasyon I\u015f\u0131ldak\" alt=\"Kanat Navigasyon I\u015f\u0131ldak\">\t\n\t\t<\/div>\n\t<!-- \/image-wrap -->\n    \n    \t<\/div>\n<!-- \/module image -->\t        <\/div>\n\t    \t<\/div>\n\t\t    <\/div>\n\t    <!-- \/row_inner -->\n\t<\/div>\n\t<!-- \/module_row -->\n\t\t<!-- module_row -->\n\t<div  data-css_id=\"i8xq253\" data-lazy=\"1\" class=\"module_row themify_builder_row repeat fullwidth_row_container tb_i8xq253 tf_clearfix\" >\n\t    \t\t<div class=\"row_inner col_align_top col-count-2 tf_box tf_w tf_rel\">\n\t\t\t<div  data-lazy=\"1\" style=\"width: 25.68%\" class=\"module_column tb-column col4-1 first tb_xxfe254 tf_box\">\n\t\t\t    \t        <div class=\"tb-column-inner tf_box tf_w\">\n\t\t    <!-- module text -->\n<div  class=\"module module-text tb_iant402   \" data-lazy=\"1\">\n        <div  class=\"tb_text_wrap\">\n    <h4>\u00d6ZELL\u0130KLER<\/h4>    <\/div>\n<\/div>\n<!-- \/module text --><!-- module divider -->\n<div  class=\"module tf_mw module-divider tb_ckng869 solid  divider-custom divider-left\" style=\"border-width: 2px;border-color: #282561;width: 100px;\" data-lazy=\"1\">\n    <\/div>\n<!-- \/module divider -->\n\t        <\/div>\n\t    \t<\/div>\n\t\t<div  data-lazy=\"1\" style=\"width: 71.12%\" class=\"module_column tb-column col4-3 last tb_13jl255 tf_box\">\n\t\t\t    \t        <div class=\"tb-column-inner tf_box tf_w\">\n\t\t    <!-- module text -->\n<div  class=\"module module-text tb_fe79392   \" data-lazy=\"1\">\n        <div  class=\"tb_text_wrap\">\n    <p><!-- wp:table {\"className\":\"is-style-stripes\"} --><\/p>\n<figure class=\"wp-block-table is-style-stripes\">\n<table>\n<tbody>\n<tr>\n<td>Ebatlar<\/td>\n<td>32x100x29 mm<\/td>\n<\/tr>\n<tr>\n<td>A\u011f\u0131rl\u0131k<\/td>\n<td>46 gr<\/td>\n<\/tr>\n<tr>\n<td>Haberle\u015fme<\/td>\n<td>CanBus<\/td>\n<\/tr>\n<tr>\n<td>G\u00fc\u00e7<\/td>\n<td>12 V nominal 3W, anl\u0131k 15W<\/td>\n<\/tr>\n<tr>\n<td>\u00c7akma Frekans\u0131<\/td>\n<td>0.8 Hz<\/td>\n<\/tr>\n<\/tbody>\n<\/table>\n<h4 style=\"font-size: 12px;\">*\u0130nsanl\u0131 hava ara\u00e7lar\u0131 i\u00e7in uygun de\u011fildir.<br>*\u00dcretim esnas\u0131nda istenilen \u00e7akma frekans\u0131 ayarlanabilir.<\/h4>\n<\/figure>\n<p><!-- \/wp:table --><\/p>    <\/div>\n<\/div>\n<!-- \/module text -->\t        <\/div>\n\t    \t<\/div>\n\t\t    <\/div>\n\t    <!-- \/row_inner -->\n\t<\/div>\n\t<!-- \/module_row -->\n\t<\/div>\n<!--\/themify_builder_content-->","protected":false},"excerpt":{"rendered":"<p>KANAT NAV\u0130GASYON I\u015eILDAK GENEL TANIM \u0130nsans\u0131z Hava Ara\u00e7lar\u0131 i\u00e7in tasarlanm\u0131\u015f ak\u0131ll\u0131 Navigasyon I\u015f\u0131ldaklar\u0131 hava arac\u0131n\u0131n fark\u0131ndal\u0131\u011f\u0131n\u0131 art\u0131rmak ve seyir oryantasyonunu belirlemek i\u00e7in kullan\u0131lmaktad\u0131r. Sa\u011f ve sol olmak \u00fczere 2 adettir. Sa\u011f kanat i\u00e7in ye\u015fil, sol kanat i\u00e7in k\u0131rm\u0131z\u0131 renk \u0131\u015f\u0131ldak kullan\u0131l\u0131r. U\u00e7u\u015f s\u0131ras\u0131nda CAN-BUS \u00fczerinden a\u00e7\u0131l\u0131p kapat\u0131labilir. Farkl\u0131 \u00e7akar modunda \u00e7al\u0131\u015ft\u0131r\u0131labilir. UYGULAMA\u00a0 ALANLARI Her t\u00fcrl\u00fc [&hellip;]<\/p>\n","protected":false},"author":1,"featured_media":0,"parent":0,"menu_order":0,"comment_status":"closed","ping_status":"closed","template":"","meta":{"footnotes":""},"class_list":["post-889","page","type-page","status-publish","hentry","has-post-title","has-post-date","has-post-category","has-post-tag","has-post-comment","has-post-author",""],"builder_content":"<img src=\"http:\/\/www.z-sistem.com\/zs\/wp-content\/uploads\/2022\/03\/Kanat_Navigasyon_Isildak.png\" width=\"701\" height=\"305\" title=\"Kanat Navigasyon I\u015f\u0131ldak\" alt=\"Kanat Navigasyon I\u015f\u0131ldak\">\n<h4>KANAT NAV\u0130GASYON I\u015eILDAK<\/h4>\n\n<h3>GENEL<\/h3> <h4>TANIM<\/h4>\n\n<p>\u0130nsans\u0131z Hava Ara\u00e7lar\u0131 i\u00e7in tasarlanm\u0131\u015f ak\u0131ll\u0131 Navigasyon I\u015f\u0131ldaklar\u0131 hava arac\u0131n\u0131n fark\u0131ndal\u0131\u011f\u0131n\u0131 art\u0131rmak ve seyir oryantasyonunu belirlemek i\u00e7in kullan\u0131lmaktad\u0131r. Sa\u011f ve sol olmak \u00fczere 2 adettir. Sa\u011f kanat i\u00e7in ye\u015fil, sol kanat i\u00e7in k\u0131rm\u0131z\u0131 renk \u0131\u015f\u0131ldak kullan\u0131l\u0131r. U\u00e7u\u015f s\u0131ras\u0131nda CAN-BUS \u00fczerinden a\u00e7\u0131l\u0131p kapat\u0131labilir. Farkl\u0131 \u00e7akar modunda \u00e7al\u0131\u015ft\u0131r\u0131labilir.<\/p>\n<h3>UYGULAMA\u00a0<\/h3><h4>ALANLARI<\/h4>\n\n<ul> <li>Her t\u00fcrl\u00fc \u0130nsans\u0131z Hava Ara\u00e7lar\u0131nda kullan\u0131labilir.<\/li> <\/ul>\n<h3>K\u0130L\u0130T\u00a0<\/h3><h4>\u00d6ZELL\u0130KLER<\/h4>\n\n<ul> <li>D\u00fc\u015f\u00fck G\u00fc\u00e7 T\u00fcketimi<\/li> <li>CAN-BUS Haberle\u015fme<\/li> <li>Aerodinamik Tasar\u0131m<\/li> <li>D\u00fc\u015f\u00fck A\u011f\u0131rl\u0131k<\/li> <\/ul>\n<h4>BOYUTLAR<\/h4>\n\n<img src=\"http:\/\/www.z-sistem.com\/zs\/wp-content\/uploads\/2022\/03\/kanat_navigasyon_isildak_boyut.png\" width=\"187\" height=\"194\" title=\"Kanat Navigasyon I\u015f\u0131ldak\" alt=\"Kanat Navigasyon I\u015f\u0131ldak\">\n<h4>\u00d6ZELL\u0130KLER<\/h4>\n\n<p><\/p> <figure> <table> <tbody> <tr> <td>Ebatlar<\/td> <td>32x100x29 mm<\/td> <\/tr> <tr> <td>A\u011f\u0131rl\u0131k<\/td> <td>46 gr<\/td> <\/tr> <tr> <td>Haberle\u015fme<\/td> <td>CanBus<\/td> <\/tr> <tr> <td>G\u00fc\u00e7<\/td> <td>12 V nominal 3W, anl\u0131k 15W<\/td> <\/tr> <tr> <td>\u00c7akma Frekans\u0131<\/td> <td>0.8 Hz<\/td> <\/tr> <\/tbody> <\/table> <h4 style=\"font-size: 12px;\">*\u0130nsanl\u0131 hava ara\u00e7lar\u0131 i\u00e7in uygun de\u011fildir.<br>*\u00dcretim esnas\u0131nda istenilen \u00e7akma frekans\u0131 ayarlanabilir.<\/h4> <\/figure> <p><\/p>","_links":{"self":[{"href":"https:\/\/www.z-sistem.com\/zs\/wp-json\/wp\/v2\/pages\/889","targetHints":{"allow":["GET"]}}],"collection":[{"href":"https:\/\/www.z-sistem.com\/zs\/wp-json\/wp\/v2\/pages"}],"about":[{"href":"https:\/\/www.z-sistem.com\/zs\/wp-json\/wp\/v2\/types\/page"}],"author":[{"embeddable":true,"href":"https:\/\/www.z-sistem.com\/zs\/wp-json\/wp\/v2\/users\/1"}],"replies":[{"embeddable":true,"href":"https:\/\/www.z-sistem.com\/zs\/wp-json\/wp\/v2\/comments?post=889"}],"version-history":[{"count":35,"href":"https:\/\/www.z-sistem.com\/zs\/wp-json\/wp\/v2\/pages\/889\/revisions"}],"predecessor-version":[{"id":2349,"href":"https:\/\/www.z-sistem.com\/zs\/wp-json\/wp\/v2\/pages\/889\/revisions\/2349"}],"wp:attachment":[{"href":"https:\/\/www.z-sistem.com\/zs\/wp-json\/wp\/v2\/media?parent=889"}],"curies":[{"name":"wp","href":"https:\/\/api.w.org\/{rel}","templated":true}]}}