{"id":898,"date":"2022-03-24T09:14:04","date_gmt":"2022-03-24T09:14:04","guid":{"rendered":"https:\/\/www.z-sistem.com\/zs\/?page_id=898"},"modified":"2022-04-18T12:14:58","modified_gmt":"2022-04-18T12:14:58","slug":"starter","status":"publish","type":"page","link":"https:\/\/www.z-sistem.com\/zs\/starter\/","title":{"rendered":"Starter"},"content":{"rendered":"<!--themify_builder_content-->\n<div id=\"themify_builder_content-898\" data-postid=\"898\" class=\"themify_builder_content themify_builder_content-898 themify_builder tf_clear\">\n    \t<!-- module_row -->\n\t<div  data-lazy=\"1\" class=\"module_row themify_builder_row repeat tb_qydx405 tb_first tf_clearfix\" >\n\t    \t\t<div class=\"row_inner col_align_top col-count-1 tf_box tf_w tf_rel\">\n\t\t\t<div  data-lazy=\"1\" class=\"module_column tb-column col-full first tb_6nlb406 tf_box\">\n\t\t\t    \t<\/div>\n\t\t    <\/div>\n\t    <!-- \/row_inner -->\n\t<\/div>\n\t<!-- \/module_row -->\n\t\t<!-- module_row -->\n\t<div  data-lazy=\"1\" class=\"module_row themify_builder_row repeat tb_auo875 tf_clearfix\" >\n\t    \t\t<div class=\"row_inner col_align_top col-count-2 tf_box tf_w tf_rel\">\n\t\t\t<div  data-lazy=\"1\" class=\"module_column tb-column col2-1 first tb_6u5076 tf_box\">\n\t\t\t    \t        <div class=\"tb-column-inner tf_box tf_w\">\n\t\t    <!-- module image -->\n<div  class=\"module module-image tb_jxjs215   image-top tf_mw\" data-lazy=\"1\">\n        <div class=\"image-wrap tf_rel tf_mw\">\n\t\t    <img loading=\"lazy\" decoding=\"async\" src=\"http:\/\/www.z-sistem.com\/zs\/wp-content\/uploads\/2022\/03\/starter.png\" width=\"411\" height=\"268\" title=\"Starter\" alt=\"Starter\">\t\n\t\t<\/div>\n\t<!-- \/image-wrap -->\n    \n    \t<\/div>\n<!-- \/module image -->\t        <\/div>\n\t    \t<\/div>\n\t\t<div  data-lazy=\"1\" class=\"module_column tb-column col2-1 last tb_nvwj76 tf_box\">\n\t\t\t    \t        <div class=\"tb-column-inner tf_box tf_w\">\n\t\t    <!-- module text -->\n<div  class=\"module module-text tb_e6q1319   \" data-lazy=\"1\">\n        <div  class=\"tb_text_wrap\">\n    <h4>STARTER<\/h4>    <\/div>\n<\/div>\n<!-- \/module text --><!-- module divider -->\n<div  class=\"module tf_mw module-divider tb_ab9m796 solid  divider-custom divider-left\" style=\"border-width: 2px;border-color: #282561;width: 100px;\" data-lazy=\"1\">\n    <\/div>\n<!-- \/module divider -->\n\t        <\/div>\n\t    \t<\/div>\n\t\t    <\/div>\n\t    <!-- \/row_inner -->\n\t<\/div>\n\t<!-- \/module_row -->\n\t\t<!-- module_row -->\n\t<div  data-lazy=\"1\" class=\"module_row themify_builder_row repeat tb_d32j20 tf_clearfix\" >\n\t    \t\t<div class=\"row_inner col_align_top col-count-2 tf_box tf_w tf_rel\">\n\t\t\t<div  data-lazy=\"1\" style=\"width: 28.31%\" class=\"module_column tb-column col4-1 first tb_j8u621 tf_box\">\n\t\t\t    \t        <div class=\"tb-column-inner tf_box tf_w\">\n\t\t    <!-- module text -->\n<div  class=\"module module-text tb_r7j2694   \" data-lazy=\"1\">\n        <div  class=\"tb_text_wrap\">\n    <h3>GENEL<\/h3><h4>TANIM<\/h4>    <\/div>\n<\/div>\n<!-- \/module text --><!-- module divider -->\n<div  class=\"module tf_mw module-divider tb_1jik181 solid  divider-custom divider-left\" style=\"border-width: 2px;border-color: #282561;width: 100px;\" data-lazy=\"1\">\n    <\/div>\n<!-- \/module divider -->\n\t        <\/div>\n\t    \t<\/div>\n\t\t<div  data-lazy=\"1\" style=\"width: 68.49%\" class=\"module_column tb-column col4-3 last tb_1wtm21 tf_box\">\n\t\t\t    \t        <div class=\"tb-column-inner tf_box tf_w\">\n\t\t    <!-- module text -->\n<div  class=\"module module-text tb_i4qi654   \" data-lazy=\"1\">\n        <div  class=\"tb_text_wrap\">\n    <p>\u0130nsans\u0131z Hava Arac\u0131 \u00fczerinde bulunan ve dahili mar\u015f motoru olmayan, i\u00e7ten yanmal\u0131 motorlar\u0131 g\u00fcvenli ve s\u00fcratli bir bi\u00e7imde \u00e7al\u0131\u015ft\u0131rmak i\u00e7in kullan\u0131lmaktad\u0131r. 100 cc\u2019ye kadar olan benzinli veya nitrolu motorlar\u0131 \u00e7al\u0131\u015ft\u0131rmak i\u00e7in uygundur. Al\u00fcminyum malzemesinden \u00fcretilmi\u015ftir.<\/p>    <\/div>\n<\/div>\n<!-- \/module text -->\t        <\/div>\n\t    \t<\/div>\n\t\t    <\/div>\n\t    <!-- \/row_inner -->\n\t<\/div>\n\t<!-- \/module_row -->\n\t\t<!-- module_row -->\n\t<div  data-lazy=\"1\" class=\"module_row themify_builder_row repeat tb_yley94 tf_clearfix\" >\n\t    \t\t<div class=\"row_inner col_align_top col-count-2 tf_box tf_w tf_rel\">\n\t\t\t<div  data-lazy=\"1\" style=\"width: 26.79%\" class=\"module_column tb-column col4-1 first tb_gymd94 tf_box\">\n\t\t\t    \t        <div class=\"tb-column-inner tf_box tf_w\">\n\t\t    <!-- module text -->\n<div  class=\"module module-text tb_h02y239   \" data-lazy=\"1\">\n        <div  class=\"tb_text_wrap\">\n    <h3>UYGULAMA<\/h3><h4>ALANLARI<\/h4>    <\/div>\n<\/div>\n<!-- \/module text --><!-- module divider -->\n<div  class=\"module tf_mw module-divider tb_8jqc511 solid  divider-custom divider-left\" style=\"border-width: 2px;border-color: #282561;width: 100px;\" data-lazy=\"1\">\n    <\/div>\n<!-- \/module divider -->\n\t        <\/div>\n\t    \t<\/div>\n\t\t<div  data-lazy=\"1\" style=\"width: 70.01%\" class=\"module_column tb-column col4-3 last tb_rifg95 tf_box\">\n\t\t\t    \t        <div class=\"tb-column-inner tf_box tf_w\">\n\t\t    <!-- module text -->\n<div  class=\"module module-text tb_ky1h95   \" data-lazy=\"1\">\n        <div  class=\"tb_text_wrap\">\n    <p>100 cc\u2019ye kadar olan benzinli veya nitrolu motorlar<\/p>    <\/div>\n<\/div>\n<!-- \/module text -->\t        <\/div>\n\t    \t<\/div>\n\t\t    <\/div>\n\t    <!-- \/row_inner -->\n\t<\/div>\n\t<!-- \/module_row -->\n\t\t<!-- module_row -->\n\t<div  data-lazy=\"1\" class=\"module_row themify_builder_row repeat tb_nur6589 tf_clearfix\" >\n\t    \t\t<div class=\"row_inner col_align_top col-count-2 tf_box tf_w tf_rel\">\n\t\t\t<div  data-lazy=\"1\" style=\"width: 29.53%\" class=\"module_column tb-column col4-1 first tb_fkqy590 tf_box\">\n\t\t\t    \t        <div class=\"tb-column-inner tf_box tf_w\">\n\t\t    <!-- module text -->\n<div  class=\"module module-text tb_kocv728   \" data-lazy=\"1\">\n        <div  class=\"tb_text_wrap\">\n    <h3>K\u0130L\u0130T<\/h3><h4>\u00d6ZELL\u0130KLER<\/h4>    <\/div>\n<\/div>\n<!-- \/module text --><!-- module divider -->\n<div  class=\"module tf_mw module-divider tb_f6jd776 solid  divider-custom divider-left\" style=\"border-width: 2px;border-color: #282561;width: 100px;\" data-lazy=\"1\">\n    <\/div>\n<!-- \/module divider -->\n\t        <\/div>\n\t    \t<\/div>\n\t\t<div  data-lazy=\"1\" style=\"width: 67.27%\" class=\"module_column tb-column col4-3 last tb_dt3f591 tf_box\">\n\t\t\t    \t        <div class=\"tb-column-inner tf_box tf_w\">\n\t\t    <!-- module text -->\n<div  class=\"module module-text tb_0hjv399   \" data-lazy=\"1\">\n        <div  class=\"tb_text_wrap\">\n    <ul>\n<li>Kolay Kullan\u0131m<\/li>\n<li>Farkl\u0131 tip motorlarla uyumluluk<\/li>\n<li>H\u0131zl\u0131 s\u00f6k\u00fcl\u00fcp tak\u0131labilir portatif tasar\u0131m<\/li>\n<\/ul>    <\/div>\n<\/div>\n<!-- \/module text -->\t        <\/div>\n\t    \t<\/div>\n\t\t    <\/div>\n\t    <!-- \/row_inner -->\n\t<\/div>\n\t<!-- \/module_row -->\n\t\t<!-- module_row -->\n\t<div  data-lazy=\"1\" class=\"module_row themify_builder_row repeat tb_p8zg248 tf_clearfix\" >\n\t    \t\t<div class=\"row_inner col_align_top col-count-2 tf_box tf_w tf_rel\">\n\t\t\t<div  data-lazy=\"1\" style=\"width: 28.01%\" class=\"module_column tb-column col4-1 first tb_lni3249 tf_box\">\n\t\t\t    \t        <div class=\"tb-column-inner tf_box tf_w\">\n\t\t    <!-- module text -->\n<div  class=\"module module-text tb_vboa826  repeat \" data-lazy=\"1\">\n        <div  class=\"tb_text_wrap\">\n    <h3><span style=\"font-weight: 600; letter-spacing: 0.05em;\">BOYUTLAR<\/span><\/h3>    <\/div>\n<\/div>\n<!-- \/module text --><!-- module divider -->\n<div  class=\"module tf_mw module-divider tb_9g6g698 solid  divider-custom divider-left\" style=\"border-width: 2px;border-color: #282561;width: 100px;\" data-lazy=\"1\">\n    <\/div>\n<!-- \/module divider -->\n\t        <\/div>\n\t    \t<\/div>\n\t\t<div  data-lazy=\"1\" style=\"width: 68.79%\" class=\"module_column tb-column col4-3 last tb_j5m3249 tf_box\">\n\t\t\t    \t        <div class=\"tb-column-inner tf_box tf_w\">\n\t\t    <!-- module image -->\n<div  class=\"module module-image tb_uiku829   image-top tf_mw\" data-lazy=\"1\">\n        <div class=\"image-wrap tf_rel tf_mw\">\n\t\t    <img loading=\"lazy\" decoding=\"async\" src=\"http:\/\/www.z-sistem.com\/zs\/wp-content\/uploads\/2022\/03\/starter_boyut.png\" width=\"540\" height=\"294\" title=\"Starter\" alt=\"Starter\">\t\n\t\t<\/div>\n\t<!-- \/image-wrap -->\n    \n    \t<\/div>\n<!-- \/module image -->\t        <\/div>\n\t    \t<\/div>\n\t\t    <\/div>\n\t    <!-- \/row_inner -->\n\t<\/div>\n\t<!-- \/module_row -->\n\t\t<!-- module_row -->\n\t<div  data-lazy=\"1\" class=\"module_row themify_builder_row repeat tb_dabf895 tf_clearfix\" >\n\t    \t\t<div class=\"row_inner col_align_top col-count-2 tf_box tf_w tf_rel\">\n\t\t\t<div  data-lazy=\"1\" style=\"width: 27.7%\" class=\"module_column tb-column col4-1 first tb_oyos896 tf_box\">\n\t\t\t    \t        <div class=\"tb-column-inner tf_box tf_w\">\n\t\t    <!-- module text -->\n<div  class=\"module module-text tb_xgpq554   \" data-lazy=\"1\">\n        <div  class=\"tb_text_wrap\">\n    <h3 style=\"text-align: left;\"><span style=\"font-weight: 600; letter-spacing: 0.05em;\">\u00d6ZELL\u0130KLER<\/span><\/h3>    <\/div>\n<\/div>\n<!-- \/module text --><!-- module divider -->\n<div  class=\"module tf_mw module-divider tb_89f3913 solid  divider-custom divider-left\" style=\"border-width: 2px;border-color: #282561;width: 100px;\" data-lazy=\"1\">\n    <\/div>\n<!-- \/module divider -->\n\t        <\/div>\n\t    \t<\/div>\n\t\t<div  data-lazy=\"1\" style=\"width: 69.1%\" class=\"module_column tb-column col4-3 last tb_wphc896 tf_box\">\n\t\t\t    \t        <div class=\"tb-column-inner tf_box tf_w\">\n\t\t    <!-- module text -->\n<div  class=\"module module-text tb_0v3a441   \" data-lazy=\"1\">\n        <div  class=\"tb_text_wrap\">\n    <p><!-- wp:table {\"className\":\"is-style-stripes\"} --><\/p>\n<figure class=\"wp-block-table is-style-stripes\">\n<table>\n<tbody>\n<tr>\n<td>Ebatlar<\/td>\n<td>800 x 600 x 500 mm<\/td>\n<\/tr>\n<tr>\n<td>A\u011f\u0131rl\u0131k<\/td>\n<td>2.200 g<\/td>\n<\/tr>\n<tr>\n<td>Malzeme<\/td>\n<td>Al\u00fcminyum<\/td>\n<\/tr>\n<tr>\n<td>Dahili Batarya\u00a0<\/td>\n<td>11.1V 2800 mAh Lityum Polimer<\/td>\n<\/tr>\n<\/tbody>\n<\/table>\n<\/figure>\n<p><!-- \/wp:table --><\/p>    <\/div>\n<\/div>\n<!-- \/module text -->\t        <\/div>\n\t    \t<\/div>\n\t\t    <\/div>\n\t    <!-- \/row_inner -->\n\t<\/div>\n\t<!-- \/module_row -->\n\t<\/div>\n<!--\/themify_builder_content-->","protected":false},"excerpt":{"rendered":"<p>STARTER GENEL TANIM \u0130nsans\u0131z Hava Arac\u0131 \u00fczerinde bulunan ve dahili mar\u015f motoru olmayan, i\u00e7ten yanmal\u0131 motorlar\u0131 g\u00fcvenli ve s\u00fcratli bir bi\u00e7imde \u00e7al\u0131\u015ft\u0131rmak i\u00e7in kullan\u0131lmaktad\u0131r. 100 cc\u2019ye kadar olan benzinli veya nitrolu motorlar\u0131 \u00e7al\u0131\u015ft\u0131rmak i\u00e7in uygundur. Al\u00fcminyum malzemesinden \u00fcretilmi\u015ftir. UYGULAMA ALANLARI 100 cc\u2019ye kadar olan benzinli veya nitrolu motorlar K\u0130L\u0130T \u00d6ZELL\u0130KLER Kolay Kullan\u0131m Farkl\u0131 tip motorlarla [&hellip;]<\/p>\n","protected":false},"author":1,"featured_media":0,"parent":0,"menu_order":0,"comment_status":"closed","ping_status":"closed","template":"","meta":{"footnotes":""},"class_list":["post-898","page","type-page","status-publish","hentry","has-post-title","has-post-date","has-post-category","has-post-tag","has-post-comment","has-post-author",""],"builder_content":"<img src=\"http:\/\/www.z-sistem.com\/zs\/wp-content\/uploads\/2022\/03\/starter.png\" width=\"411\" height=\"268\" title=\"Starter\" alt=\"Starter\">\n<h4>STARTER<\/h4>\n\n<h3>GENEL<\/h3><h4>TANIM<\/h4>\n\n<p>\u0130nsans\u0131z Hava Arac\u0131 \u00fczerinde bulunan ve dahili mar\u015f motoru olmayan, i\u00e7ten yanmal\u0131 motorlar\u0131 g\u00fcvenli ve s\u00fcratli bir bi\u00e7imde \u00e7al\u0131\u015ft\u0131rmak i\u00e7in kullan\u0131lmaktad\u0131r. 100 cc\u2019ye kadar olan benzinli veya nitrolu motorlar\u0131 \u00e7al\u0131\u015ft\u0131rmak i\u00e7in uygundur. Al\u00fcminyum malzemesinden \u00fcretilmi\u015ftir.<\/p>\n<h3>UYGULAMA<\/h3><h4>ALANLARI<\/h4>\n\n<p>100 cc\u2019ye kadar olan benzinli veya nitrolu motorlar<\/p>\n<h3>K\u0130L\u0130T<\/h3><h4>\u00d6ZELL\u0130KLER<\/h4>\n\n<ul> <li>Kolay Kullan\u0131m<\/li> <li>Farkl\u0131 tip motorlarla uyumluluk<\/li> <li>H\u0131zl\u0131 s\u00f6k\u00fcl\u00fcp tak\u0131labilir portatif tasar\u0131m<\/li> <\/ul>\n<h3>BOYUTLAR<\/h3>\n\n<img src=\"http:\/\/www.z-sistem.com\/zs\/wp-content\/uploads\/2022\/03\/starter_boyut.png\" width=\"540\" height=\"294\" title=\"Starter\" alt=\"Starter\">\n<h3 style=\"text-align: left;\">\u00d6ZELL\u0130KLER<\/h3>\n\n<p><\/p> <figure> <table> <tbody> <tr> <td>Ebatlar<\/td> <td>800 x 600 x 500 mm<\/td> <\/tr> <tr> <td>A\u011f\u0131rl\u0131k<\/td> <td>2.200 g<\/td> <\/tr> <tr> <td>Malzeme<\/td> <td>Al\u00fcminyum<\/td> <\/tr> <tr> <td>Dahili Batarya\u00a0<\/td> <td>11.1V 2800 mAh Lityum Polimer<\/td> <\/tr> <\/tbody> <\/table> <\/figure> <p><\/p>","_links":{"self":[{"href":"https:\/\/www.z-sistem.com\/zs\/wp-json\/wp\/v2\/pages\/898","targetHints":{"allow":["GET"]}}],"collection":[{"href":"https:\/\/www.z-sistem.com\/zs\/wp-json\/wp\/v2\/pages"}],"about":[{"href":"https:\/\/www.z-sistem.com\/zs\/wp-json\/wp\/v2\/types\/page"}],"author":[{"embeddable":true,"href":"https:\/\/www.z-sistem.com\/zs\/wp-json\/wp\/v2\/users\/1"}],"replies":[{"embeddable":true,"href":"https:\/\/www.z-sistem.com\/zs\/wp-json\/wp\/v2\/comments?post=898"}],"version-history":[{"count":26,"href":"https:\/\/www.z-sistem.com\/zs\/wp-json\/wp\/v2\/pages\/898\/revisions"}],"predecessor-version":[{"id":2350,"href":"https:\/\/www.z-sistem.com\/zs\/wp-json\/wp\/v2\/pages\/898\/revisions\/2350"}],"wp:attachment":[{"href":"https:\/\/www.z-sistem.com\/zs\/wp-json\/wp\/v2\/media?parent=898"}],"curies":[{"name":"wp","href":"https:\/\/api.w.org\/{rel}","templated":true}]}}