{"id":933,"date":"2022-03-24T10:53:59","date_gmt":"2022-03-24T10:53:59","guid":{"rendered":"https:\/\/www.z-sistem.com\/zs\/?page_id=933"},"modified":"2022-04-04T10:39:34","modified_gmt":"2022-04-04T10:39:34","slug":"parasut-birakma-mekanizmasi","status":"publish","type":"page","link":"https:\/\/www.z-sistem.com\/zs\/parasut-birakma-mekanizmasi\/","title":{"rendered":"Para\u015f\u00fct B\u0131rakma Mekanizmas\u0131"},"content":{"rendered":"<p><\/p><!--themify_builder_content-->\n<div id=\"themify_builder_content-933\" data-postid=\"933\" class=\"themify_builder_content themify_builder_content-933 themify_builder tf_clear\">\n    \t<!-- module_row -->\n\t<div  data-lazy=\"1\" class=\"module_row themify_builder_row repeat tb_6rch514 tb_first tf_clearfix\" >\n\t    \t\t<div class=\"row_inner col_align_top col-count-1 tf_box tf_w tf_rel\">\n\t\t\t<div  data-lazy=\"1\" class=\"module_column tb-column col-full first tb_2mkh515 tf_box\">\n\t\t\t    \t<\/div>\n\t\t    <\/div>\n\t    <!-- \/row_inner -->\n\t<\/div>\n\t<!-- \/module_row -->\n\t\t<!-- module_row -->\n\t<div  data-lazy=\"1\" class=\"module_row themify_builder_row repeat tb_dxe220 tf_clearfix\" >\n\t    \t\t<div class=\"row_inner col_align_top col-count-2 tf_box tf_w tf_rel\">\n\t\t\t<div  data-lazy=\"1\" class=\"module_column tb-column col2-1 first tb_2g8m21 tf_box\">\n\t\t\t    \t        <div class=\"tb-column-inner tf_box tf_w\">\n\t\t    <!-- module image -->\n<div  class=\"module module-image tb_qbvb751   image-top tf_mw\" data-lazy=\"1\">\n        <div class=\"image-wrap tf_rel tf_mw\">\n\t\t    <img loading=\"lazy\" decoding=\"async\" src=\"http:\/\/www.z-sistem.com\/zs\/wp-content\/uploads\/2022\/03\/parasutbirakmamekanizma.png\" width=\"718\" height=\"280\" title=\"Para\u015f\u00fct B\u0131rakma Mekanizmas\u0131\" alt=\"Para\u015f\u00fct B\u0131rakma Mekanizmas\u0131\">\t\n\t\t<\/div>\n\t<!-- \/image-wrap -->\n    \n    \t<\/div>\n<!-- \/module image -->\t        <\/div>\n\t    \t<\/div>\n\t\t<div  data-lazy=\"1\" class=\"module_column tb-column col2-1 last tb_p2ha21 tf_box\">\n\t\t\t    \t        <div class=\"tb-column-inner tf_box tf_w\">\n\t\t    <!-- module text -->\n<div  class=\"module module-text tb_737r550   \" data-lazy=\"1\">\n        <div  class=\"tb_text_wrap\">\n    <h4>PARA\u015e\u00dcT BIRAKMA MEKAN\u0130ZMASI<\/h4>    <\/div>\n<\/div>\n<!-- \/module text --><!-- module divider -->\n<div  class=\"module tf_mw module-divider tb_63og825 solid  divider-custom divider-left\" style=\"border-width: 2px;border-color: #282561;width: 100px;\" data-lazy=\"1\">\n    <\/div>\n<!-- \/module divider -->\n<!-- module text -->\n<div  class=\"module module-text tb_jvrx110   \" data-lazy=\"1\">\n        <div  class=\"tb_text_wrap\">\n    <h6>\u00a0<\/h6>    <\/div>\n<\/div>\n<!-- \/module text -->\t        <\/div>\n\t    \t<\/div>\n\t\t    <\/div>\n\t    <!-- \/row_inner -->\n\t<\/div>\n\t<!-- \/module_row -->\n\t\t<!-- module_row -->\n\t<div  data-lazy=\"1\" class=\"module_row themify_builder_row repeat tb_crb1550 tf_clearfix\" >\n\t    \t\t<div class=\"row_inner col_align_top col-count-2 tf_box tf_w tf_rel\">\n\t\t\t<div  data-lazy=\"1\" class=\"module_column tb-column col4-1 first tb_zmlh551 tf_box\">\n\t\t\t    \t        <div class=\"tb-column-inner tf_box tf_w\">\n\t\t    <!-- module text -->\n<div  class=\"module module-text tb_mb9n376   \" data-lazy=\"1\">\n        <div  class=\"tb_text_wrap\">\n    <h3>GENEL<\/h3><h4>TANIM<\/h4>    <\/div>\n<\/div>\n<!-- \/module text --><!-- module divider -->\n<div  class=\"module tf_mw module-divider tb_bjv1655 solid  divider-custom divider-left\" style=\"border-width: 2px;border-color: #282561;width: 100px;\" data-lazy=\"1\">\n    <\/div>\n<!-- \/module divider -->\n\t        <\/div>\n\t    \t<\/div>\n\t\t<div  data-lazy=\"1\" class=\"module_column tb-column col4-3 last tb_wfk1508 tf_box\">\n\t\t\t    \t        <div class=\"tb-column-inner tf_box tf_w\">\n\t\t    <!-- module text -->\n<div  class=\"module module-text tb_xhh0995   \" data-lazy=\"1\">\n        <div  class=\"tb_text_wrap\">\n    <p><span style=\"color: #2e2e2e;\">\u0130nsans\u0131z Hava Ara\u00e7lar\u0131n\u0131n ve di\u011fer ekipmanlar\u0131n para\u015f\u00fctle yapt\u0131klar\u0131 ini\u015flerde en b\u00fcy\u00fck sorun ini\u015ften sonra r\u00fczg\u00e2r\u0131n para\u015f\u00fct\u00fc s\u00fcr\u00fcklemesi sonucu hava arac\u0131n\u0131n b\u00fcy\u00fck zarar g\u00f6rmesidir. Para\u015f\u00fct b\u0131rakma sistemi ise, para\u015f\u00fct\u00fcn yere temas etti\u011fi anda para\u015f\u00fct ile hava arac\u0131 aras\u0131ndaki ba\u011flant\u0131y\u0131 keserek hasarlar\u0131n \u00f6n\u00fcne ge\u00e7er. \u00d6zg\u00fcn imk\u00e2n ve kabiliyetlerle tasarlan\u0131p geli\u015ftirilmi\u015f para\u015f\u00fct b\u0131rakma sistemi, \u00f6zellikle ini\u015f sistemi para\u015f\u00fct olan \u0130HA\u2019larda uzun s\u00fcre kullan\u0131larak g\u00fcvenilirli\u011fini kan\u0131tlam\u0131\u015ft\u0131r. Bak\u0131m gerektirmez, tekrar kullan\u0131labilir.<br>*Para\u015f\u00fct B\u0131rakma Mekanizmas\u0131n\u0131n maksimum at\u0131\u015f say\u0131s\u0131 kullan\u0131lacak u\u00e7ak \u00f6zelliklerine g\u00f6re<\/span> <span style=\"color: #2e2e2e;\">de\u011fi\u015fkenlik g\u00f6stermektedir.<\/span><\/p>    <\/div>\n<\/div>\n<!-- \/module text -->\t        <\/div>\n\t    \t<\/div>\n\t\t    <\/div>\n\t    <!-- \/row_inner -->\n\t<\/div>\n\t<!-- \/module_row -->\n\t\t<!-- module_row -->\n\t<div  data-lazy=\"1\" class=\"module_row themify_builder_row repeat tb_zav6416 tf_clearfix\" >\n\t    \t\t<div class=\"row_inner col_align_top col-count-2 tf_box tf_w tf_rel\">\n\t\t\t<div  data-lazy=\"1\" style=\"width: 25.98%\" class=\"module_column tb-column col4-1 first tb_v0mr417 tf_box\">\n\t\t\t    \t        <div class=\"tb-column-inner tf_box tf_w\">\n\t\t    <!-- module text -->\n<div  class=\"module module-text tb_lrwc112   \" data-lazy=\"1\">\n        <div  class=\"tb_text_wrap\">\n    <h3>UYGULAMA<\/h3><h4>ALANLARI<\/h4>    <\/div>\n<\/div>\n<!-- \/module text --><!-- module divider -->\n<div  class=\"module tf_mw module-divider tb_50tr57 solid  divider-custom divider-left\" style=\"border-width: 2px;border-color: #282561;width: 100px;\" data-lazy=\"1\">\n    <\/div>\n<!-- \/module divider -->\n\t        <\/div>\n\t    \t<\/div>\n\t\t<div  data-lazy=\"1\" style=\"width: 70.82%\" class=\"module_column tb-column col4-3 last tb_y55b417 tf_box\">\n\t\t\t    \t        <div class=\"tb-column-inner tf_box tf_w\">\n\t\t    <!-- module text -->\n<div  class=\"module module-text tb_pld3360   \" data-lazy=\"1\">\n        <div  class=\"tb_text_wrap\">\n    <ul>\n<li><span style=\"color: #2e2e2e;\">\u0130nsans\u0131z Hava Ara\u00e7lar\u0131 Para\u015f\u00fctle \u0130ni\u015f Sistemi<\/span><\/li>\n<\/ul>    <\/div>\n<\/div>\n<!-- \/module text -->\t        <\/div>\n\t    \t<\/div>\n\t\t    <\/div>\n\t    <!-- \/row_inner -->\n\t<\/div>\n\t<!-- \/module_row -->\n\t\t<!-- module_row -->\n\t<div  data-lazy=\"1\" class=\"module_row themify_builder_row repeat tb_omjx991 tf_clearfix\" >\n\t    \t\t<div class=\"row_inner col_align_top col-count-2 tf_box tf_w tf_rel\">\n\t\t\t<div  data-lazy=\"1\" style=\"width: 26.89%\" class=\"module_column tb-column col4-1 first tb_r21y992 tf_box\">\n\t\t\t    \t        <div class=\"tb-column-inner tf_box tf_w\">\n\t\t    <!-- module text -->\n<div  class=\"module module-text tb_njft633   \" data-lazy=\"1\">\n        <div  class=\"tb_text_wrap\">\n    <h3>K\u0130L\u0130T<\/h3><h4>\u00d6ZELL\u0130KLER<\/h4>    <\/div>\n<\/div>\n<!-- \/module text --><!-- module divider -->\n<div  class=\"module tf_mw module-divider tb_gvef721 solid  divider-custom divider-left\" style=\"border-width: 2px;border-color: #282561;width: 100px;\" data-lazy=\"1\">\n    <\/div>\n<!-- \/module divider -->\n\t        <\/div>\n\t    \t<\/div>\n\t\t<div  data-lazy=\"1\" style=\"width: 69.91%\" class=\"module_column tb-column col4-3 last tb_loab993 tf_box\">\n\t\t\t    \t        <div class=\"tb-column-inner tf_box tf_w\">\n\t\t    <!-- module text -->\n<div  class=\"module module-text tb_my2e787   \" data-lazy=\"1\">\n        <div  class=\"tb_text_wrap\">\n    <ul>\n<li><span style=\"color: #2e2e2e;\">Tamamen Mekanik Tasar\u0131m<\/span><\/li>\n<li><span style=\"color: #2e2e2e;\">Y\u00fcksek Dayan\u0131m<\/span><\/li>\n<li><span style=\"color: #2e2e2e;\">Kolay Kurulum<\/span><\/li>\n<li><span style=\"color: #2e2e2e;\">Tekrar Kullan\u0131m \u00d6zelli\u011fi<\/span><\/li>\n<\/ul>    <\/div>\n<\/div>\n<!-- \/module text -->\t        <\/div>\n\t    \t<\/div>\n\t\t    <\/div>\n\t    <!-- \/row_inner -->\n\t<\/div>\n\t<!-- \/module_row -->\n\t\t<!-- module_row -->\n\t<div  data-lazy=\"1\" class=\"module_row themify_builder_row repeat tb_ticw841 tf_clearfix\" >\n\t    \t\t<div class=\"row_inner col_align_top col-count-2 tf_box tf_w tf_rel\">\n\t\t\t<div  data-lazy=\"1\" style=\"width: 24.9%\" class=\"module_column tb-column col4-1 first tb_tqam842 tf_box\">\n\t\t\t    \t        <div class=\"tb-column-inner tf_box tf_w\">\n\t\t    <!-- module text -->\n<div  class=\"module module-text tb_2f64930   \" data-lazy=\"1\">\n        <div  class=\"tb_text_wrap\">\n    <h3><span style=\"font-weight: 600; letter-spacing: 0.05em;\">BOYUTLAR<\/span><\/h3>    <\/div>\n<\/div>\n<!-- \/module text --><!-- module divider -->\n<div  class=\"module tf_mw module-divider tb_bcrj27 solid  divider-custom divider-left\" style=\"border-width: 2px;border-color: #282561;width: 100px;\" data-lazy=\"1\">\n    <\/div>\n<!-- \/module divider -->\n\t        <\/div>\n\t    \t<\/div>\n\t\t<div  data-lazy=\"1\" style=\"width: 71.9%\" class=\"module_column tb-column col4-3 last tb_phze842 tf_box\">\n\t\t\t    \t        <div class=\"tb-column-inner tf_box tf_w\">\n\t\t    <!-- module image -->\n<div  class=\"module module-image tb_nyug124   image-top tf_mw\" data-lazy=\"1\">\n        <div class=\"image-wrap tf_rel tf_mw\">\n\t\t    <img loading=\"lazy\" decoding=\"async\" src=\"http:\/\/www.z-sistem.com\/zs\/wp-content\/uploads\/2022\/03\/parasut_birakma_mekanizmasi_boyut.png\" width=\"575\" height=\"396\" title=\"Para\u015f\u00fct B\u0131rakma Mekanizmas\u0131\" alt=\"Para\u015f\u00fct B\u0131rakma Mekanizmas\u0131\">\t\n\t\t<\/div>\n\t<!-- \/image-wrap -->\n    \n    \t<\/div>\n<!-- \/module image -->\t        <\/div>\n\t    \t<\/div>\n\t\t    <\/div>\n\t    <!-- \/row_inner -->\n\t<\/div>\n\t<!-- \/module_row -->\n\t\t<!-- module_row -->\n\t<div  data-lazy=\"1\" class=\"module_row themify_builder_row repeat tb_hj4h185 tf_clearfix\" >\n\t    \t\t<div class=\"row_inner col_align_top col-count-2 tf_box tf_w tf_rel\">\n\t\t\t<div  data-lazy=\"1\" style=\"width: 26.18%\" class=\"module_column tb-column col4-1 first tb_gjny186 tf_box\">\n\t\t\t    \t        <div class=\"tb-column-inner tf_box tf_w\">\n\t\t    <!-- module text -->\n<div  class=\"module module-text tb_usi8299   \" data-lazy=\"1\">\n        <div  class=\"tb_text_wrap\">\n    <h3 style=\"text-align: left;\"><span style=\"font-weight: 600; letter-spacing: 0.05em;\">\u00d6ZELL\u0130KLER<\/span><\/h3>    <\/div>\n<\/div>\n<!-- \/module text --><!-- module divider -->\n<div  class=\"module tf_mw module-divider tb_z8c4211 solid  divider-custom divider-left\" style=\"border-width: 2px;border-color: #282561;width: 100px;\" data-lazy=\"1\">\n    <\/div>\n<!-- \/module divider -->\n\t        <\/div>\n\t    \t<\/div>\n\t\t<div  data-lazy=\"1\" style=\"width: 70.62%\" class=\"module_column tb-column col4-3 last tb_vqmg187 tf_box\">\n\t\t\t    \t        <div class=\"tb-column-inner tf_box tf_w\">\n\t\t    <!-- module text -->\n<div  class=\"module module-text tb_1qy967   \" data-lazy=\"1\">\n        <div  class=\"tb_text_wrap\">\n    <p><!-- wp:table {\"className\":\"is-style-stripes\"} --><\/p>\n<figure class=\"wp-block-table is-style-stripes\">\n<table>\n<tbody>\n<tr>\n<td><span style=\"color: #000000;\">G\u00f6vde Yap\u0131s\u0131<\/span><\/td>\n<td><span style=\"color: #000000;\">\u00d834,5; boy 141,5 mm<\/span><\/td>\n<\/tr>\n<tr>\n<td><span style=\"color: #000000;\">A\u011f\u0131rl\u0131k<\/span><\/td>\n<td><span style=\"color: #000000;\">250 gr<\/span><\/td>\n<\/tr>\n<tr>\n<td><span style=\"color: #000000;\">Ta\u015f\u0131ma Kapasitesi<\/span><\/td>\n<td><span style=\"color: #000000;\">30-70 kg\u00a0<\/span><\/td>\n<\/tr>\n<tr>\n<td><span style=\"color: #000000;\">U\u00e7u\u015f H\u0131z\u0131<\/span><\/td>\n<td><span style=\"color: #000000;\">&lt;150 kn<\/span><\/td>\n<\/tr>\n<tr>\n<td><span style=\"color: #000000;\">\u00c7al\u0131\u015fma S\u0131cakl\u0131\u011f\u0131<\/span><\/td>\n<td><span style=\"color: #000000;\">-20\u00b0C +60\u00b0C<\/span><\/td>\n<\/tr>\n<tr>\n<td><span style=\"color: #000000;\">Bile\u015fenler<\/span><\/td>\n<td><span style=\"color: #000000;\">1 x Par-B\u0131rak mekanizmas\u0131, <br>2 x \u00c7elik karabina, 1 x Kurma aparat\u0131<\/span><\/td>\n<\/tr>\n<\/tbody>\n<\/table>\n<\/figure>\n<p><!-- \/wp:table --><\/p>    <\/div>\n<\/div>\n<!-- \/module text -->\t        <\/div>\n\t    \t<\/div>\n\t\t    <\/div>\n\t    <!-- \/row_inner -->\n\t<\/div>\n\t<!-- \/module_row -->\n\t<\/div>\n<!--\/themify_builder_content-->","protected":false},"excerpt":{"rendered":"<p>PARA\u015e\u00dcT BIRAKMA MEKAN\u0130ZMASI \u00a0 GENEL TANIM \u0130nsans\u0131z Hava Ara\u00e7lar\u0131n\u0131n ve di\u011fer ekipmanlar\u0131n para\u015f\u00fctle yapt\u0131klar\u0131 ini\u015flerde en b\u00fcy\u00fck sorun ini\u015ften sonra r\u00fczg\u00e2r\u0131n para\u015f\u00fct\u00fc s\u00fcr\u00fcklemesi sonucu hava arac\u0131n\u0131n b\u00fcy\u00fck zarar g\u00f6rmesidir. Para\u015f\u00fct b\u0131rakma sistemi ise, para\u015f\u00fct\u00fcn yere temas etti\u011fi anda para\u015f\u00fct ile hava arac\u0131 aras\u0131ndaki ba\u011flant\u0131y\u0131 keserek hasarlar\u0131n \u00f6n\u00fcne ge\u00e7er. \u00d6zg\u00fcn imk\u00e2n ve kabiliyetlerle tasarlan\u0131p geli\u015ftirilmi\u015f para\u015f\u00fct [&hellip;]<\/p>\n","protected":false},"author":1,"featured_media":0,"parent":0,"menu_order":0,"comment_status":"closed","ping_status":"closed","template":"","meta":{"footnotes":""},"class_list":["post-933","page","type-page","status-publish","hentry","has-post-title","has-post-date","has-post-category","has-post-tag","has-post-comment","has-post-author",""],"builder_content":"<img src=\"http:\/\/www.z-sistem.com\/zs\/wp-content\/uploads\/2022\/03\/parasutbirakmamekanizma.png\" width=\"718\" height=\"280\" title=\"Para\u015f\u00fct B\u0131rakma Mekanizmas\u0131\" alt=\"Para\u015f\u00fct B\u0131rakma Mekanizmas\u0131\">\n<h4>PARA\u015e\u00dcT BIRAKMA MEKAN\u0130ZMASI<\/h4>\n\n<h6>\u00a0<\/h6>\n<h3>GENEL<\/h3><h4>TANIM<\/h4>\n\n<p>\u0130nsans\u0131z Hava Ara\u00e7lar\u0131n\u0131n ve di\u011fer ekipmanlar\u0131n para\u015f\u00fctle yapt\u0131klar\u0131 ini\u015flerde en b\u00fcy\u00fck sorun ini\u015ften sonra r\u00fczg\u00e2r\u0131n para\u015f\u00fct\u00fc s\u00fcr\u00fcklemesi sonucu hava arac\u0131n\u0131n b\u00fcy\u00fck zarar g\u00f6rmesidir. Para\u015f\u00fct b\u0131rakma sistemi ise, para\u015f\u00fct\u00fcn yere temas etti\u011fi anda para\u015f\u00fct ile hava arac\u0131 aras\u0131ndaki ba\u011flant\u0131y\u0131 keserek hasarlar\u0131n \u00f6n\u00fcne ge\u00e7er. \u00d6zg\u00fcn imk\u00e2n ve kabiliyetlerle tasarlan\u0131p geli\u015ftirilmi\u015f para\u015f\u00fct b\u0131rakma sistemi, \u00f6zellikle ini\u015f sistemi para\u015f\u00fct olan \u0130HA\u2019larda uzun s\u00fcre kullan\u0131larak g\u00fcvenilirli\u011fini kan\u0131tlam\u0131\u015ft\u0131r. Bak\u0131m gerektirmez, tekrar kullan\u0131labilir.<br>*Para\u015f\u00fct B\u0131rakma Mekanizmas\u0131n\u0131n maksimum at\u0131\u015f say\u0131s\u0131 kullan\u0131lacak u\u00e7ak \u00f6zelliklerine g\u00f6re de\u011fi\u015fkenlik g\u00f6stermektedir.<\/p>\n<h3>UYGULAMA<\/h3><h4>ALANLARI<\/h4>\n\n<ul> <li>\u0130nsans\u0131z Hava Ara\u00e7lar\u0131 Para\u015f\u00fctle \u0130ni\u015f Sistemi<\/li> <\/ul>\n<h3>K\u0130L\u0130T<\/h3><h4>\u00d6ZELL\u0130KLER<\/h4>\n\n<ul> <li>Tamamen Mekanik Tasar\u0131m<\/li> <li>Y\u00fcksek Dayan\u0131m<\/li> <li>Kolay Kurulum<\/li> <li>Tekrar Kullan\u0131m \u00d6zelli\u011fi<\/li> <\/ul>\n<h3>BOYUTLAR<\/h3>\n\n<img src=\"http:\/\/www.z-sistem.com\/zs\/wp-content\/uploads\/2022\/03\/parasut_birakma_mekanizmasi_boyut.png\" width=\"575\" height=\"396\" title=\"Para\u015f\u00fct B\u0131rakma Mekanizmas\u0131\" alt=\"Para\u015f\u00fct B\u0131rakma Mekanizmas\u0131\">\n<h3 style=\"text-align: left;\">\u00d6ZELL\u0130KLER<\/h3>\n\n<p><\/p> <figure> <table> <tbody> <tr> <td>G\u00f6vde Yap\u0131s\u0131<\/td> <td>\u00d834,5; boy 141,5 mm<\/td> <\/tr> <tr> <td>A\u011f\u0131rl\u0131k<\/td> <td>250 gr<\/td> <\/tr> <tr> <td>Ta\u015f\u0131ma Kapasitesi<\/td> <td>30-70 kg\u00a0<\/td> <\/tr> <tr> <td>U\u00e7u\u015f H\u0131z\u0131<\/td> <td>&lt;150 kn<\/td> <\/tr> <tr> <td>\u00c7al\u0131\u015fma S\u0131cakl\u0131\u011f\u0131<\/td> <td>-20\u00b0C +60\u00b0C<\/td> <\/tr> <tr> <td>Bile\u015fenler<\/td> <td>1 x Par-B\u0131rak mekanizmas\u0131, <br>2 x \u00c7elik karabina, 1 x Kurma aparat\u0131<\/td> <\/tr> <\/tbody> <\/table> <\/figure> <p><\/p>","_links":{"self":[{"href":"https:\/\/www.z-sistem.com\/zs\/wp-json\/wp\/v2\/pages\/933","targetHints":{"allow":["GET"]}}],"collection":[{"href":"https:\/\/www.z-sistem.com\/zs\/wp-json\/wp\/v2\/pages"}],"about":[{"href":"https:\/\/www.z-sistem.com\/zs\/wp-json\/wp\/v2\/types\/page"}],"author":[{"embeddable":true,"href":"https:\/\/www.z-sistem.com\/zs\/wp-json\/wp\/v2\/users\/1"}],"replies":[{"embeddable":true,"href":"https:\/\/www.z-sistem.com\/zs\/wp-json\/wp\/v2\/comments?post=933"}],"version-history":[{"count":20,"href":"https:\/\/www.z-sistem.com\/zs\/wp-json\/wp\/v2\/pages\/933\/revisions"}],"predecessor-version":[{"id":2290,"href":"https:\/\/www.z-sistem.com\/zs\/wp-json\/wp\/v2\/pages\/933\/revisions\/2290"}],"wp:attachment":[{"href":"https:\/\/www.z-sistem.com\/zs\/wp-json\/wp\/v2\/media?parent=933"}],"curies":[{"name":"wp","href":"https:\/\/api.w.org\/{rel}","templated":true}]}}